{"id":623,"date":"2020-04-20T05:50:48","date_gmt":"2020-04-20T03:50:48","guid":{"rendered":"http:\/\/geopark-hblo.de\/?page_id=623"},"modified":"2024-11-06T13:15:04","modified_gmt":"2024-11-06T12:15:04","slug":"impressao","status":"publish","type":"page","link":"https:\/\/geopark-hblo.de\/pt\/impressao\/","title":{"rendered":"Impress\u00e3o"},"content":{"rendered":"<div data-elementor-type=\"wp-page\" data-elementor-id=\"623\" class=\"elementor elementor-623\" data-elementor-post-type=\"page\">\n\t\t\t\t\t\t<section class=\"elementor-section elementor-top-section elementor-element elementor-element-7ef96c9 elementor-section-boxed elementor-section-height-default elementor-section-height-default\" data-id=\"7ef96c9\" data-element_type=\"section\">\n\t\t\t\t\t\t<div class=\"elementor-container elementor-column-gap-default\">\n\t\t\t\t\t<div class=\"elementor-column elementor-col-100 elementor-top-column elementor-element elementor-element-16157add\" data-id=\"16157add\" data-element_type=\"column\">\n\t\t\t<div class=\"elementor-widget-wrap elementor-element-populated\">\n\t\t\t\t\t\t<section class=\"elementor-section elementor-inner-section elementor-element elementor-element-46dbf06c elementor-section-boxed elementor-section-height-default elementor-section-height-default\" data-id=\"46dbf06c\" data-element_type=\"section\">\n\t\t\t\t\t\t<div class=\"elementor-container elementor-column-gap-default\">\n\t\t\t\t\t<div class=\"elementor-column elementor-col-100 elementor-inner-column elementor-element elementor-element-7f0eaa48\" data-id=\"7f0eaa48\" data-element_type=\"column\">\n\t\t\t<div class=\"elementor-widget-wrap elementor-element-populated\">\n\t\t\t\t\t\t<div class=\"elementor-element elementor-element-d983cc1 elementor-widget elementor-widget-heading\" data-id=\"d983cc1\" data-element_type=\"widget\" data-widget_type=\"heading.default\">\n\t\t\t\t<div class=\"elementor-widget-container\">\n\t\t\t\t\t<h1 class=\"elementor-heading-title elementor-size-default\">Impress\u00e3o<\/h1>\t\t\t\t<\/div>\n\t\t\t\t<\/div>\n\t\t\t\t<div class=\"elementor-element elementor-element-3905b363 elementor-widget-divider--view-line elementor-widget elementor-widget-divider\" data-id=\"3905b363\" data-element_type=\"widget\" data-widget_type=\"divider.default\">\n\t\t\t\t<div class=\"elementor-widget-container\">\n\t\t\t\t\t\t\t<div class=\"elementor-divider\">\n\t\t\t<span class=\"elementor-divider-separator\">\n\t\t\t\t\t\t<\/span>\n\t\t<\/div>\n\t\t\t\t\t\t<\/div>\n\t\t\t\t<\/div>\n\t\t\t\t<div class=\"elementor-element elementor-element-3720d460 elementor-widget elementor-widget-text-editor\" data-id=\"3720d460\" data-element_type=\"widget\" data-widget_type=\"text-editor.default\">\n\t\t\t\t<div class=\"elementor-widget-container\">\n\t\t\t\t\t\t\t\t\t<p class=\"font_8\">Associa\u00e7\u00e3o do Geoparque Braunschweiger Land - Ostfalen\u00a0<\/p><p class=\"font_8\">Niedernhof 6, 38154 K\u00f6nigslutter am Elm<\/p><p class=\"font_8\">Telefone: +49 (0) 5353 3003<\/p><p class=\"font_8\">eMail:\u00a0<a href=\"mailto:info@geopark-hblo.de\" target=\"_blank\" rel=\"noopener\">info@geopark-hblo.de<\/a><\/p><p class=\"font_8\">Internet:\u00a0<a href=\"https:\/\/geopark-hblo.de\/pt\/\">www.geopark-hblo.de<\/a><\/p><p class=\"font_8\">Representantes autorizados: Christiana Steinbr\u00fcgge (administradora do distrito de Wolfenb\u00fcttel), Gerhard Radeck (administrador do distrito de Helmstedt)<\/p><p class=\"font_8\">Tribunal de registo: Tribunal local de Braunschweig<\/p><p class=\"font_8\">N\u00famero de registo: 201443<\/p><p>\u00a0<\/p><p>\u00a0<\/p><p class=\"font_8\"><span style=\"text-decoration: underline;\"><strong><span style=\"color: rgba(0, 0, 0, 0.85); font-family: var( --e-global-typography-text-font-family ), Sans-serif; font-size: 1.5rem; text-decoration: underline;\">Declara\u00e7\u00e3o de exonera\u00e7\u00e3o de responsabilidade - informa\u00e7\u00f5es jur\u00eddicas<\/span><\/strong><\/span><\/p><p class=\"font_8\">\u00a7 1 Limita\u00e7\u00e3o da responsabilidade<br \/>O conte\u00fado deste s\u00edtio Web foi criado com o maior cuidado poss\u00edvel. No entanto, o fornecedor n\u00e3o se responsabiliza pela exatid\u00e3o, integridade e atualidade do conte\u00fado fornecido. A utiliza\u00e7\u00e3o dos conte\u00fados do s\u00edtio Web \u00e9 feita por conta e risco do utilizador. As contribui\u00e7\u00f5es identificadas pelo nome reflectem a opini\u00e3o do respetivo autor e nem sempre a opini\u00e3o do fornecedor. A simples utiliza\u00e7\u00e3o do s\u00edtio Web do prestador n\u00e3o cria qualquer rela\u00e7\u00e3o contratual entre o utilizador e o prestador.\u00a0<\/p><p>\u00a7 2 Liga\u00e7\u00f5es externas<br \/>Este s\u00edtio Web cont\u00e9m liga\u00e7\u00f5es a s\u00edtios Web de terceiros (\"liga\u00e7\u00f5es externas\"). Estes s\u00edtios Web est\u00e3o sujeitos \u00e0 responsabilidade dos respectivos operadores. Aquando da cria\u00e7\u00e3o das liga\u00e7\u00f5es externas, o fornecedor verificou a exist\u00eancia de infrac\u00e7\u00f5es legais nos conte\u00fados de terceiros. Nessa altura, n\u00e3o foram detectadas quaisquer infrac\u00e7\u00f5es legais. O fornecedor n\u00e3o tem qualquer influ\u00eancia sobre a conce\u00e7\u00e3o e os conte\u00fados actuais e futuros das p\u00e1ginas ligadas. A inclus\u00e3o de links externos n\u00e3o significa que o fornecedor adopte como seu o conte\u00fado subjacente \u00e0 refer\u00eancia ou ao link. N\u00e3o \u00e9 razo\u00e1vel esperar que o fornecedor monitorize constantemente os links externos sem provas concretas de viola\u00e7\u00f5es legais. No entanto, essas liga\u00e7\u00f5es externas ser\u00e3o imediatamente eliminadas se tivermos conhecimento de quaisquer viola\u00e7\u00f5es da lei.\u00a0<\/p><p>\u00a7 3 Direitos de autor e direitos conexos<br \/>Os conte\u00fados publicados neste s\u00edtio Web est\u00e3o sujeitos \u00e0 legisla\u00e7\u00e3o alem\u00e3 em mat\u00e9ria de direitos de autor e direitos conexos. Qualquer utiliza\u00e7\u00e3o n\u00e3o autorizada pela legisla\u00e7\u00e3o alem\u00e3 sobre direitos de autor e direitos conexos requer o consentimento pr\u00e9vio por escrito do fornecedor ou do respetivo titular dos direitos. Isto aplica-se, em particular, \u00e0 duplica\u00e7\u00e3o, edi\u00e7\u00e3o, tradu\u00e7\u00e3o, armazenamento, processamento ou reprodu\u00e7\u00e3o de conte\u00fados em bases de dados ou outros meios e sistemas electr\u00f3nicos. Os conte\u00fados e direitos de terceiros s\u00e3o assinalados como tal. A reprodu\u00e7\u00e3o ou distribui\u00e7\u00e3o n\u00e3o autorizada de conte\u00fados individuais ou p\u00e1ginas completas n\u00e3o \u00e9 permitida e \u00e9 pun\u00edvel por lei. Apenas \u00e9 permitida a produ\u00e7\u00e3o de c\u00f3pias e descarregamentos para uso pessoal, privado e n\u00e3o comercial.\u00a0<\/p><p>A apresenta\u00e7\u00e3o deste s\u00edtio Web em molduras externas s\u00f3 \u00e9 permitida mediante autoriza\u00e7\u00e3o escrita.\u00a0<\/p><p>\u00a7 4 Condi\u00e7\u00f5es especiais de utiliza\u00e7\u00e3o<br \/>Se as condi\u00e7\u00f5es especiais para utiliza\u00e7\u00f5es individuais deste s\u00edtio Web divergirem dos par\u00e1grafos acima referidos, tal ser\u00e1 expressamente indicado no ponto apropriado. Neste caso, as condi\u00e7\u00f5es especiais de utiliza\u00e7\u00e3o aplicam-se a cada caso individual.<\/p><p class=\"font_8\">Fonte: Impress\u00e3o gerada em\u00a0<a href=\"http:\/\/www.juraforum.de\/impressum-generator\/\" target=\"_blank\" rel=\"noopener\" data-content=\"http:\/\/www.juraforum.de\/impressum-generator\/\" data-type=\"external\">juraforum.de<\/a><\/p>\t\t\t\t\t\t\t\t<\/div>\n\t\t\t\t<\/div>\n\t\t\t\t\t<\/div>\n\t\t<\/div>\n\t\t\t\t\t<\/div>\n\t\t<\/section>\n\t\t\t\t\t<\/div>\n\t\t<\/div>\n\t\t\t\t\t<\/div>\n\t\t<\/section>\n\t\t\t\t<\/div>","protected":false},"excerpt":{"rendered":"<p class=\"excerpt\">Impressum Geopark-Tr\u00e4gerverein Braunschweiger Land \u2013 Ostfalen e. V.\u00a0 Niedernhof 6, 38154 K\u00f6nigslutter am Elm Telefon: +49 (0) 5353 3003 eMail:\u00a0info@geopark-hblo.de Internet:\u00a0www.geopark-hblo.de Vertretungsberechtigter Vorstand: Christiana Steinbr\u00fcgge (Landr\u00e4tin Wolfenb\u00fcttel), Gerhard Radeck (Landrat Helmstedt) Registergericht: Amtsgericht Braunschweig Registernummer: 201443 \u00a0 \u00a0 Disclaimer \u2013 rechtliche Hinweise \u00a7 1 Haftungsbeschr\u00e4nkungDie Inhalte dieser Website werden mit gr\u00f6\u00dftm\u00f6glicher Sorgfalt erstellt. Der Anbieter [&hellip;]<\/p>","protected":false},"author":1,"featured_media":0,"parent":0,"menu_order":0,"comment_status":"closed","ping_status":"closed","template":"template-blank.php","meta":{"footnotes":"","_links_to":"","_links_to_target":""},"class_list":["post-623","page","type-page","status-publish","hentry"],"_links":{"self":[{"href":"https:\/\/geopark-hblo.de\/pt\/wp-json\/wp\/v2\/pages\/623","targetHints":{"allow":["GET"]}}],"collection":[{"href":"https:\/\/geopark-hblo.de\/pt\/wp-json\/wp\/v2\/pages"}],"about":[{"href":"https:\/\/geopark-hblo.de\/pt\/wp-json\/wp\/v2\/types\/page"}],"author":[{"embeddable":true,"href":"https:\/\/geopark-hblo.de\/pt\/wp-json\/wp\/v2\/users\/1"}],"replies":[{"embeddable":true,"href":"https:\/\/geopark-hblo.de\/pt\/wp-json\/wp\/v2\/comments?post=623"}],"version-history":[{"count":10,"href":"https:\/\/geopark-hblo.de\/pt\/wp-json\/wp\/v2\/pages\/623\/revisions"}],"predecessor-version":[{"id":26322,"href":"https:\/\/geopark-hblo.de\/pt\/wp-json\/wp\/v2\/pages\/623\/revisions\/26322"}],"wp:attachment":[{"href":"https:\/\/geopark-hblo.de\/pt\/wp-json\/wp\/v2\/media?parent=623"}],"curies":[{"name":"wp","href":"https:\/\/api.w.org\/{rel}","templated":true}]}}