{"id":1348,"date":"2020-04-29T04:32:01","date_gmt":"2020-04-29T02:32:01","guid":{"rendered":"http:\/\/geopark-hblo.de\/?page_id=1348"},"modified":"2024-07-11T08:42:18","modified_gmt":"2024-07-11T06:42:18","slug":"objectivos-de-sustentabilidade","status":"publish","type":"page","link":"https:\/\/geopark-hblo.de\/pt\/educacao-para-o-desenvolvimento-sustentavel-bne\/objectivos-de-sustentabilidade\/","title":{"rendered":"Objectivos de sustentabilidade"},"content":{"rendered":"<div data-elementor-type=\"wp-page\" data-elementor-id=\"1348\" class=\"elementor elementor-1348\" data-elementor-post-type=\"page\">\n\t\t\t\t\t\t<section class=\"elementor-section elementor-top-section elementor-element elementor-element-601e42b elementor-section-boxed elementor-section-height-default elementor-section-height-default\" data-id=\"601e42b\" data-element_type=\"section\">\n\t\t\t\t\t\t<div class=\"elementor-container elementor-column-gap-default\">\n\t\t\t\t\t<div class=\"elementor-column elementor-col-100 elementor-top-column elementor-element elementor-element-00ae72c\" data-id=\"00ae72c\" data-element_type=\"column\">\n\t\t\t<div class=\"elementor-widget-wrap elementor-element-populated\">\n\t\t\t\t\t\t<section class=\"elementor-section elementor-inner-section elementor-element elementor-element-3a556ab elementor-section-boxed elementor-section-height-default elementor-section-height-default\" data-id=\"3a556ab\" data-element_type=\"section\">\n\t\t\t\t\t\t<div class=\"elementor-container elementor-column-gap-default\">\n\t\t\t\t\t<div class=\"elementor-column elementor-col-50 elementor-inner-column elementor-element elementor-element-cab289e\" data-id=\"cab289e\" data-element_type=\"column\">\n\t\t\t<div class=\"elementor-widget-wrap elementor-element-populated\">\n\t\t\t\t\t\t<div class=\"elementor-element elementor-element-a210c12 elementor-widget elementor-widget-heading\" data-id=\"a210c12\" data-element_type=\"widget\" data-widget_type=\"heading.default\">\n\t\t\t\t<div class=\"elementor-widget-container\">\n\t\t\t\t\t<h1 class=\"elementor-heading-title elementor-size-default\">Objectivos de sustentabilidade<\/h1>\t\t\t\t<\/div>\n\t\t\t\t<\/div>\n\t\t\t\t<div class=\"elementor-element elementor-element-7fd1559 elementor-widget-divider--view-line elementor-widget elementor-widget-divider\" data-id=\"7fd1559\" data-element_type=\"widget\" data-widget_type=\"divider.default\">\n\t\t\t\t<div class=\"elementor-widget-container\">\n\t\t\t\t\t\t\t<div class=\"elementor-divider\">\n\t\t\t<span class=\"elementor-divider-separator\">\n\t\t\t\t\t\t<\/span>\n\t\t<\/div>\n\t\t\t\t\t\t<\/div>\n\t\t\t\t<\/div>\n\t\t\t\t<div class=\"elementor-element elementor-element-76141bc elementor-hidden-desktop elementor-widget elementor-widget-shortcode\" data-id=\"76141bc\" data-element_type=\"widget\" data-widget_type=\"shortcode.default\">\n\t\t\t\t<div class=\"elementor-widget-container\">\n\t\t\t\t\t\t\t<div class=\"elementor-shortcode\"><nav id=\"bellows-mobile-54\" class=\"bellows bellows-nojs bellows-mobile bellows-source-menu bellows-align-full bellows-skin-vanilla\"><ul id=\"menu-bne_sidebarmenu\" class=\"bellows-nav\" data-bellows-config=\"mobile\"><li id=\"menu-item-1350\" class=\"bellows-menu-item bellows-menu-item-type-post_type bellows-menu-item-object-page bellows-menu-item-has-children bellows-menu-item-1350 bellows-item-level-0\"><span  class=\"bellows-target\"><span class=\"bellows-target-title bellows-target-text\">Educa\u00e7\u00e3o para o desenvolvimento sustent\u00e1vel (EDS)<\/span><span class=\"bellows-subtoggle\"><i class=\"bellows-subtoggle-icon-expand fa fa-chevron-down\"><\/i><i class=\"bellows-subtoggle-icon-collapse fa fa-chevron-up\"><\/i><\/span><\/span>\n<ul class=\"bellows-submenu\">\n\t<li id=\"menu-item-1351\" class=\"bellows-menu-item bellows-menu-item-type-post_type bellows-menu-item-object-page bellows-menu-item-1351 bellows-item-level-1\"><a  href=\"https:\/\/geopark-hblo.de\/pt\/educacao-para-o-desenvolvimento-sustentavel-bne\/objectivos-de-sustentabilidade\/\" class=\"bellows-target\"><span class=\"bellows-target-title bellows-target-text\">Objectivos de sustentabilidade<\/span><\/a><\/li>\n\t<li id=\"menu-item-1391\" class=\"bellows-menu-item bellows-menu-item-type-post_type bellows-menu-item-object-page bellows-menu-item-1391 bellows-item-level-1\"><a  href=\"https:\/\/geopark-hblo.de\/pt\/educacao-para-o-desenvolvimento-sustentavel-bne\/centro-de-aprendizagem-extracurricular\/\" class=\"bellows-target\"><span class=\"bellows-target-title bellows-target-text\">Centro de aprendizagem extracurricular<\/span><\/a><\/li>\n\t<li id=\"menu-item-1393\" class=\"bellows-menu-item bellows-menu-item-type-post_type bellows-menu-item-object-page bellows-menu-item-1393 bellows-item-level-1\"><a  href=\"https:\/\/geopark-hblo.de\/pt\/educacao-para-o-desenvolvimento-sustentavel-bne\/brochuras\/\" class=\"bellows-target\"><span class=\"bellows-target-title bellows-target-text\">Material<\/span><\/a><\/li>\n<\/ul>\n<\/li>\n<\/ul><\/nav>\n<\/div>\n\t\t\t\t\t\t<\/div>\n\t\t\t\t<\/div>\n\t\t\t\t<div class=\"elementor-element elementor-element-18fa9b1 elementor-widget elementor-widget-text-editor\" data-id=\"18fa9b1\" data-element_type=\"widget\" data-widget_type=\"text-editor.default\">\n\t\t\t\t<div class=\"elementor-widget-container\">\n\t\t\t\t\t\t\t\t\t<p>Geoparque Mundial da UNESCO Harz . Braunschweiger Land . Ostfalen \u00e9 um dos 147 Geoparques da UNESCO em 41 pa\u00edses do mundo.  Os Geoparques da UNESCO s\u00e3o \u00e1reas com s\u00edtios geol\u00f3gicos e paisagens de import\u00e2ncia geocient\u00edfica internacional. Convidam os visitantes a seguir as pegadas do passado para melhor compreender o nosso planeta e as condi\u00e7\u00f5es de vida e para criar regi\u00f5es onde vale a pena viver.<\/p><p>\u00a0<\/p><p><strong>As nossas tarefas como Geoparque da UNESCO s\u00e3o muitas e variadas: <\/strong><\/p><p>- Estamos a preservar o patrim\u00f3nio geocient\u00edfico de import\u00e2ncia internacional para o futuro.<\/p><p>- Tornamos este patrim\u00f3nio acess\u00edvel tanto aos visitantes como aos residentes.\u00a0\u00a0<\/p><p>\u00a0\u00a0 compreens\u00edvel e tang\u00edvel atrav\u00e9s da educa\u00e7\u00e3o, da prote\u00e7\u00e3o e da modera\u00e7\u00e3o do desenvolvimento sustent\u00e1vel da sua regi\u00e3o.<\/p><p>- Promovemos a identifica\u00e7\u00e3o com a regi\u00e3o, o turismo e o desenvolvimento econ\u00f3mico sustent\u00e1vel.<\/p><p>- Trabalhamos em estreita colabora\u00e7\u00e3o em todo o mundo, para que a hist\u00f3ria da Terra possa ser vivida tamb\u00e9m noutros pa\u00edses e no mundo.<\/p><p>\u00a0\u00a0 o futuro \u00e9 a\u00ed moldado de forma sustent\u00e1vel.<\/p>\t\t\t\t\t\t\t\t<\/div>\n\t\t\t\t<\/div>\n\t\t\t\t<div class=\"elementor-element elementor-element-282050d elementor-widget elementor-widget-image\" data-id=\"282050d\" data-element_type=\"widget\" data-widget_type=\"image.default\">\n\t\t\t\t<div class=\"elementor-widget-container\">\n\t\t\t\t\t\t\t\t\t\t\t\t\t\t\t<img fetchpriority=\"high\" decoding=\"async\" width=\"1024\" height=\"873\" src=\"https:\/\/geopark-hblo.de\/wp-content\/uploads\/2020\/04\/SDGs-German-Red-1024x873.jpg\" class=\"attachment-large size-large wp-image-1353\" alt=\"\" srcset=\"https:\/\/geopark-hblo.de\/wp-content\/uploads\/2020\/04\/SDGs-German-Red-1024x873.jpg 1024w, https:\/\/geopark-hblo.de\/wp-content\/uploads\/2020\/04\/SDGs-German-Red-300x256.jpg 300w, https:\/\/geopark-hblo.de\/wp-content\/uploads\/2020\/04\/SDGs-German-Red-768x655.jpg 768w, https:\/\/geopark-hblo.de\/wp-content\/uploads\/2020\/04\/SDGs-German-Red.jpg 1280w\" sizes=\"(max-width: 1024px) 100vw, 1024px\" \/>\t\t\t\t\t\t\t\t\t\t\t\t\t\t\t<\/div>\n\t\t\t\t<\/div>\n\t\t\t\t\t<\/div>\n\t\t<\/div>\n\t\t\t\t<div class=\"elementor-column elementor-col-50 elementor-inner-column elementor-element elementor-element-5cf5695\" data-id=\"5cf5695\" data-element_type=\"column\">\n\t\t\t<div class=\"elementor-widget-wrap elementor-element-populated\">\n\t\t\t\t\t\t<div class=\"elementor-element elementor-element-89f1289 elementor-hidden-tablet elementor-hidden-phone elementor-widget elementor-widget-shortcode\" data-id=\"89f1289\" data-element_type=\"widget\" data-widget_type=\"shortcode.default\">\n\t\t\t\t<div class=\"elementor-widget-container\">\n\t\t\t\t\t\t\t<div class=\"elementor-shortcode\"><nav id=\"bellows-main-54-2\" class=\"bellows bellows-nojs bellows-main bellows-source-menu bellows-align-full bellows-skin-vanilla\"><ul id=\"menu-bne_sidebarmenu-1\" class=\"bellows-nav\" data-bellows-config=\"main\"><li class=\"bellows-menu-item bellows-menu-item-type-post_type bellows-menu-item-object-page bellows-menu-item-has-children bellows-menu-item-1350 bellows-item-level-0\"><span  class=\"bellows-target\"><span class=\"bellows-target-title bellows-target-text\">Educa\u00e7\u00e3o para o desenvolvimento sustent\u00e1vel (EDS)<\/span><span class=\"bellows-subtoggle\"><i class=\"bellows-subtoggle-icon-expand fa fa-chevron-down\"><\/i><i class=\"bellows-subtoggle-icon-collapse fa fa-chevron-up\"><\/i><\/span><\/span>\n<ul class=\"bellows-submenu\">\n\t<li class=\"bellows-menu-item bellows-menu-item-type-post_type bellows-menu-item-object-page bellows-menu-item-1351 bellows-item-level-1\"><a  href=\"https:\/\/geopark-hblo.de\/pt\/educacao-para-o-desenvolvimento-sustentavel-bne\/objectivos-de-sustentabilidade\/\" class=\"bellows-target\"><span class=\"bellows-target-title bellows-target-text\">Objectivos de sustentabilidade<\/span><\/a><\/li>\n\t<li class=\"bellows-menu-item bellows-menu-item-type-post_type bellows-menu-item-object-page bellows-menu-item-1391 bellows-item-level-1\"><a  href=\"https:\/\/geopark-hblo.de\/pt\/educacao-para-o-desenvolvimento-sustentavel-bne\/centro-de-aprendizagem-extracurricular\/\" class=\"bellows-target\"><span class=\"bellows-target-title bellows-target-text\">Centro de aprendizagem extracurricular<\/span><\/a><\/li>\n\t<li class=\"bellows-menu-item bellows-menu-item-type-post_type bellows-menu-item-object-page bellows-menu-item-1393 bellows-item-level-1\"><a  href=\"https:\/\/geopark-hblo.de\/pt\/educacao-para-o-desenvolvimento-sustentavel-bne\/brochuras\/\" class=\"bellows-target\"><span class=\"bellows-target-title bellows-target-text\">Material<\/span><\/a><\/li>\n<\/ul>\n<\/li>\n<\/ul><\/nav>\n<\/div>\n\t\t\t\t\t\t<\/div>\n\t\t\t\t<\/div>\n\t\t\t\t\t<\/div>\n\t\t<\/div>\n\t\t\t\t\t<\/div>\n\t\t<\/section>\n\t\t\t\t\t<\/div>\n\t\t<\/div>\n\t\t\t\t\t<\/div>\n\t\t<\/section>\n\t\t\t\t<\/div>","protected":false},"excerpt":{"rendered":"<p class=\"excerpt\">Nachhaltigkeitsziele Der UNESCO Global Geopark Harz . Braunschweiger Land . Ostfalen ist einer von 147 UNESCO-Geoparks in 41 Staaten weltweit.\u00a0 UNESCO-Geoparks sind Gebiete mit geologischen St\u00e4tten und Landschaften von internationaler geowissenschaftlicher Bedeutung. Sie laden ein, auf den Spuren der Vergangenheit unseren Planeten und die Bedingungen des Lebens besser zu verstehen und lebenswerte Regionen zu gestalten. [&hellip;]<\/p>","protected":false},"author":1,"featured_media":0,"parent":1346,"menu_order":1,"comment_status":"closed","ping_status":"closed","template":"template-blank.php","meta":{"footnotes":"","_links_to":"","_links_to_target":""},"class_list":["post-1348","page","type-page","status-publish","hentry"],"_links":{"self":[{"href":"https:\/\/geopark-hblo.de\/pt\/wp-json\/wp\/v2\/pages\/1348","targetHints":{"allow":["GET"]}}],"collection":[{"href":"https:\/\/geopark-hblo.de\/pt\/wp-json\/wp\/v2\/pages"}],"about":[{"href":"https:\/\/geopark-hblo.de\/pt\/wp-json\/wp\/v2\/types\/page"}],"author":[{"embeddable":true,"href":"https:\/\/geopark-hblo.de\/pt\/wp-json\/wp\/v2\/users\/1"}],"replies":[{"embeddable":true,"href":"https:\/\/geopark-hblo.de\/pt\/wp-json\/wp\/v2\/comments?post=1348"}],"version-history":[{"count":10,"href":"https:\/\/geopark-hblo.de\/pt\/wp-json\/wp\/v2\/pages\/1348\/revisions"}],"predecessor-version":[{"id":25852,"href":"https:\/\/geopark-hblo.de\/pt\/wp-json\/wp\/v2\/pages\/1348\/revisions\/25852"}],"up":[{"embeddable":true,"href":"https:\/\/geopark-hblo.de\/pt\/wp-json\/wp\/v2\/pages\/1346"}],"wp:attachment":[{"href":"https:\/\/geopark-hblo.de\/pt\/wp-json\/wp\/v2\/media?parent=1348"}],"curies":[{"name":"wp","href":"https:\/\/api.w.org\/{rel}","templated":true}]}}