{"id":7271,"date":"2020-09-25T09:14:08","date_gmt":"2020-09-25T07:14:08","guid":{"rendered":"https:\/\/geopark-hblo.de\/?page_id=7271"},"modified":"2026-04-08T12:43:12","modified_gmt":"2026-04-08T10:43:12","slug":"abonnieren-sie-unseren-neuen-newsletter-2","status":"publish","type":"page","link":"https:\/\/geopark-hblo.de\/it\/abonnieren-sie-unseren-neuen-newsletter-2\/","title":{"rendered":"Abonnieren Sie unseren neuen Newsletter"},"content":{"rendered":"<div data-elementor-type=\"wp-page\" data-elementor-id=\"7271\" class=\"elementor elementor-7271\" data-elementor-post-type=\"page\">\n\t\t\t\t\t\t<section class=\"elementor-section elementor-top-section elementor-element elementor-element-6cdf3ed elementor-section-boxed elementor-section-height-default elementor-section-height-default\" data-id=\"6cdf3ed\" data-element_type=\"section\" data-settings=\"{&quot;background_background&quot;:&quot;classic&quot;}\">\n\t\t\t\t\t\t<div class=\"elementor-container elementor-column-gap-default\">\n\t\t\t\t\t<div class=\"elementor-column elementor-col-100 elementor-top-column elementor-element elementor-element-3981f1b2\" data-id=\"3981f1b2\" data-element_type=\"column\">\n\t\t\t<div class=\"elementor-widget-wrap elementor-element-populated\">\n\t\t\t\t\t\t<div class=\"elementor-element elementor-element-822dec8 elementor-hidden-phone elementor-arrows-position-inside elementor-pagination-position-inside elementor-widget elementor-widget-slides\" data-id=\"822dec8\" data-element_type=\"widget\" data-settings=\"{&quot;navigation&quot;:&quot;both&quot;,&quot;autoplay&quot;:&quot;yes&quot;,&quot;pause_on_hover&quot;:&quot;yes&quot;,&quot;pause_on_interaction&quot;:&quot;yes&quot;,&quot;autoplay_speed&quot;:5000,&quot;infinite&quot;:&quot;yes&quot;,&quot;transition&quot;:&quot;slide&quot;,&quot;transition_speed&quot;:500}\" data-widget_type=\"slides.default\">\n\t\t\t\t<div class=\"elementor-widget-container\">\n\t\t\t\t\t\t\t\t\t<div class=\"elementor-swiper\">\n\t\t\t\t\t<div class=\"elementor-slides-wrapper elementor-main-swiper swiper\" role=\"region\" aria-roledescription=\"carousel\" aria-label=\"Slides\" dir=\"ltr\" data-animation=\"fadeInUp\">\n\t\t\t\t<div class=\"swiper-wrapper elementor-slides\">\n\t\t\t\t\t\t\t\t\t\t<div class=\"elementor-repeater-item-42952de swiper-slide\" role=\"group\" aria-roledescription=\"slide\"><div class=\"swiper-slide-bg\" role=\"img\"><\/div><a class=\"swiper-slide-inner\" href=\"mailto:info@geopark-hblo.de\"><div class=\"swiper-slide-contents\"><div class=\"elementor-slide-description\">Aktueller Newsletter<\/div><div  class=\"elementor-button elementor-slide-button elementor-size-sm\">Hier anmelden<\/div><\/div><\/a><\/div><div class=\"elementor-repeater-item-f65989a swiper-slide\" role=\"group\" aria-roledescription=\"slide\"><div class=\"swiper-slide-bg\" role=\"img\"><\/div><a class=\"swiper-slide-inner\" href=\"mailto:info@geopark-hblo.de\"><div class=\"swiper-slide-contents\"><div class=\"elementor-slide-description\">Aktueller Newsletter<\/div><div  class=\"elementor-button elementor-slide-button elementor-size-sm\">Hier anmelden<\/div><\/div><\/a><\/div><div class=\"elementor-repeater-item-e80e16e swiper-slide\" role=\"group\" aria-roledescription=\"slide\"><div class=\"swiper-slide-bg\" role=\"img\"><\/div><a class=\"swiper-slide-inner\" href=\"mailto:info@geopark-hblo.de\"><div class=\"swiper-slide-contents\"><div class=\"elementor-slide-description\">Aktueller Newsletter<\/div><div  class=\"elementor-button elementor-slide-button elementor-size-sm\">Hier anmelden<\/div><\/div><\/a><\/div>\t\t\t\t<\/div>\n\t\t\t\t\t\t\t\t\t\t\t\t\t\t\t<div class=\"elementor-swiper-button elementor-swiper-button-prev\" role=\"button\" tabindex=\"0\" aria-label=\"Vorige slide\" data-no-translation-aria-label=\"\">\n\t\t\t\t\t\t\t<i aria-hidden=\"true\" class=\"eicon-chevron-left\"><\/i>\t\t\t\t\t\t<\/div>\n\t\t\t\t\t\t<div class=\"elementor-swiper-button elementor-swiper-button-next\" role=\"button\" tabindex=\"0\" aria-label=\"Volgende slide\" data-no-translation-aria-label=\"\">\n\t\t\t\t\t\t\t<i aria-hidden=\"true\" class=\"eicon-chevron-right\"><\/i>\t\t\t\t\t\t<\/div>\n\t\t\t\t\t\t\t\t\t\t\t\t\t\t\t\t<div class=\"swiper-pagination\"><\/div>\n\t\t\t\t\t\t\t\t\t\t\t\t<\/div>\n\t\t\t\t<\/div>\n\t\t\t\t\t\t\t\t<\/div>\n\t\t\t\t<\/div>\n\t\t\t\t<section class=\"elementor-section elementor-inner-section elementor-element elementor-element-bc43414 elementor-section-boxed elementor-section-height-default elementor-section-height-default\" data-id=\"bc43414\" data-element_type=\"section\">\n\t\t\t\t\t\t<div class=\"elementor-container elementor-column-gap-default\">\n\t\t\t\t\t<div class=\"elementor-column elementor-col-50 elementor-inner-column elementor-element elementor-element-5015e78\" data-id=\"5015e78\" data-element_type=\"column\">\n\t\t\t<div class=\"elementor-widget-wrap elementor-element-populated\">\n\t\t\t\t\t\t<div class=\"elementor-element elementor-element-8e94ea5 elementor-widget elementor-widget-text-editor\" data-id=\"8e94ea5\" data-element_type=\"widget\" data-widget_type=\"text-editor.default\">\n\t\t\t\t<div class=\"elementor-widget-container\">\n\t\t\t\t\t\t\t\t\t<p>Lieber Geopark-Fan,\u00a0<\/p><p>vielen Dank f\u00fcr Ihr Interesse an unserem Geopark. Wir freuen uns sehr, Ihnen heute unseren neuen Newsletter vorzustellen. Er enth\u00e4lt die im n\u00e4chsten Monat geplanten Veranstaltungen, Informationen aus dem Geopark und noch einiges mehr. <a href=\"https:\/\/geopark-hblo.de\/wp-content\/uploads\/2026\/04\/Newsletter-April-2026.pdf\"><strong>Schauen Sie doch mal in unseren aktuellen Newsletter rein.\u00a0<\/strong><\/a><\/p><p>Wenn Sie den Newsletter regelm\u00e4\u00dfig beziehen m\u00f6chten, ist es erforderlich, dass wir Sie in unseren Verteiler aufnehmen. Dazu ben\u00f6tigen wir von Ihnen eine Best\u00e4tigung, dass Sie der Inhaber der angegebenen Email-Adresse sind und dass Sie mit dem Empfang des Newsletters einverstanden sind. Das kann formlos erfolgen und folgenderma\u00dfen aussehen:\u00a0<\/p><p><em>Mein Name ist Hans Mustermann, meine Email-Adresse lautet <span style=\"text-decoration: underline;\"><strong>hans.mustermann@web.de<\/strong><\/span> und ich m\u00f6chte gerne den Newsletter des UNESCO Global Geopars Harz \u00b7 Braunschweiger Land \u00b7 Ostfalen beziehen. Bitte nehmen Sie mich in den Verteiler auf.<\/em>\u00a0<\/p><p>Bitte richten Sie die Email an: <a href=\"mailto:info@geopark-hblo.de\">info@geopark-hblo.de<\/a><\/p>\t\t\t\t\t\t\t\t<\/div>\n\t\t\t\t<\/div>\n\t\t\t\t\t<\/div>\n\t\t<\/div>\n\t\t\t\t<div class=\"elementor-column elementor-col-50 elementor-inner-column elementor-element elementor-element-7fe6532\" data-id=\"7fe6532\" data-element_type=\"column\">\n\t\t\t<div class=\"elementor-widget-wrap elementor-element-populated\">\n\t\t\t\t\t\t<div class=\"elementor-element elementor-element-cfa8665 elementor-widget elementor-widget-text-editor\" data-id=\"cfa8665\" data-element_type=\"widget\" data-widget_type=\"text-editor.default\">\n\t\t\t\t<div class=\"elementor-widget-container\">\n\t\t\t\t\t\t\t\t\t<p><span style=\"text-decoration: underline;\"><strong>Verwendung der Daten:<\/strong><\/span>\u00a0<\/p><p>Die erhobenen Daten dienen nur der Versendung des Newsletters und der Dokumentation Ihrer Zustimmung. Eine andere Verarbeitung oder Weitergabe an Dritte erfolgt nicht.\u00a0<\/p><p>Es werden folgende Daten erhoben:\u00a0<\/p><ul><li>&#8211; Name, Nachname (freiwillige Angabe)<\/li><li>&#8211; Email-Adresse<\/li><li>\u00a0<\/li><\/ul><p><span style=\"text-decoration: underline;\"><strong>Widerruf:\u00a0<\/strong><\/span><\/p><p>Sie k\u00f6nnen den Erhalt des Newsletters und die Einwilligung zur Speicherung der Daten jederzeit widerrufen. Schreiben Sie uns dazu einfach eine Email.\u00a0<\/p><p>Wir w\u00fcrden uns freuen, Sie in Zukunft mit Neuigkeiten und Geschichten aus dem Geopark informieren zu d\u00fcrfen.\u00a0<\/p><p><strong>Ihr Geopark -Team\u00a0<\/strong><\/p>\t\t\t\t\t\t\t\t<\/div>\n\t\t\t\t<\/div>\n\t\t\t\t\t<\/div>\n\t\t<\/div>\n\t\t\t\t\t<\/div>\n\t\t<\/section>\n\t\t\t\t<section class=\"elementor-section elementor-inner-section elementor-element elementor-element-2c09e49 elementor-section-boxed elementor-section-height-default elementor-section-height-default\" data-id=\"2c09e49\" data-element_type=\"section\">\n\t\t\t\t\t\t<div class=\"elementor-container elementor-column-gap-default\">\n\t\t\t\t\t<div class=\"elementor-column elementor-col-100 elementor-inner-column elementor-element elementor-element-c709d41\" data-id=\"c709d41\" data-element_type=\"column\">\n\t\t\t<div class=\"elementor-widget-wrap elementor-element-populated\">\n\t\t\t\t\t\t<div class=\"elementor-element elementor-element-afa0e96 elementor-hidden-desktop elementor-hidden-tablet elementor-widget elementor-widget-text-editor\" data-id=\"afa0e96\" data-element_type=\"widget\" data-widget_type=\"text-editor.default\">\n\t\t\t\t<div class=\"elementor-widget-container\">\n\t\t\t\t\t\t\t\t\t<p>Lieber Geopark-Fan,\u00a0<\/p><p>vielen Dank f\u00fcr Ihr Interesse an unserem Geopark. Wir freuen uns sehr, Ihnen heute unseren neuen Newsletter vorzustellen. Er enth\u00e4lt die im n\u00e4chsten Monat geplanten Veranstaltungen, Informationen aus dem Geopark und noch einiges mehr. <a href=\"https:\/\/geopark-hblo.de\/wp-content\/uploads\/2026\/04\/Newsletter-April-2026.pdf\"><strong>Schauen Sie doch mal in unseren aktuellen Newsletter rein.\u00a0<\/strong><\/a><\/p><p>Wenn Sie den Newsletter regelm\u00e4\u00dfig beziehen m\u00f6chten, ist es erforderlich, dass wir Sie in unseren Verteiler aufnehmen. Dazu ben\u00f6tigen wir von Ihnen eine Best\u00e4tigung, dass Sie der Inhaber der angegebenen Email-Adresse sind und dass Sie mit dem Empfang des Newsletters einverstanden sind. Das kann formlos erfolgen und folgenderma\u00dfen aussehen:\u00a0<\/p><p><em>Mein Name ist Hans Mustermann, meine Email-Adresse lautet <span style=\"text-decoration: underline;\"><strong>hans.mustermann@web.de<\/strong><\/span> und ich m\u00f6chte gerne den Newsletter des UNESCO Global Geopars Harz \u00b7 Braunschweiger Land \u00b7 Ostfalen beziehen. Bitte nehmen Sie mich in den Verteiler auf.<\/em>\u00a0<\/p><p>Bitte richten Sie die Email an: <a href=\"mailto:info@geopark-hblo.de\">info@geopark-hblo.de<\/a><\/p><p><span style=\"text-decoration: underline;\"><strong>Verwendung der Daten:<\/strong><\/span>\u00a0<\/p><p>Die erhobenen Daten dienen nur der Versendung des Newsletters und der Dokumentation Ihrer Zustimmung. Eine andere Verarbeitung oder Weitergabe an Dritte erfolgt nicht.\u00a0<\/p><p>Es werden folgende Daten erhoben:\u00a0<\/p><ul><li>&#8211; Name, Nachname (freiwillige Angabe)<\/li><li>&#8211; Email-Adresse<\/li><li>\u00a0<\/li><\/ul><p><span style=\"text-decoration: underline;\"><strong>Widerruf:\u00a0<\/strong><\/span><\/p><p>Sie k\u00f6nnen den Erhalt des Newsletters und die Einwilligung zur Speicherung der Daten jederzeit widerrufen. Schreiben Sie uns dazu einfach eine Email.\u00a0<\/p><p>Wir w\u00fcrden uns freuen, Sie in Zukunft mit Neuigkeiten und Geschichten aus dem Geopark informieren zu d\u00fcrfen.\u00a0<\/p><p><strong>Ihr Geopark -Team\u00a0<\/strong><\/p>\t\t\t\t\t\t\t\t<\/div>\n\t\t\t\t<\/div>\n\t\t\t\t\t<\/div>\n\t\t<\/div>\n\t\t\t\t\t<\/div>\n\t\t<\/section>\n\t\t\t\t<div class=\"elementor-element elementor-element-a2b235f elementor-button-info elementor-align-center elementor-hidden-desktop elementor-hidden-tablet elementor-widget elementor-widget-button\" data-id=\"a2b235f\" data-element_type=\"widget\" data-widget_type=\"button.default\">\n\t\t\t\t<div class=\"elementor-widget-container\">\n\t\t\t\t\t\t\t\t\t<div class=\"elementor-button-wrapper\">\n\t\t\t\t\t<a class=\"elementor-button elementor-button-link elementor-size-md\" href=\"mailto:info@geopark-hblo.de\" target=\"_blank\">\n\t\t\t\t\t\t<span class=\"elementor-button-content-wrapper\">\n\t\t\t\t\t\t\t\t\t<span class=\"elementor-button-text\">Hier Klicken und Newsletter abonnieren<\/span>\n\t\t\t\t\t<\/span>\n\t\t\t\t\t<\/a>\n\t\t\t\t<\/div>\n\t\t\t\t\t\t\t\t<\/div>\n\t\t\t\t<\/div>\n\t\t\t\t<section class=\"elementor-section elementor-inner-section elementor-element elementor-element-5d576be elementor-section-boxed elementor-section-height-default elementor-section-height-default\" data-id=\"5d576be\" data-element_type=\"section\">\n\t\t\t\t\t\t<div class=\"elementor-container elementor-column-gap-default\">\n\t\t\t\t\t<div class=\"elementor-column elementor-col-100 elementor-inner-column elementor-element elementor-element-2907d95\" data-id=\"2907d95\" data-element_type=\"column\">\n\t\t\t<div class=\"elementor-widget-wrap elementor-element-populated\">\n\t\t\t\t\t\t<div class=\"elementor-element elementor-element-91723a6 elementor-hidden-desktop elementor-hidden-tablet elementor-arrows-position-inside elementor-pagination-position-outside elementor-widget elementor-widget-image-carousel\" data-id=\"91723a6\" data-element_type=\"widget\" data-settings=\"{&quot;slides_to_scroll&quot;:&quot;1&quot;,&quot;navigation&quot;:&quot;both&quot;,&quot;autoplay&quot;:&quot;yes&quot;,&quot;pause_on_hover&quot;:&quot;yes&quot;,&quot;pause_on_interaction&quot;:&quot;yes&quot;,&quot;autoplay_speed&quot;:5000,&quot;infinite&quot;:&quot;yes&quot;,&quot;speed&quot;:500}\" data-widget_type=\"image-carousel.default\">\n\t\t\t\t<div class=\"elementor-widget-container\">\n\t\t\t\t\t\t\t<div class=\"elementor-image-carousel-wrapper swiper\" role=\"region\" aria-roledescription=\"carousel\" aria-label=\"Image Carousel\" dir=\"ltr\">\n\t\t\t<div class=\"elementor-image-carousel swiper-wrapper\" aria-live=\"off\">\n\t\t\t\t\t\t\t\t<div class=\"swiper-slide\" role=\"group\" aria-roledescription=\"slide\" aria-label=\"1 van 9\" data-no-translation-aria-label=\"\"><figure class=\"swiper-slide-inner\"><img decoding=\"async\" class=\"swiper-slide-image\" src=\"https:\/\/geopark-hblo.de\/wp-content\/uploads\/2020\/10\/Bild-Newsletter-August-293x300.png\" alt=\"Bild Newsletter August\" \/><\/figure><\/div><div class=\"swiper-slide\" role=\"group\" aria-roledescription=\"slide\" aria-label=\"2 van 9\" data-no-translation-aria-label=\"\"><figure class=\"swiper-slide-inner\"><img decoding=\"async\" class=\"swiper-slide-image\" src=\"https:\/\/geopark-hblo.de\/wp-content\/uploads\/2020\/10\/Bild-Newsletter-Juni-300x233.png\" alt=\"Bild Newsletter Juni\" \/><\/figure><\/div><div class=\"swiper-slide\" role=\"group\" aria-roledescription=\"slide\" aria-label=\"3 van 9\" data-no-translation-aria-label=\"\"><figure class=\"swiper-slide-inner\"><img decoding=\"async\" class=\"swiper-slide-image\" src=\"https:\/\/geopark-hblo.de\/wp-content\/uploads\/2020\/10\/Bild-Newsletter-september-1-292x300.png\" alt=\"Bild Newsletter september\" \/><\/figure><\/div><div class=\"swiper-slide\" role=\"group\" aria-roledescription=\"slide\" aria-label=\"4 van 9\" data-no-translation-aria-label=\"\"><figure class=\"swiper-slide-inner\"><img decoding=\"async\" class=\"swiper-slide-image\" src=\"https:\/\/geopark-hblo.de\/wp-content\/uploads\/2020\/04\/infostelle-so-300x150.jpg\" alt=\"infostelle-so\" \/><\/figure><\/div><div class=\"swiper-slide\" role=\"group\" aria-roledescription=\"slide\" aria-label=\"5 van 9\" data-no-translation-aria-label=\"\"><figure class=\"swiper-slide-inner\"><img decoding=\"async\" class=\"swiper-slide-image\" src=\"https:\/\/geopark-hblo.de\/wp-content\/uploads\/2020\/09\/Uebergabe-Foerderbescheid-gruppenbild-300x169.png\" alt=\"\u00dcbergabe F\u00f6rderbescheid gruppenbild\" \/><\/figure><\/div><div class=\"swiper-slide\" role=\"group\" aria-roledescription=\"slide\" aria-label=\"6 van 9\" data-no-translation-aria-label=\"\"><figure class=\"swiper-slide-inner\"><img decoding=\"async\" class=\"swiper-slide-image\" src=\"https:\/\/geopark-hblo.de\/wp-content\/uploads\/2020\/04\/PHOTO-2018-09-23-16-01-40-768x576-1-300x225.jpg\" alt=\"PHOTO-2018-09-23-16-01-40-768x576\" \/><\/figure><\/div><div class=\"swiper-slide\" role=\"group\" aria-roledescription=\"slide\" aria-label=\"7 van 9\" data-no-translation-aria-label=\"\"><figure class=\"swiper-slide-inner\"><img decoding=\"async\" class=\"swiper-slide-image\" src=\"https:\/\/geopark-hblo.de\/wp-content\/uploads\/2020\/07\/mailbox-1682944_1280-300x132.jpg\" alt=\"mailbox-1682944_1280\" \/><\/figure><\/div><div class=\"swiper-slide\" role=\"group\" aria-roledescription=\"slide\" aria-label=\"8 van 9\" data-no-translation-aria-label=\"\"><figure class=\"swiper-slide-inner\"><img decoding=\"async\" class=\"swiper-slide-image\" src=\"https:\/\/geopark-hblo.de\/wp-content\/uploads\/2020\/09\/Pressetermin-Woltorfer-Holz-300x200.jpg\" alt=\"Pressetermin Woltorfer Holz\" \/><\/figure><\/div><div class=\"swiper-slide\" role=\"group\" aria-roledescription=\"slide\" aria-label=\"9 van 9\" data-no-translation-aria-label=\"\"><figure class=\"swiper-slide-inner\"><img decoding=\"async\" class=\"swiper-slide-image\" src=\"https:\/\/geopark-hblo.de\/wp-content\/uploads\/2020\/10\/Kaertner-Stubn-300x300.jpg\" alt=\"K\u00e4rtner Stubn\" \/><\/figure><\/div>\t\t\t<\/div>\n\t\t\t\t\t\t\t\t\t\t\t\t<div class=\"elementor-swiper-button elementor-swiper-button-prev\" role=\"button\" tabindex=\"0\">\n\t\t\t\t\t\t<i aria-hidden=\"true\" class=\"eicon-chevron-left\"><\/i>\t\t\t\t\t<\/div>\n\t\t\t\t\t<div class=\"elementor-swiper-button elementor-swiper-button-next\" role=\"button\" tabindex=\"0\">\n\t\t\t\t\t\t<i aria-hidden=\"true\" class=\"eicon-chevron-right\"><\/i>\t\t\t\t\t<\/div>\n\t\t\t\t\n\t\t\t\t\t\t\t\t\t<div class=\"swiper-pagination\"><\/div>\n\t\t\t\t\t\t\t\t\t<\/div>\n\t\t\t\t\t\t<\/div>\n\t\t\t\t<\/div>\n\t\t\t\t<div class=\"elementor-element elementor-element-6712401 elementor-hidden-desktop elementor-hidden-tablet elementor-hidden-phone elementor-widget elementor-widget-wp-widget-media_audio\" data-id=\"6712401\" data-element_type=\"widget\" data-widget_type=\"wp-widget-media_audio.default\">\n\t\t\t\t<div class=\"elementor-widget-container\">\n\t\t\t\t\t<h5>Qui vi leggo la pagina:<\/h5><!--[if lt IE 9]><script>document.createElement('audio');<\/script><![endif]-->\n<audio class=\"wp-audio-shortcode\" id=\"audio-7271-1\" preload=\"none\" style=\"width: 100%;\" controls=\"controls\"><source type=\"audio\/mpeg\" src=\"https:\/\/geopark-hblo.de\/wp-content\/uploads\/2021\/02\/Seite-Newsletter-1.mp3?_=1\" \/><source type=\"audio\/mpeg\" src=\"https:\/\/geopark-hblo.de\/wp-content\/uploads\/2021\/02\/Seite-Newsletter-1.mp3?_=1\" \/><a href=\"https:\/\/geopark-hblo.de\/wp-content\/uploads\/2021\/02\/Seite-Newsletter-1.mp3\">https:\/\/geopark-hblo.de\/wp-content\/uploads\/2021\/02\/Seite-Newsletter-1.mp3<\/a><\/audio>\t\t\t\t<\/div>\n\t\t\t\t<\/div>\n\t\t\t\t\t<\/div>\n\t\t<\/div>\n\t\t\t\t\t<\/div>\n\t\t<\/section>\n\t\t\t\t\t<\/div>\n\t\t<\/div>\n\t\t\t\t\t<\/div>\n\t\t<\/section>\n\t\t\t\t<\/div>","protected":false},"excerpt":{"rendered":"<p class=\"excerpt\">Aktueller NewsletterHier anmeldenAktueller NewsletterHier anmeldenAktueller NewsletterHier anmelden Lieber Geopark-Fan,\u00a0 vielen Dank f\u00fcr Ihr Interesse an unserem Geopark. Wir freuen uns sehr, Ihnen heute unseren neuen Newsletter vorzustellen. Er enth\u00e4lt die im n\u00e4chsten Monat geplanten Veranstaltungen, Informationen aus dem Geopark und noch einiges mehr. Schauen Sie doch mal in unseren aktuellen Newsletter rein.\u00a0 Wenn Sie den [&hellip;]<\/p>","protected":false},"author":2,"featured_media":6451,"parent":0,"menu_order":0,"comment_status":"closed","ping_status":"closed","template":"template-blank.php","meta":{"footnotes":"","_links_to":"","_links_to_target":""},"class_list":["post-7271","page","type-page","status-publish","has-post-thumbnail","hentry"],"_links":{"self":[{"href":"https:\/\/geopark-hblo.de\/it\/wp-json\/wp\/v2\/pages\/7271","targetHints":{"allow":["GET"]}}],"collection":[{"href":"https:\/\/geopark-hblo.de\/it\/wp-json\/wp\/v2\/pages"}],"about":[{"href":"https:\/\/geopark-hblo.de\/it\/wp-json\/wp\/v2\/types\/page"}],"author":[{"embeddable":true,"href":"https:\/\/geopark-hblo.de\/it\/wp-json\/wp\/v2\/users\/2"}],"replies":[{"embeddable":true,"href":"https:\/\/geopark-hblo.de\/it\/wp-json\/wp\/v2\/comments?post=7271"}],"version-history":[{"count":10,"href":"https:\/\/geopark-hblo.de\/it\/wp-json\/wp\/v2\/pages\/7271\/revisions"}],"predecessor-version":[{"id":28014,"href":"https:\/\/geopark-hblo.de\/it\/wp-json\/wp\/v2\/pages\/7271\/revisions\/28014"}],"wp:featuredmedia":[{"embeddable":true,"href":"https:\/\/geopark-hblo.de\/it\/wp-json\/wp\/v2\/media\/6451"}],"wp:attachment":[{"href":"https:\/\/geopark-hblo.de\/it\/wp-json\/wp\/v2\/media?parent=7271"}],"curies":[{"name":"wp","href":"https:\/\/api.w.org\/{rel}","templated":true}]}}