{"id":627,"date":"2020-04-20T05:51:55","date_gmt":"2020-04-20T03:51:55","guid":{"rendered":"http:\/\/geopark-hblo.de\/?page_id=627"},"modified":"2024-11-06T13:07:48","modified_gmt":"2024-11-06T12:07:48","slug":"dichiarazione-sulla-protezione-dei-dati","status":"publish","type":"page","link":"https:\/\/geopark-hblo.de\/it\/dichiarazione-sulla-protezione-dei-dati\/","title":{"rendered":"Informativa sulla privacy"},"content":{"rendered":"<div data-elementor-type=\"wp-page\" data-elementor-id=\"627\" class=\"elementor elementor-627\" data-elementor-post-type=\"page\">\n\t\t\t\t\t\t<section class=\"elementor-section elementor-top-section elementor-element elementor-element-7ef96c9 elementor-section-boxed elementor-section-height-default elementor-section-height-default\" data-id=\"7ef96c9\" data-element_type=\"section\">\n\t\t\t\t\t\t<div class=\"elementor-container elementor-column-gap-default\">\n\t\t\t\t\t<div class=\"elementor-column elementor-col-100 elementor-top-column elementor-element elementor-element-16157add\" data-id=\"16157add\" data-element_type=\"column\">\n\t\t\t<div class=\"elementor-widget-wrap elementor-element-populated\">\n\t\t\t\t\t\t<section class=\"elementor-section elementor-inner-section elementor-element elementor-element-46dbf06c elementor-section-boxed elementor-section-height-default elementor-section-height-default\" data-id=\"46dbf06c\" data-element_type=\"section\">\n\t\t\t\t\t\t<div class=\"elementor-container elementor-column-gap-default\">\n\t\t\t\t\t<div class=\"elementor-column elementor-col-100 elementor-inner-column elementor-element elementor-element-7f0eaa48\" data-id=\"7f0eaa48\" data-element_type=\"column\">\n\t\t\t<div class=\"elementor-widget-wrap elementor-element-populated\">\n\t\t\t\t\t\t<div class=\"elementor-element elementor-element-d983cc1 elementor-widget elementor-widget-heading\" data-id=\"d983cc1\" data-element_type=\"widget\" data-widget_type=\"heading.default\">\n\t\t\t\t<div class=\"elementor-widget-container\">\n\t\t\t\t\t<h1 class=\"elementor-heading-title elementor-size-default\">Informativa sulla privacy<\/h1>\t\t\t\t<\/div>\n\t\t\t\t<\/div>\n\t\t\t\t<div class=\"elementor-element elementor-element-3905b363 elementor-widget-divider--view-line elementor-widget elementor-widget-divider\" data-id=\"3905b363\" data-element_type=\"widget\" data-widget_type=\"divider.default\">\n\t\t\t\t<div class=\"elementor-widget-container\">\n\t\t\t\t\t\t\t<div class=\"elementor-divider\">\n\t\t\t<span class=\"elementor-divider-separator\">\n\t\t\t\t\t\t<\/span>\n\t\t<\/div>\n\t\t\t\t\t\t<\/div>\n\t\t\t\t<\/div>\n\t\t\t\t<div class=\"elementor-element elementor-element-3720d460 elementor-widget elementor-widget-text-editor\" data-id=\"3720d460\" data-element_type=\"widget\" data-widget_type=\"text-editor.default\">\n\t\t\t\t<div class=\"elementor-widget-container\">\n\t\t\t\t\t\t\t\t\t<h2>1. La protezione dei dati in sintesi<\/h2><p>\u00a0<\/p><h3>Informazioni generali<\/h3><p>Le seguenti informazioni forniscono una semplice panoramica di ci\u00f2 che accade ai vostri dati personali quando visitate il nostro sito web. Per dati personali si intendono tutti i dati che possono essere utilizzati per identificarvi personalmente. Informazioni dettagliate sul tema della protezione dei dati sono disponibili nella nostra dichiarazione sulla protezione dei dati riportata sotto questo testo.<\/p><h3>Raccolta di dati sul nostro sito web<\/h3><p><strong>Chi \u00e8 responsabile della raccolta dei dati su questo sito?<\/strong><\/p><p>Il trattamento dei dati su questo sito web viene effettuato dal gestore del sito. I dati di contatto del gestore sono riportati nelle note legali di questo sito.<\/p><p><strong>Come raccogliamo i vostri dati?<\/strong><\/p><p>Da un lato, i vostri dati vengono raccolti quando ce li fornite. Pu\u00f2 trattarsi, ad esempio, dei dati inseriti in un modulo di contatto.<\/p><p>Altri dati vengono raccolti automaticamente dai nostri sistemi informatici quando visitate il sito web. Si tratta principalmente di dati tecnici (ad es. browser Internet, sistema operativo o tempo di visualizzazione della pagina). Questi dati vengono raccolti automaticamente non appena si accede al nostro sito web.<\/p><p><strong>Per cosa utilizziamo i vostri dati?<\/strong><\/p><p>Alcuni dati vengono raccolti per garantire che il sito web venga fornito senza errori. Altri dati possono essere utilizzati per analizzare il comportamento degli utenti.<\/p><p><strong>Quali diritti avete sui vostri dati?<\/strong><\/p><p>Avete il diritto di ricevere gratuitamente in qualsiasi momento informazioni sull'origine, il destinatario e lo scopo dei vostri dati personali memorizzati. Avete inoltre il diritto di richiedere la correzione, il blocco o la cancellazione di tali dati. Per ulteriori domande sulla protezione dei dati, potete contattarci in qualsiasi momento all'indirizzo indicato nella nota legale. Avete inoltre il diritto di presentare un reclamo all'autorit\u00e0 di controllo competente.<\/p><p>L'utente ha inoltre il diritto di richiedere la limitazione del trattamento dei propri dati personali in determinate circostanze. Per maggiori dettagli, consultare l'informativa sulla privacy alla voce \"Diritto alla limitazione del trattamento\".<\/p><p>\u00a0<\/p><h2>2 Note generali e informazioni obbligatorie<\/h2><p>\u00a0<\/p><h3>Protezione dei dati<\/h3><p>I gestori di queste pagine prendono molto sul serio la protezione dei vostri dati personali. Trattiamo i vostri dati personali in modo confidenziale e in conformit\u00e0 alle norme di legge sulla protezione dei dati e alla presente informativa sulla privacy.<\/p><p>Quando si utilizza questo sito web, vengono raccolti diversi dati personali. I dati personali sono dati che possono essere utilizzati per identificarvi personalmente. La presente informativa sulla privacy spiega quali dati raccogliamo e per quali scopi li utilizziamo. Spiega inoltre come e per quale scopo vengono raccolti.<\/p><p>Desideriamo sottolineare che la trasmissione di dati su Internet (ad esempio, la comunicazione via e-mail) pu\u00f2 presentare lacune nella sicurezza. Non \u00e8 possibile proteggere completamente i dati dall'accesso di terzi.<\/p><h3>Nota sull'organismo responsabile<\/h3><p>Il responsabile del trattamento dei dati su questo sito web \u00e8<\/p><p>Associazione del Geoparco Braunschweiger Land - Ostfalen e.V.<br \/>Niedernhof 6<br \/>38154 K\u00f6nigslutter<\/p><p>Rappresentato da:<br \/>Christiana Steinbr\u00fcgge<\/p><p>Telefono: 05353 3003<br \/>E-mail: info@geopark-hblo.de<\/p><p>Il responsabile del trattamento \u00e8 la persona fisica o giuridica che, da sola o insieme ad altri, determina le finalit\u00e0 e i mezzi del trattamento dei dati personali (ad esempio, nomi, indirizzi e-mail, ecc.).<\/p><h3>Revoca del consenso al trattamento dei dati<\/h3><p>Molte operazioni di trattamento dei dati sono possibili solo con il vostro consenso esplicito. Potete revocare in qualsiasi momento il consenso che avete gi\u00e0 dato. \u00c8 sufficiente inviare un'e-mail informale. La legalit\u00e0 del trattamento dei dati effettuato fino alla revoca rimane inalterata.<\/p><h3>Diritto di opporsi alla raccolta dei dati in casi particolari e al marketing diretto (Art. 21 GDPR)<\/h3><p><strong>Se il trattamento dei dati avviene sulla base dell'art. 6 par. 1 lit. e o f GDPR, avete il diritto di opporvi in qualsiasi momento al trattamento dei vostri dati personali per motivi derivanti dalla vostra situazione particolare; ci\u00f2 vale anche per la profilazione basata su tali disposizioni. Le rispettive basi giuridiche su cui si fonda il trattamento sono riportate nella presente informativa sulla privacy. Se presentate un'obiezione, non tratteremo pi\u00f9 i vostri dati personali in questione, a meno che non possiamo dimostrare motivi legittimi impellenti per il trattamento che prevalgono sui vostri interessi, diritti e libert\u00e0 o il trattamento serve per l'istituzione, l'esercizio o la difesa di rivendicazioni legali (obiezione ai sensi dell'art. 21 (1) GDPR).<\/strong><\/p><p><strong>Se i vostri dati personali sono trattati per finalit\u00e0 di marketing diretto, avete il diritto di opporvi in qualsiasi momento al trattamento dei dati personali che vi riguardano per tali finalit\u00e0; ci\u00f2 vale anche per la profilazione nella misura in cui \u00e8 associata a tale marketing diretto. In caso di opposizione, i vostri dati personali non saranno pi\u00f9 utilizzati per finalit\u00e0 di marketing diretto (opposizione ai sensi dell'art. 21 (2) GDPR).<\/strong><\/p><h3>Diritto di presentare un reclamo all'autorit\u00e0 di controllo competente<\/h3><p>In caso di violazioni del GDPR, gli interessati hanno il diritto di presentare un reclamo a un'autorit\u00e0 di controllo, in particolare nello Stato membro in cui risiedono abitualmente, lavorano o in cui si \u00e8 verificata la presunta violazione. Il diritto di presentare un reclamo non pregiudica eventuali altri rimedi amministrativi o giudiziari.<\/p><h3>Diritto alla portabilit\u00e0 dei dati<\/h3><p>Avete il diritto di ottenere che i dati da noi trattati automaticamente sulla base del vostro consenso o in adempimento di un contratto vengano consegnati a voi o a terzi in un formato comunemente utilizzato e leggibile da una macchina. Se richiedete il trasferimento diretto dei dati a un altro responsabile del trattamento, ci\u00f2 avverr\u00e0 solo nella misura in cui ci\u00f2 sia tecnicamente possibile.<\/p><h3>Crittografia SSL o TLS<\/h3><p>Questo sito utilizza la crittografia SSL o TLS per motivi di sicurezza e per proteggere la trasmissione di contenuti riservati, come gli ordini o le richieste di informazioni che ci inviate in qualit\u00e0 di gestore del sito. \u00c8 possibile riconoscere una connessione crittografata dal fatto che la riga dell'indirizzo del browser passa da \"http:\/\/\" a \"https:\/\/\" e dal simbolo del lucchetto nella riga del browser.<\/p><p>Se la crittografia SSL o TLS \u00e8 attivata, i dati che ci trasmettete non possono essere letti da terzi.<\/p><h3>Informazioni, blocco, cancellazione e rettifica<\/h3><p>Nell'ambito delle disposizioni di legge applicabili, avete il diritto di ricevere informazioni gratuite sui vostri dati personali memorizzati, sulla loro origine e sui destinatari e sullo scopo del trattamento dei dati e, se necessario, il diritto alla correzione, al blocco o alla cancellazione di tali dati in qualsiasi momento. Per ulteriori domande sul tema dei dati personali, potete contattarci in qualsiasi momento all'indirizzo indicato nella nota legale.<\/p><h3>Diritto alla limitazione del trattamento<\/h3><p>Avete il diritto di richiedere la limitazione del trattamento dei vostri dati personali. A tal fine, potete contattarci in qualsiasi momento all'indirizzo indicato nella nota legale. Il diritto alla limitazione del trattamento sussiste nei seguenti casi:<\/p><ul><li>Se contestate l'esattezza dei vostri dati personali da noi memorizzati, in genere abbiamo bisogno di tempo per verificarla. Per la durata della verifica, avete il diritto di chiedere che il trattamento dei vostri dati personali sia limitato.<\/li><li>Se il trattamento dei vostri dati personali \u00e8 stato\/\u00e8 effettuato illegalmente, potete richiedere la limitazione del trattamento dei dati invece della cancellazione.<\/li><li>Se non abbiamo pi\u00f9 bisogno dei vostri dati personali, ma vi servono per l'esercizio, la difesa o l'affermazione di diritti legali, avete il diritto di richiedere la limitazione del trattamento dei vostri dati personali invece della loro cancellazione.<\/li><li>Se avete presentato un'obiezione ai sensi dell'art. 21 (1) GDPR, \u00e8 necessario trovare un equilibrio tra i vostri interessi e i nostri. Finch\u00e9 non \u00e8 ancora stato stabilito quali interessi prevalgono, avete il diritto di chiedere la limitazione del trattamento dei vostri dati personali.<\/li><\/ul><p>Se avete limitato il trattamento dei vostri dati personali, questi - a parte la loro conservazione - potranno essere trattati solo con il vostro consenso o per l'accertamento, l'esercizio o la difesa di diritti legali o per la tutela dei diritti di un'altra persona fisica o giuridica o per motivi di rilevante interesse pubblico dell'Unione europea o di uno Stato membro.<\/p><p>\u00a0<\/p><h2>3. raccolta di dati sul nostro sito web<\/h2><p>\u00a0<\/p><h3>Biscotti<\/h3><p>Alcune pagine Internet utilizzano i cosiddetti cookie. I cookie non danneggiano il computer e non contengono virus. I cookie vengono utilizzati per rendere il nostro sito web pi\u00f9 facile da usare, efficace e sicuro. I cookie sono piccoli file di testo che vengono memorizzati sul vostro computer e salvati dal vostro browser.<\/p><p>La maggior parte dei cookie che utilizziamo sono i cosiddetti \"cookie di sessione\". Vengono cancellati automaticamente al termine della visita. Altri cookie rimangono memorizzati sul vostro dispositivo finale finch\u00e9 non li cancellate. Questi cookie ci permettono di riconoscere il vostro browser alla vostra prossima visita.<\/p><p>Potete impostare il vostro browser in modo da essere informati sull'impostazione dei cookie e consentire i cookie solo in singoli casi, escludere l'accettazione dei cookie per determinati casi o in generale e attivare la cancellazione automatica dei cookie alla chiusura del browser. Se i cookie vengono disattivati, la funzionalit\u00e0 di questo sito web potrebbe essere limitata.<\/p><p>I cookie necessari per eseguire il processo di comunicazione elettronica o per fornire determinate funzioni richieste dall'utente (ad es. la funzione carrello) vengono memorizzati sulla base dell'art. 6 par. 1 lett. f GDPR. Il gestore del sito web ha un interesse legittimo alla memorizzazione dei cookie per la fornitura tecnicamente priva di errori e ottimizzata dei propri servizi. Nella misura in cui vengono memorizzati altri cookie (ad es. cookie per l'analisi del comportamento di navigazione), questi vengono trattati separatamente nella presente informativa sulla privacy.<\/p><h3>File di log del server<\/h3><p>Il fornitore delle pagine raccoglie e memorizza automaticamente le informazioni nei cosiddetti file di log del server, che il vostro browser ci trasmette automaticamente. Questi sono<\/p><ul><li>Tipo e versione del browser<\/li><li>Sistema operativo utilizzato<\/li><li>URL di riferimento<\/li><li>Nome host del computer di accesso<\/li><li>Ora della richiesta del server<\/li><li>Indirizzo IP<\/li><\/ul><p>Questi dati non vengono uniti ad altre fonti di dati.<\/p><p>Questi dati vengono raccolti sulla base dell'art. 6 comma 1 lett. f GDPR. Il gestore del sito web ha un interesse legittimo alla presentazione tecnicamente priva di errori e all'ottimizzazione del proprio sito web - a tal fine \u00e8 necessario registrare i file di log del server.<\/p><h3>Modulo di contatto<\/h3><p>Se ci inviate richieste di informazioni tramite il modulo di contatto, i vostri dati del modulo di richiesta, compresi i dati di contatto che ci avete fornito, saranno memorizzati da noi allo scopo di elaborare la richiesta e in caso di domande successive. Non trasmetteremo questi dati senza il vostro consenso.<\/p><p>I dati inseriti nel modulo di contatto vengono pertanto trattati esclusivamente sulla base del vostro consenso (art. 6 par. 1 lett. a GDPR). Potete revocare questo consenso in qualsiasi momento. \u00c8 sufficiente inviare un'e-mail informale. La legalit\u00e0 delle operazioni di trattamento dei dati effettuate fino alla revoca rimane inalterata.<\/p><p>Conserveremo i dati forniti dall'utente nel modulo di contatto fino a quando l'utente non ne richieder\u00e0 la cancellazione, non revocher\u00e0 il proprio consenso alla conservazione o non verr\u00e0 meno lo scopo della conservazione (ad esempio, dopo aver soddisfatto la richiesta). Le disposizioni di legge obbligatorie, in particolare i periodi di conservazione, rimangono inalterate.<\/p><h3>Richiesta via e-mail, telefono o fax<\/h3><p>Se ci contattate via e-mail, telefono o fax, la vostra richiesta, compresi tutti i dati personali (nome, richiesta), verr\u00e0 memorizzata ed elaborata da noi allo scopo di evadere la vostra richiesta. Non trasmetteremo questi dati senza il vostro consenso.<\/p><p>Questi dati vengono elaborati sulla base dell'art. 6 comma 1 lett. b GDPR se la vostra richiesta \u00e8 legata all'adempimento di un contratto o \u00e8 necessaria per l'attuazione di misure precontrattuali. In tutti gli altri casi, il trattamento si basa sul vostro consenso (art. 6 cpv. 1 lett. a GDPR) e\/o sui nostri legittimi interessi (art. 6 cpv. 1 lett. f GDPR), in quanto abbiamo un interesse legittimo al trattamento efficace delle richieste che ci vengono rivolte.<\/p><p>I dati che ci inviate tramite le richieste di contatto rimarranno presso di noi fino a quando non ci chiederete di cancellarli, non revocherete il vostro consenso alla memorizzazione o lo scopo della memorizzazione dei dati non sar\u00e0 pi\u00f9 valido (ad esempio dopo l'elaborazione della vostra richiesta). Le disposizioni di legge obbligatorie, in particolare i periodi di conservazione previsti dalla legge, rimangono inalterate.<\/p><p>\u00a0<\/p><h2>4. plugin e strumenti<\/h2><p>\u00a0<\/p><h3>Google Web Fonts<\/h3><p>Questo sito utilizza i cosiddetti web font forniti da Google per la visualizzazione standardizzata dei caratteri. Quando si richiama una pagina, il browser carica i web font necessari nella cache del browser per visualizzare correttamente testi e caratteri.<\/p><p>A tal fine, il browser utilizzato deve collegarsi ai server di Google. In questo modo Google viene informato che il nostro sito web \u00e8 stato visitato tramite il vostro indirizzo IP. L'utilizzo di Google Web Fonts avviene nell'interesse di una presentazione uniforme e accattivante delle nostre offerte online. Ci\u00f2 costituisce un interesse legittimo ai sensi dell'art. 6 comma 1 lett. f GDPR.<\/p><p>Se il browser non supporta i font web, il computer utilizzer\u00e0 un font standard.<\/p><p>Ulteriori informazioni su Google Web Fonts sono disponibili all'indirizzo\u00a0<a href=\"https:\/\/developers.google.com\/fonts\/faq\" target=\"_blank\" rel=\"noopener\">https:\/\/developers.google.com\/fonts\/faq<\/a>\u00a0e nell'informativa sulla privacy di Google:\u00a0<a href=\"https:\/\/policies.google.com\/privacy?hl=de\" target=\"_blank\" rel=\"noopener\">https:\/\/policies.google.com\/privacy?hl=de<\/a>.<\/p><p>Fonte:\u00a0<a href=\"https:\/\/www.e-recht24.de\/\">e-recht24.de<\/a>Christiana<\/p>\t\t\t\t\t\t\t\t<\/div>\n\t\t\t\t<\/div>\n\t\t\t\t\t<\/div>\n\t\t<\/div>\n\t\t\t\t\t<\/div>\n\t\t<\/section>\n\t\t\t\t\t<\/div>\n\t\t<\/div>\n\t\t\t\t\t<\/div>\n\t\t<\/section>\n\t\t\t\t<\/div>","protected":false},"excerpt":{"rendered":"<p class=\"excerpt\">Datenschutzerkl\u00e4rung 1. Datenschutz auf einen Blick \u00a0 Allgemeine Hinweise Die folgenden Hinweise geben einen einfachen \u00dcberblick dar\u00fcber, was mit Ihren personenbezogenen Daten passiert, wenn Sie unsere Website besuchen. Personenbezogene Daten sind alle Daten, mit denen Sie pers\u00f6nlich identifiziert werden k\u00f6nnen. Ausf\u00fchrliche Informationen zum Thema Datenschutz entnehmen Sie unserer unter diesem Text aufgef\u00fchrten Datenschutzerkl\u00e4rung. Datenerfassung auf [&hellip;]<\/p>","protected":false},"author":1,"featured_media":0,"parent":0,"menu_order":0,"comment_status":"closed","ping_status":"closed","template":"template-blank.php","meta":{"footnotes":"","_links_to":"","_links_to_target":""},"class_list":["post-627","page","type-page","status-publish","hentry"],"_links":{"self":[{"href":"https:\/\/geopark-hblo.de\/it\/wp-json\/wp\/v2\/pages\/627","targetHints":{"allow":["GET"]}}],"collection":[{"href":"https:\/\/geopark-hblo.de\/it\/wp-json\/wp\/v2\/pages"}],"about":[{"href":"https:\/\/geopark-hblo.de\/it\/wp-json\/wp\/v2\/types\/page"}],"author":[{"embeddable":true,"href":"https:\/\/geopark-hblo.de\/it\/wp-json\/wp\/v2\/users\/1"}],"replies":[{"embeddable":true,"href":"https:\/\/geopark-hblo.de\/it\/wp-json\/wp\/v2\/comments?post=627"}],"version-history":[{"count":8,"href":"https:\/\/geopark-hblo.de\/it\/wp-json\/wp\/v2\/pages\/627\/revisions"}],"predecessor-version":[{"id":26316,"href":"https:\/\/geopark-hblo.de\/it\/wp-json\/wp\/v2\/pages\/627\/revisions\/26316"}],"wp:attachment":[{"href":"https:\/\/geopark-hblo.de\/it\/wp-json\/wp\/v2\/media?parent=627"}],"curies":[{"name":"wp","href":"https:\/\/api.w.org\/{rel}","templated":true}]}}