{"id":623,"date":"2020-04-20T05:50:48","date_gmt":"2020-04-20T03:50:48","guid":{"rendered":"http:\/\/geopark-hblo.de\/?page_id=623"},"modified":"2024-11-06T13:15:04","modified_gmt":"2024-11-06T12:15:04","slug":"mentions-legales","status":"publish","type":"page","link":"https:\/\/geopark-hblo.de\/fr\/mentions-legales\/","title":{"rendered":"Mentions l\u00e9gales"},"content":{"rendered":"<div data-elementor-type=\"wp-page\" data-elementor-id=\"623\" class=\"elementor elementor-623\" data-elementor-post-type=\"page\">\n\t\t\t\t\t\t<section class=\"elementor-section elementor-top-section elementor-element elementor-element-7ef96c9 elementor-section-boxed elementor-section-height-default elementor-section-height-default\" data-id=\"7ef96c9\" data-element_type=\"section\">\n\t\t\t\t\t\t<div class=\"elementor-container elementor-column-gap-default\">\n\t\t\t\t\t<div class=\"elementor-column elementor-col-100 elementor-top-column elementor-element elementor-element-16157add\" data-id=\"16157add\" data-element_type=\"column\">\n\t\t\t<div class=\"elementor-widget-wrap elementor-element-populated\">\n\t\t\t\t\t\t<section class=\"elementor-section elementor-inner-section elementor-element elementor-element-46dbf06c elementor-section-boxed elementor-section-height-default elementor-section-height-default\" data-id=\"46dbf06c\" data-element_type=\"section\">\n\t\t\t\t\t\t<div class=\"elementor-container elementor-column-gap-default\">\n\t\t\t\t\t<div class=\"elementor-column elementor-col-100 elementor-inner-column elementor-element elementor-element-7f0eaa48\" data-id=\"7f0eaa48\" data-element_type=\"column\">\n\t\t\t<div class=\"elementor-widget-wrap elementor-element-populated\">\n\t\t\t\t\t\t<div class=\"elementor-element elementor-element-d983cc1 elementor-widget elementor-widget-heading\" data-id=\"d983cc1\" data-element_type=\"widget\" data-widget_type=\"heading.default\">\n\t\t\t\t<div class=\"elementor-widget-container\">\n\t\t\t\t\t<h1 class=\"elementor-heading-title elementor-size-default\">Mentions l\u00e9gales<\/h1>\t\t\t\t<\/div>\n\t\t\t\t<\/div>\n\t\t\t\t<div class=\"elementor-element elementor-element-3905b363 elementor-widget-divider--view-line elementor-widget elementor-widget-divider\" data-id=\"3905b363\" data-element_type=\"widget\" data-widget_type=\"divider.default\">\n\t\t\t\t<div class=\"elementor-widget-container\">\n\t\t\t\t\t\t\t<div class=\"elementor-divider\">\n\t\t\t<span class=\"elementor-divider-separator\">\n\t\t\t\t\t\t<\/span>\n\t\t<\/div>\n\t\t\t\t\t\t<\/div>\n\t\t\t\t<\/div>\n\t\t\t\t<div class=\"elementor-element elementor-element-3720d460 elementor-widget elementor-widget-text-editor\" data-id=\"3720d460\" data-element_type=\"widget\" data-widget_type=\"text-editor.default\">\n\t\t\t\t<div class=\"elementor-widget-container\">\n\t\t\t\t\t\t\t\t\t<p class=\"font_8\">Association de gestion du Geopark Braunschweiger Land - Ostfalen e. V.\u00a0<\/p><p class=\"font_8\">Niedernhof 6, 38154 K\u00f6nigslutter am Elm<\/p><p class=\"font_8\">T\u00e9l\u00e9phone : +49 (0) 5353 3003<\/p><p class=\"font_8\">eMail :\u00a0<a href=\"mailto:info@geopark-hblo.de\" target=\"_blank\" rel=\"noopener\">info@geopark-hblo.de<\/a><\/p><p class=\"font_8\">Internet :\u00a0<a href=\"https:\/\/geopark-hblo.de\/fr\/\">www.geopark-hblo.de<\/a><\/p><p class=\"font_8\">Comit\u00e9 directeur autoris\u00e9 \u00e0 repr\u00e9senter : Christiana Steinbr\u00fcgge (Landr\u00e4tin Wolfenb\u00fcttel), Gerhard Radeck (Landrat Helmstedt)<\/p><p class=\"font_8\">Tribunal d'enregistrement : Tribunal d'instance de Braunschweig<\/p><p class=\"font_8\">Num\u00e9ro d'enregistrement : 201443<\/p><p>\u00a0<\/p><p>\u00a0<\/p><p class=\"font_8\"><span style=\"text-decoration: underline;\"><strong><span style=\"color: rgba(0, 0, 0, 0.85); font-family: var( --e-global-typography-text-font-family ), Sans-serif; font-size: 1.5rem; text-decoration: underline;\">Disclaimer - informations juridiques<\/span><\/strong><\/span><\/p><p class=\"font_8\">\u00a7 1 Limitation de la responsabilit\u00e9<br \/>Les contenus de ce site web sont \u00e9labor\u00e9s avec le plus grand soin. Le fournisseur n'assume toutefois aucune garantie quant \u00e0 l'exactitude, l'exhaustivit\u00e9 et l'actualit\u00e9 des contenus mis \u00e0 disposition. L'utilisation des contenus du site web se fait aux risques et p\u00e9rils de l'utilisateur. Les contributions nomm\u00e9es refl\u00e8tent l'opinion de l'auteur respectif et pas toujours celle du fournisseur. La simple utilisation du site web du fournisseur ne donne lieu \u00e0 aucune relation contractuelle entre l'utilisateur et le fournisseur.\u00a0<\/p><p>\u00a7 2 Liens externes<br \/>Ce site web contient des liens vers des sites web de tiers (\"liens externes\"). Ces sites sont soumis \u00e0 la responsabilit\u00e9 de leurs exploitants respectifs. Lors de la premi\u00e8re mise en place des liens externes, le fournisseur a v\u00e9rifi\u00e9 si les contenus externes pr\u00e9sentaient d'\u00e9ventuelles violations de la loi. Aucune violation de la loi n'a \u00e9t\u00e9 constat\u00e9e \u00e0 ce moment-l\u00e0. Le fournisseur n'a aucune influence sur la conception actuelle et future et sur les contenus des pages li\u00e9es. La mise en place de liens externes ne signifie pas que le fournisseur s'approprie les contenus se trouvant derri\u00e8re le renvoi ou le lien. Un contr\u00f4le permanent des liens externes ne peut \u00eatre exig\u00e9 du fournisseur sans indication concr\u00e8te de violations de la loi. En cas de prise de connaissance d'une violation de la loi, de tels liens externes seront toutefois imm\u00e9diatement supprim\u00e9s.\u00a0<\/p><p>\u00a7 3 Droits d'auteur et droits voisins<br \/>Les contenus publi\u00e9s sur ce site Internet sont soumis au droit d'auteur et aux droits voisins allemands. Toute utilisation non autoris\u00e9e par le droit d'auteur et les droits voisins allemands requiert l'accord \u00e9crit pr\u00e9alable du fournisseur ou du d\u00e9tenteur des droits. Cela s'applique en particulier \u00e0 la reproduction, au traitement, \u00e0 la traduction, \u00e0 l'enregistrement, au traitement ou \u00e0 la restitution de contenus dans des bases de donn\u00e9es ou d'autres m\u00e9dias et syst\u00e8mes \u00e9lectroniques. Les contenus et les droits de tiers sont signal\u00e9s comme tels. La reproduction ou la transmission non autoris\u00e9e de contenus individuels ou de pages compl\u00e8tes est interdite et punissable. Seule la r\u00e9alisation de copies et de t\u00e9l\u00e9chargements pour un usage personnel, priv\u00e9 et non commercial est autoris\u00e9e.\u00a0<\/p><p>La repr\u00e9sentation de ce site web dans des cadres \u00e9trangers n'est autoris\u00e9e qu'avec une permission \u00e9crite.\u00a0<\/p><p>\u00a7 4 Conditions d'utilisation particuli\u00e8res<br \/>Dans la mesure o\u00f9 des conditions particuli\u00e8res pour certaines utilisations de ce site web diff\u00e8rent des paragraphes susmentionn\u00e9s, il en est fait express\u00e9ment mention \u00e0 l'endroit correspondant. Dans ce cas, les conditions d'utilisation particuli\u00e8res s'appliquent au cas par cas.<\/p><p class=\"font_8\">Source : Mentions l\u00e9gales g\u00e9n\u00e9r\u00e9es sur\u00a0<a href=\"http:\/\/www.juraforum.de\/impressum-generator\/\" target=\"_blank\" rel=\"noopener\" data-content=\"http:\/\/www.juraforum.de\/impressum-generator\/\" data-type=\"external\">juraforum.fr<\/a><\/p>\t\t\t\t\t\t\t\t<\/div>\n\t\t\t\t<\/div>\n\t\t\t\t\t<\/div>\n\t\t<\/div>\n\t\t\t\t\t<\/div>\n\t\t<\/section>\n\t\t\t\t\t<\/div>\n\t\t<\/div>\n\t\t\t\t\t<\/div>\n\t\t<\/section>\n\t\t\t\t<\/div>","protected":false},"excerpt":{"rendered":"<p class=\"excerpt\">Impressum Geopark-Tr\u00e4gerverein Braunschweiger Land \u2013 Ostfalen e. V.\u00a0 Niedernhof 6, 38154 K\u00f6nigslutter am Elm Telefon: +49 (0) 5353 3003 eMail:\u00a0info@geopark-hblo.de Internet:\u00a0www.geopark-hblo.de Vertretungsberechtigter Vorstand: Christiana Steinbr\u00fcgge (Landr\u00e4tin Wolfenb\u00fcttel), Gerhard Radeck (Landrat Helmstedt) Registergericht: Amtsgericht Braunschweig Registernummer: 201443 \u00a0 \u00a0 Disclaimer \u2013 rechtliche Hinweise \u00a7 1 Haftungsbeschr\u00e4nkungDie Inhalte dieser Website werden mit gr\u00f6\u00dftm\u00f6glicher Sorgfalt erstellt. Der Anbieter [&hellip;]<\/p>","protected":false},"author":1,"featured_media":0,"parent":0,"menu_order":0,"comment_status":"closed","ping_status":"closed","template":"template-blank.php","meta":{"footnotes":"","_links_to":"","_links_to_target":""},"class_list":["post-623","page","type-page","status-publish","hentry"],"_links":{"self":[{"href":"https:\/\/geopark-hblo.de\/fr\/wp-json\/wp\/v2\/pages\/623","targetHints":{"allow":["GET"]}}],"collection":[{"href":"https:\/\/geopark-hblo.de\/fr\/wp-json\/wp\/v2\/pages"}],"about":[{"href":"https:\/\/geopark-hblo.de\/fr\/wp-json\/wp\/v2\/types\/page"}],"author":[{"embeddable":true,"href":"https:\/\/geopark-hblo.de\/fr\/wp-json\/wp\/v2\/users\/1"}],"replies":[{"embeddable":true,"href":"https:\/\/geopark-hblo.de\/fr\/wp-json\/wp\/v2\/comments?post=623"}],"version-history":[{"count":10,"href":"https:\/\/geopark-hblo.de\/fr\/wp-json\/wp\/v2\/pages\/623\/revisions"}],"predecessor-version":[{"id":26322,"href":"https:\/\/geopark-hblo.de\/fr\/wp-json\/wp\/v2\/pages\/623\/revisions\/26322"}],"wp:attachment":[{"href":"https:\/\/geopark-hblo.de\/fr\/wp-json\/wp\/v2\/media?parent=623"}],"curies":[{"name":"wp","href":"https:\/\/api.w.org\/{rel}","templated":true}]}}