{"id":13867,"date":"2021-04-23T10:58:59","date_gmt":"2021-04-23T08:58:59","guid":{"rendered":"https:\/\/geopark-hblo.de\/?page_id=13867"},"modified":"2021-12-16T14:58:47","modified_gmt":"2021-12-16T13:58:47","slug":"fledermaus-buchenwald-und-pferdestall","status":"publish","type":"page","link":"https:\/\/geopark-hblo.de\/fr\/fledermaus-buchenwald-und-pferdestall\/","title":{"rendered":"Fledermaus, Buchenwald und Pferdestall"},"content":{"rendered":"<div data-elementor-type=\"wp-page\" data-elementor-id=\"13867\" class=\"elementor elementor-13867\" data-elementor-post-type=\"page\">\n\t\t\t\t\t\t<section class=\"elementor-section elementor-top-section elementor-element elementor-element-d5fdaf5 elementor-section-boxed elementor-section-height-default elementor-section-height-default\" data-id=\"d5fdaf5\" data-element_type=\"section\" data-settings=\"{&quot;background_background&quot;:&quot;classic&quot;}\">\n\t\t\t\t\t\t<div class=\"elementor-container elementor-column-gap-default\">\n\t\t\t\t\t<div class=\"elementor-column elementor-col-100 elementor-top-column elementor-element elementor-element-02ff5aa\" data-id=\"02ff5aa\" data-element_type=\"column\">\n\t\t\t<div class=\"elementor-widget-wrap elementor-element-populated\">\n\t\t\t\t\t\t<section class=\"elementor-section elementor-inner-section elementor-element elementor-element-125ddbd elementor-section-boxed elementor-section-height-default elementor-section-height-default\" data-id=\"125ddbd\" data-element_type=\"section\">\n\t\t\t\t\t\t<div class=\"elementor-container elementor-column-gap-default\">\n\t\t\t\t\t<div class=\"elementor-column elementor-col-50 elementor-inner-column elementor-element elementor-element-fa77722\" data-id=\"fa77722\" data-element_type=\"column\">\n\t\t\t<div class=\"elementor-widget-wrap elementor-element-populated\">\n\t\t\t\t\t\t<div class=\"elementor-element elementor-element-499d53b elementor-widget elementor-widget-heading\" data-id=\"499d53b\" data-element_type=\"widget\" data-widget_type=\"heading.default\">\n\t\t\t\t<div class=\"elementor-widget-container\">\n\t\t\t\t\t<h1 class=\"elementor-heading-title elementor-size-default\">Fledermaus, Buchenwald &amp; Forsthaus <\/h1>\t\t\t\t<\/div>\n\t\t\t\t<\/div>\n\t\t\t\t<div class=\"elementor-element elementor-element-f7aaad0 elementor-widget-divider--view-line elementor-widget elementor-widget-divider\" data-id=\"f7aaad0\" data-element_type=\"widget\" data-widget_type=\"divider.default\">\n\t\t\t\t<div class=\"elementor-widget-container\">\n\t\t\t\t\t\t\t<div class=\"elementor-divider\">\n\t\t\t<span class=\"elementor-divider-separator\">\n\t\t\t\t\t\t<\/span>\n\t\t<\/div>\n\t\t\t\t\t\t<\/div>\n\t\t\t\t<\/div>\n\t\t\t\t<div class=\"elementor-element elementor-element-8bac3c6 elementor-cta--skin-classic elementor-animated-content elementor-bg-transform elementor-bg-transform-zoom-in elementor-widget elementor-widget-call-to-action\" data-id=\"8bac3c6\" data-element_type=\"widget\" data-widget_type=\"call-to-action.default\">\n\t\t\t\t<div class=\"elementor-widget-container\">\n\t\t\t\t\t\t\t<div class=\"elementor-cta\">\n\t\t\t\t\t<div class=\"elementor-cta__bg-wrapper\">\n\t\t\t\t<div class=\"elementor-cta__bg elementor-bg\" style=\"background-image: url(https:\/\/geopark-hblo.de\/wp-content\/uploads\/2021\/11\/Hannah-und-Vincent-Mesekenheide-768x1024.jpeg);\" role=\"img\" aria-label=\"Hannah und Vincent Mesekenheide\"><\/div>\n\t\t\t\t<div class=\"elementor-cta__bg-overlay\"><\/div>\n\t\t\t<\/div>\n\t\t\t\t\t\t\t<div class=\"elementor-cta__content\">\n\t\t\t\t\n\t\t\t\t\t\t\t\t\t<h2 class=\"elementor-cta__title elementor-cta__content-item elementor-content-item\">\n\t\t\t\t\t\tFledermaus, Buchenwald &amp; Forsthaus\t\t\t\t\t<\/h2>\n\t\t\t\t\n\t\t\t\t\t\t\t\t\t<div class=\"elementor-cta__description elementor-cta__content-item elementor-content-item\">\n\t\t\t\t\t\tBei diesem gef\u00fchrten Spaziergang zur Meseckenheide kann man viel erleben. Die Gruppe wird an der Bushaltestelle abgeholt und es wird gemeinsam zum ersten Anlaufpunkt einem Fledermausquartier in einem alten Pumpenh\u00e4uschen gewandert. Dort unterhalten wir uns \u00fcber diese besonderen Tiere.\n\nVon hier aus geht es weiter zu einer Ruine, die vor einigen Jahren ausgegraben wurde. Hat hier mal eine alte Burg gestanden?\n\nWir wandern weiter an den Teichen in Bad Helmstedt entlang bis wir schlie\u00dflich in den Wald zur Meseckenheide kommen. Dort k\u00f6nnen die Kinder das Geb\u00e4ude der ehemaligen F\u00f6rsterei Meseckenheide, erkunden. Unterwegs gibt es spannende Tafeln zu entdecken und eine tolle Nestschaukel.\n\nNach einer Pause warten einige waldp\u00e4dagogische Spiele und Aktionen auf die Kinder.\n\nAuf dem Weg zur\u00fcck zum Quellenhof gibt es noch eine kleine \u00dcberraschung... <b><u>Dauer:<\/u><\/b> 2-3 Stunden <u><b>Treffpunkt:<\/b><\/u> Bushaltestelle am Quellenhof in Bad Helmstedt\t\t\t\t\t<\/div>\n\t\t\t\t\n\t\t\t\t\t\t\t\t\t<div class=\"elementor-cta__button-wrapper elementor-cta__content-item elementor-content-item\">\n\t\t\t\t\t<a class=\"elementor-cta__button elementor-button elementor-size-\">\n\t\t\t\t\t\tAlter: Grundschule\t\t\t\t\t<\/a>\n\t\t\t\t\t<\/div>\n\t\t\t\t\t\t\t<\/div>\n\t\t\t\t\t\t<\/div>\n\t\t\t\t\t\t<\/div>\n\t\t\t\t<\/div>\n\t\t\t\t\t<\/div>\n\t\t<\/div>\n\t\t\t\t<div class=\"elementor-column elementor-col-50 elementor-inner-column elementor-element elementor-element-fc0d6d6\" data-id=\"fc0d6d6\" data-element_type=\"column\">\n\t\t\t<div class=\"elementor-widget-wrap elementor-element-populated\">\n\t\t\t\t\t\t<div class=\"elementor-element elementor-element-1d8e702 elementor-hidden-phone elementor-widget elementor-widget-global elementor-global-456 elementor-widget-shortcode\" data-id=\"1d8e702\" data-element_type=\"widget\" data-widget_type=\"shortcode.default\">\n\t\t\t\t<div class=\"elementor-widget-container\">\n\t\t\t\t\t\t\t<div class=\"elementor-shortcode\"><nav id=\"bellows-main-18\" class=\"bellows bellows-nojs bellows-main bellows-source-menu bellows-align-full bellows-skin-vanilla\"><ul id=\"menu-angebote_sidebarmenu\" class=\"bellows-nav\" data-bellows-config=\"main\"><li id=\"menu-item-601\" class=\"bellows-menu-item bellows-menu-item-type-post_type bellows-menu-item-object-page bellows-menu-item-601 bellows-item-level-0\"><a  href=\"https:\/\/geopark-hblo.de\/fr\/offres\/classes-et-jardins-denfants\/standorte-und-kosten\/\" class=\"bellows-target\"><span class=\"bellows-target-title bellows-target-text\">Co\u00fbts<\/span><\/a><\/li>\n<li id=\"menu-item-455\" class=\"bellows-menu-item bellows-menu-item-type-post_type bellows-menu-item-object-page bellows-menu-item-has-children bellows-menu-item-455 bellows-item-level-0\"><a  href=\"https:\/\/geopark-hblo.de\/fr\/offres\/classes-et-jardins-denfants\/\" class=\"bellows-target\"><span class=\"bellows-target-title bellows-target-text\">Classes d'\u00e9cole et jardins d'enfants<\/span><span class=\"bellows-subtoggle\"><i class=\"bellows-subtoggle-icon-expand fa fa-chevron-down\"><\/i><i class=\"bellows-subtoggle-icon-collapse fa fa-chevron-up\"><\/i><\/span><\/a>\n<ul class=\"bellows-submenu\">\n\t<li id=\"menu-item-602\" class=\"bellows-menu-item bellows-menu-item-type-post_type bellows-menu-item-object-page bellows-menu-item-602 bellows-item-level-1\"><a  href=\"https:\/\/geopark-hblo.de\/fr\/offres\/classes-et-jardins-denfants\/waldgeheimnisse\/\" class=\"bellows-target\"><span class=\"bellows-target-title bellows-target-text\">Secrets de la for\u00eat<\/span><\/a><\/li>\n\t<li id=\"menu-item-603\" class=\"bellows-menu-item bellows-menu-item-type-post_type bellows-menu-item-object-page bellows-menu-item-603 bellows-item-level-1\"><a  href=\"https:\/\/geopark-hblo.de\/fr\/offres\/classes-et-jardins-denfants\/schueler-machen-zukunft\/\" class=\"bellows-target\"><span class=\"bellows-target-title bellows-target-text\">Les \u00e9l\u00e8ves font l'avenir<\/span><\/a><\/li>\n\t<li id=\"menu-item-18034\" class=\"bellows-menu-item bellows-menu-item-type-post_type bellows-menu-item-object-page bellows-menu-item-18034 bellows-item-level-1\"><a  href=\"https:\/\/geopark-hblo.de\/fr\/oelschieferabbau-und-das-kz-aussenlager-schandelah-wohld\/\" class=\"bellows-target\"><span class=\"bellows-target-title bellows-target-text\">L'extraction de schiste bitumineux et le camp de concentration de Schandelah-Wohld<\/span><\/a><\/li>\n\t<li id=\"menu-item-604\" class=\"bellows-menu-item bellows-menu-item-type-post_type bellows-menu-item-object-page bellows-menu-item-604 bellows-item-level-1\"><a  href=\"https:\/\/geopark-hblo.de\/fr\/offres\/classes-et-jardins-denfants\/nachts-im-wald\/\" class=\"bellows-target\"><span class=\"bellows-target-title bellows-target-text\">La nuit dans la for\u00eat<\/span><\/a><\/li>\n\t<li id=\"menu-item-614\" class=\"bellows-menu-item bellows-menu-item-type-post_type bellows-menu-item-object-page bellows-menu-item-614 bellows-item-level-1\"><a  href=\"https:\/\/geopark-hblo.de\/fr\/offres\/classes-et-jardins-denfants\/von-elfen-und-trollen\/\" class=\"bellows-target\"><span class=\"bellows-target-title bellows-target-text\">Des elfes et des trolls<\/span><\/a><\/li>\n\t<li id=\"menu-item-615\" class=\"bellows-menu-item bellows-menu-item-type-post_type bellows-menu-item-object-page bellows-menu-item-615 bellows-item-level-1\"><a  href=\"https:\/\/geopark-hblo.de\/fr\/offres\/classes-et-jardins-denfants\/maerchenzauber-zaubermaerchen\/\" class=\"bellows-target\"><span class=\"bellows-target-title bellows-target-text\">La magie des contes - Contes magiques<\/span><\/a><\/li>\n\t<li id=\"menu-item-616\" class=\"bellows-menu-item bellows-menu-item-type-post_type bellows-menu-item-object-page bellows-menu-item-616 bellows-item-level-1\"><a  href=\"https:\/\/geopark-hblo.de\/fr\/offres\/classes-et-jardins-denfants\/wasserwunderwelt\/\" class=\"bellows-target\"><span class=\"bellows-target-title bellows-target-text\">Le monde merveilleux de l'eau<\/span><\/a><\/li>\n\t<li id=\"menu-item-617\" class=\"bellows-menu-item bellows-menu-item-type-post_type bellows-menu-item-object-page bellows-menu-item-617 bellows-item-level-1\"><a  href=\"https:\/\/geopark-hblo.de\/fr\/offres\/classes-et-jardins-denfants\/feuer-erde-wasser-luft\/\" class=\"bellows-target\"><span class=\"bellows-target-title bellows-target-text\">Feu - Terre - Eau - Air<\/span><\/a><\/li>\n\t<li id=\"menu-item-618\" class=\"bellows-menu-item bellows-menu-item-type-post_type bellows-menu-item-object-page bellows-menu-item-618 bellows-item-level-1\"><a  href=\"https:\/\/geopark-hblo.de\/fr\/offres\/classes-et-jardins-denfants\/viel-meer-als-man-denkt\/\" class=\"bellows-target\"><span class=\"bellows-target-title bellows-target-text\">Beaucoup plus de mer qu'on ne le pense<\/span><\/a><\/li>\n\t<li id=\"menu-item-619\" class=\"bellows-menu-item bellows-menu-item-type-post_type bellows-menu-item-object-page bellows-menu-item-619 bellows-item-level-1\"><a  href=\"https:\/\/geopark-hblo.de\/fr\/offres\/classes-et-jardins-denfants\/fossiliensuche\/\" class=\"bellows-target\"><span class=\"bellows-target-title bellows-target-text\">Recherche de fossiles<\/span><\/a><\/li>\n\t<li id=\"menu-item-620\" class=\"bellows-menu-item bellows-menu-item-type-post_type bellows-menu-item-object-page bellows-menu-item-620 bellows-item-level-1\"><a  href=\"https:\/\/geopark-hblo.de\/fr\/offres\/classes-et-jardins-denfants\/ice-age\/\" class=\"bellows-target\"><span class=\"bellows-target-title bellows-target-text\">L'\u00e2ge de glace<\/span><\/a><\/li>\n\t<li id=\"menu-item-621\" class=\"bellows-menu-item bellows-menu-item-type-post_type bellows-menu-item-object-page bellows-menu-item-621 bellows-item-level-1\"><a  href=\"https:\/\/geopark-hblo.de\/fr\/offres\/classes-et-jardins-denfants\/klasse-gemeinschaft\/\" class=\"bellows-target\"><span class=\"bellows-target-title bellows-target-text\">Classe Communaut\u00e9<\/span><\/a><\/li>\n\t<li id=\"menu-item-13869\" class=\"bellows-menu-item bellows-menu-item-type-post_type bellows-menu-item-object-page bellows-menu-item-13869 bellows-item-level-1\"><a  href=\"https:\/\/geopark-hblo.de\/fr\/fledermaus-buchenwald-und-pferdestall\/\" class=\"bellows-target\"><span class=\"bellows-target-title bellows-target-text\">Chauve-souris, for\u00eat de h\u00eatres &amp; \u00e9curie<\/span><\/a><\/li>\n\t<li id=\"menu-item-20527\" class=\"bellows-menu-item bellows-menu-item-type-post_type bellows-menu-item-object-page bellows-menu-item-20527 bellows-item-level-1\"><a  href=\"https:\/\/geopark-hblo.de\/fr\/den-schnecken-auf-der-spur\/\" class=\"bellows-target\"><span class=\"bellows-target-title bellows-target-text\">Sur la piste des escargots<\/span><\/a><\/li>\n<\/ul>\n<\/li>\n<li id=\"menu-item-605\" class=\"bellows-menu-item bellows-menu-item-type-post_type bellows-menu-item-object-page bellows-menu-item-has-children bellows-menu-item-605 bellows-item-level-0\"><span  class=\"bellows-target\"><span class=\"bellows-target-title bellows-target-text\">Anniversaires d'enfants<\/span><span class=\"bellows-subtoggle\"><i class=\"bellows-subtoggle-icon-expand fa fa-chevron-down\"><\/i><i class=\"bellows-subtoggle-icon-collapse fa fa-chevron-up\"><\/i><\/span><\/span>\n<ul class=\"bellows-submenu\">\n\t<li id=\"menu-item-606\" class=\"bellows-menu-item bellows-menu-item-type-post_type bellows-menu-item-object-page bellows-menu-item-606 bellows-item-level-1\"><a  href=\"https:\/\/geopark-hblo.de\/fr\/offres\/kindergeburtstage\/rahmenbedingungen\/\" class=\"bellows-target\"><span class=\"bellows-target-title bellows-target-text\">Conditions g\u00e9n\u00e9rales<\/span><\/a><\/li>\n\t<li id=\"menu-item-607\" class=\"bellows-menu-item bellows-menu-item-type-post_type bellows-menu-item-object-page bellows-menu-item-607 bellows-item-level-1\"><a  href=\"https:\/\/geopark-hblo.de\/fr\/offres\/kindergeburtstage\/fossilien-geburtstag\/\" class=\"bellows-target\"><span class=\"bellows-target-title bellows-target-text\">\"Anniversaire \"Fossiles<\/span><\/a><\/li>\n\t<li id=\"menu-item-608\" class=\"bellows-menu-item bellows-menu-item-type-post_type bellows-menu-item-object-page bellows-menu-item-608 bellows-item-level-1\"><a  href=\"https:\/\/geopark-hblo.de\/fr\/offres\/kindergeburtstage\/naturforscher-geburtstag\/\" class=\"bellows-target\"><span class=\"bellows-target-title bellows-target-text\">\"Anniversaire \"naturaliste<\/span><\/a><\/li>\n\t<li id=\"menu-item-13872\" class=\"bellows-menu-item bellows-menu-item-type-post_type bellows-menu-item-object-page bellows-menu-item-13872 bellows-item-level-1\"><a  href=\"https:\/\/geopark-hblo.de\/fr\/starke-arme-kluge-koepfchen\/\" class=\"bellows-target\"><span class=\"bellows-target-title bellows-target-text\">Des bras forts &amp; des esprits intelligents<\/span><\/a><\/li>\n\t<li id=\"menu-item-609\" class=\"bellows-menu-item bellows-menu-item-type-post_type bellows-menu-item-object-page bellows-menu-item-609 bellows-item-level-1\"><a  href=\"https:\/\/geopark-hblo.de\/fr\/offres\/kindergeburtstage\/elfen-geburtstag\/\" class=\"bellows-target\"><span class=\"bellows-target-title bellows-target-text\">\"Anniversaire des \"elfes<\/span><\/a><\/li>\n\t<li id=\"menu-item-610\" class=\"bellows-menu-item bellows-menu-item-type-post_type bellows-menu-item-object-page bellows-menu-item-610 bellows-item-level-1\"><a  href=\"https:\/\/geopark-hblo.de\/fr\/offres\/kindergeburtstage\/wasserwunderwelt-geburtstag\/\" class=\"bellows-target\"><span class=\"bellows-target-title bellows-target-text\">\"Anniversaire du \"Monde merveilleux de l'eau<\/span><\/a><\/li>\n\t<li id=\"menu-item-622\" class=\"bellows-menu-item bellows-menu-item-type-post_type bellows-menu-item-object-page bellows-menu-item-622 bellows-item-level-1\"><a  href=\"https:\/\/geopark-hblo.de\/fr\/offres\/kindergeburtstage\/zeitreisen-im-infozentrum\/\" class=\"bellows-target\"><span class=\"bellows-target-title bellows-target-text\">Voyage dans le temps au centre d'information<\/span><\/a><\/li>\n<\/ul>\n<\/li>\n<li id=\"menu-item-17897\" class=\"bellows-menu-item bellows-menu-item-type-post_type bellows-menu-item-object-page bellows-menu-item-17897 bellows-item-level-0\"><a  href=\"https:\/\/geopark-hblo.de\/fr\/reiseangebote\/\" class=\"bellows-target\"><span class=\"bellows-target-title bellows-target-text\">Offres de voyage<\/span><\/a><\/li>\n<li id=\"menu-item-611\" class=\"bellows-menu-item bellows-menu-item-type-post_type bellows-menu-item-object-page bellows-menu-item-611 bellows-item-level-0\"><a  href=\"https:\/\/geopark-hblo.de\/fr\/offres\/fortbildungen\/\" class=\"bellows-target\"><span class=\"bellows-target-title bellows-target-text\">Formations continues<\/span><\/a><\/li>\n<li id=\"menu-item-612\" class=\"bellows-menu-item bellows-menu-item-type-post_type bellows-menu-item-object-page bellows-menu-item-612 bellows-item-level-0\"><a  href=\"https:\/\/geopark-hblo.de\/fr\/offres\/adultes\/\" class=\"bellows-target\"><span class=\"bellows-target-title bellows-target-text\">Adultes<\/span><\/a><\/li>\n<li id=\"menu-item-767\" class=\"bellows-menu-item bellows-menu-item-type-custom bellows-menu-item-object-custom bellows-menu-item-767 bellows-item-level-0\"><a  target=\"_blank\" href=\"http:\/\/geopark-hblo.de\/wp-content\/uploads\/2020\/04\/Geopark_Angebote-f\u00fcr-Schulen-und-Kinderg\u00e4rten.pdf\" class=\"bellows-target\"><span class=\"bellows-target-title bellows-target-text\">D\u00e9pliant Offres pour les \u00e9coles et les jardins d'enfants<\/span><\/a><\/li>\n<\/ul><\/nav><\/div>\n\t\t\t\t\t\t<\/div>\n\t\t\t\t<\/div>\n\t\t\t\t\t<\/div>\n\t\t<\/div>\n\t\t\t\t\t<\/div>\n\t\t<\/section>\n\t\t\t\t\t<\/div>\n\t\t<\/div>\n\t\t\t\t\t<\/div>\n\t\t<\/section>\n\t\t\t\t<\/div>","protected":false},"excerpt":{"rendered":"<p class=\"excerpt\">Fledermaus, Buchenwald &amp; Forsthaus Fledermaus, Buchenwald &amp; Forsthaus Bei diesem gef\u00fchrten Spaziergang zur Meseckenheide kann man viel erleben. Die Gruppe wird an der Bushaltestelle abgeholt und es wird gemeinsam zum ersten Anlaufpunkt einem Fledermausquartier in einem alten Pumpenh\u00e4uschen gewandert. Dort unterhalten wir uns \u00fcber diese besonderen Tiere. Von hier aus geht es weiter zu einer [&hellip;]<\/p>","protected":false},"author":2,"featured_media":0,"parent":0,"menu_order":0,"comment_status":"closed","ping_status":"closed","template":"template-blank.php","meta":{"footnotes":"","_links_to":"","_links_to_target":""},"class_list":["post-13867","page","type-page","status-publish","hentry"],"_links":{"self":[{"href":"https:\/\/geopark-hblo.de\/fr\/wp-json\/wp\/v2\/pages\/13867","targetHints":{"allow":["GET"]}}],"collection":[{"href":"https:\/\/geopark-hblo.de\/fr\/wp-json\/wp\/v2\/pages"}],"about":[{"href":"https:\/\/geopark-hblo.de\/fr\/wp-json\/wp\/v2\/types\/page"}],"author":[{"embeddable":true,"href":"https:\/\/geopark-hblo.de\/fr\/wp-json\/wp\/v2\/users\/2"}],"replies":[{"embeddable":true,"href":"https:\/\/geopark-hblo.de\/fr\/wp-json\/wp\/v2\/comments?post=13867"}],"version-history":[{"count":10,"href":"https:\/\/geopark-hblo.de\/fr\/wp-json\/wp\/v2\/pages\/13867\/revisions"}],"predecessor-version":[{"id":19661,"href":"https:\/\/geopark-hblo.de\/fr\/wp-json\/wp\/v2\/pages\/13867\/revisions\/19661"}],"wp:attachment":[{"href":"https:\/\/geopark-hblo.de\/fr\/wp-json\/wp\/v2\/media?parent=13867"}],"curies":[{"name":"wp","href":"https:\/\/api.w.org\/{rel}","templated":true}]}}