{"id":8687,"date":"2021-02-12T10:07:07","date_gmt":"2021-02-12T09:07:07","guid":{"rendered":"https:\/\/geopark-hblo.de\/?page_id=8687"},"modified":"2024-08-14T11:36:19","modified_gmt":"2024-08-14T09:36:19","slug":"descargas","status":"publish","type":"page","link":"https:\/\/geopark-hblo.de\/es\/descargas\/","title":{"rendered":"Descargas"},"content":{"rendered":"<div data-elementor-type=\"wp-page\" data-elementor-id=\"8687\" class=\"elementor elementor-8687\" data-elementor-post-type=\"page\">\n\t\t\t\t\t\t<section class=\"elementor-section elementor-top-section elementor-element elementor-element-1cc58f8 elementor-section-boxed elementor-section-height-default elementor-section-height-default\" data-id=\"1cc58f8\" data-element_type=\"section\" data-settings=\"{&quot;background_background&quot;:&quot;classic&quot;}\">\n\t\t\t\t\t\t<div class=\"elementor-container elementor-column-gap-default\">\n\t\t\t\t\t<div class=\"elementor-column elementor-col-66 elementor-top-column elementor-element elementor-element-199241f\" data-id=\"199241f\" data-element_type=\"column\">\n\t\t\t<div class=\"elementor-widget-wrap elementor-element-populated\">\n\t\t\t\t\t\t<div class=\"elementor-element elementor-element-6dd6d0c elementor-hidden-desktop elementor-widget elementor-widget-global elementor-global-8703 elementor-widget-html\" data-id=\"6dd6d0c\" data-element_type=\"widget\" data-widget_type=\"html.default\">\n\t\t\t\t<div class=\"elementor-widget-container\">\n\t\t\t\t\t<nav id=\"bellows-main-378\" class=\"bellows bellows-nojs bellows-main bellows-source-menu bellows-align-full bellows-skin-vanilla\"><ul id=\"menu-downloads_sidebarmenu\" class=\"bellows-nav\" data-bellows-config=\"main\"><li class=\"bellows-menu-item bellows-menu-item-type-post_type bellows-menu-item-object-page bellows-menu-item-8738 bellows-item-level-0\"><a  href=\"https:\/\/geopark-hblo.de\/es\/elementor-8729\/\" class=\"bellows-target\"><span class=\"bellows-target-title bellows-target-text\">Paneles informativos<\/span><\/a><\/li>\n<li class=\"bellows-menu-item bellows-menu-item-type-post_type bellows-menu-item-object-page bellows-menu-item-has-children bellows-menu-item-8739 bellows-item-level-0\"><a  href=\"https:\/\/geopark-hblo.de\/es\/elementor-8724\/\" class=\"bellows-target\"><span class=\"bellows-target-title bellows-target-text\">Ni\u00f1os<\/span><span class=\"bellows-subtoggle\"><i class=\"bellows-subtoggle-icon-expand fa fa-chevron-down\"><\/i><i class=\"bellows-subtoggle-icon-collapse fa fa-chevron-up\"><\/i><\/span><\/a>\n<ul class=\"bellows-submenu\">\n\t<li class=\"bellows-menu-item bellows-menu-item-type-post_type bellows-menu-item-object-page bellows-menu-item-21822 bellows-item-level-1\"><a  href=\"https:\/\/geopark-hblo.de\/es\/instrucciones-para-manualidades\/\" class=\"bellows-target\"><span class=\"bellows-target-title bellows-target-text\">Instrucciones<\/span><\/a><\/li>\n<\/ul>\n<\/li>\n<li class=\"bellows-menu-item bellows-menu-item-type-post_type bellows-menu-item-object-page bellows-menu-item-8740 bellows-item-level-0\"><a  href=\"https:\/\/geopark-hblo.de\/es\/elementor-8719\/\" class=\"bellows-target\"><span class=\"bellows-target-title bellows-target-text\">Hitos<\/span><\/a><\/li>\n<li class=\"bellows-menu-item bellows-menu-item-type-post_type bellows-menu-item-object-page bellows-menu-item-8741 bellows-item-level-0\"><a  href=\"https:\/\/geopark-hblo.de\/es\/elementor-8714\/\" class=\"bellows-target\"><span class=\"bellows-target-title bellows-target-text\">Folletos<\/span><\/a><\/li>\n<li class=\"bellows-menu-item bellows-menu-item-type-post_type bellows-menu-item-object-page bellows-menu-item-14732 bellows-item-level-0\"><a  href=\"https:\/\/geopark-hblo.de\/es\/podcasts\/\" class=\"bellows-target\"><span class=\"bellows-target-title bellows-target-text\">Podcasts y v\u00eddeos<\/span><\/a><\/li>\n<li class=\"bellows-menu-item bellows-menu-item-type-post_type bellows-menu-item-object-page bellows-menu-item-18334 bellows-item-level-0\"><a  href=\"https:\/\/geopark-hblo.de\/es\/comunicados-de-prensa\/\" class=\"bellows-target\"><span class=\"bellows-target-title bellows-target-text\">Comunicados de prensa<\/span><\/a><\/li>\n<\/ul><\/nav>\t\t\t\t<\/div>\n\t\t\t\t<\/div>\n\t\t\t\t<div class=\"elementor-element elementor-element-110742c elementor-widget elementor-widget-heading\" data-id=\"110742c\" data-element_type=\"widget\" data-widget_type=\"heading.default\">\n\t\t\t\t<div class=\"elementor-widget-container\">\n\t\t\t\t\t<h1 class=\"elementor-heading-title elementor-size-default\">Descargas<\/h1>\t\t\t\t<\/div>\n\t\t\t\t<\/div>\n\t\t\t\t<div class=\"elementor-element elementor-element-86e4260 elementor-widget elementor-widget-text-editor\" data-id=\"86e4260\" data-element_type=\"widget\" data-widget_type=\"text-editor.default\">\n\t\t\t\t<div class=\"elementor-widget-container\">\n\t\t\t\t\t\t\t\t\t<p>Geoparque del Harz . Braunschweiger Land . Ostfalen ha publicado numerosos art\u00edculos impresos en los \u00faltimos a\u00f1os. En esta p\u00e1gina encontrar\u00e1 las diferentes secciones. No dude en navegar por las siguientes p\u00e1ginas y descargar nuestros folletos, fotograf\u00edas o prospectos si est\u00e1 interesado.&nbsp;<\/p>\t\t\t\t\t\t\t\t<\/div>\n\t\t\t\t<\/div>\n\t\t\t\t<div class=\"elementor-element elementor-element-78f14d5 elementor-widget elementor-widget-image\" data-id=\"78f14d5\" data-element_type=\"widget\" data-widget_type=\"image.default\">\n\t\t\t\t<div class=\"elementor-widget-container\">\n\t\t\t\t\t\t\t\t\t\t\t\t\t\t\t<img fetchpriority=\"high\" decoding=\"async\" width=\"1024\" height=\"709\" src=\"https:\/\/geopark-hblo.de\/wp-content\/uploads\/2022\/05\/Downloadbutton-1-1024x709.jpg\" class=\"attachment-large size-large wp-image-21581\" alt=\"\" srcset=\"https:\/\/geopark-hblo.de\/wp-content\/uploads\/2022\/05\/Downloadbutton-1-1024x709.jpg 1024w, https:\/\/geopark-hblo.de\/wp-content\/uploads\/2022\/05\/Downloadbutton-1-300x208.jpg 300w, https:\/\/geopark-hblo.de\/wp-content\/uploads\/2022\/05\/Downloadbutton-1.jpg 1535w, https:\/\/geopark-hblo.de\/wp-content\/uploads\/2022\/05\/Downloadbutton-1-300x208@2x.jpg 600w\" sizes=\"(max-width: 1024px) 100vw, 1024px\" \/>\t\t\t\t\t\t\t\t\t\t\t\t\t\t\t<\/div>\n\t\t\t\t<\/div>\n\t\t\t\t\t<\/div>\n\t\t<\/div>\n\t\t\t\t<div class=\"elementor-column elementor-col-33 elementor-top-column elementor-element elementor-element-4103808\" data-id=\"4103808\" data-element_type=\"column\">\n\t\t\t<div class=\"elementor-widget-wrap elementor-element-populated\">\n\t\t\t\t\t\t<div class=\"elementor-element elementor-element-13b227e elementor-hidden-tablet elementor-hidden-phone elementor-widget elementor-widget-global elementor-global-8706 elementor-widget-html\" data-id=\"13b227e\" data-element_type=\"widget\" data-widget_type=\"html.default\">\n\t\t\t\t<div class=\"elementor-widget-container\">\n\t\t\t\t\t<nav id=\"bellows-main-378-2\" class=\"bellows bellows-nojs bellows-main bellows-source-menu bellows-align-full bellows-skin-vanilla\"><ul id=\"menu-downloads_sidebarmenu-1\" class=\"bellows-nav\" data-bellows-config=\"main\"><li class=\"bellows-menu-item bellows-menu-item-type-post_type bellows-menu-item-object-page bellows-menu-item-8738 bellows-item-level-0\"><a  href=\"https:\/\/geopark-hblo.de\/es\/elementor-8729\/\" class=\"bellows-target\"><span class=\"bellows-target-title bellows-target-text\">Paneles informativos<\/span><\/a><\/li>\n<li class=\"bellows-menu-item bellows-menu-item-type-post_type bellows-menu-item-object-page bellows-menu-item-has-children bellows-menu-item-8739 bellows-item-level-0\"><a  href=\"https:\/\/geopark-hblo.de\/es\/elementor-8724\/\" class=\"bellows-target\"><span class=\"bellows-target-title bellows-target-text\">Ni\u00f1os<\/span><span class=\"bellows-subtoggle\"><i class=\"bellows-subtoggle-icon-expand fa fa-chevron-down\"><\/i><i class=\"bellows-subtoggle-icon-collapse fa fa-chevron-up\"><\/i><\/span><\/a>\n<ul class=\"bellows-submenu\">\n\t<li class=\"bellows-menu-item bellows-menu-item-type-post_type bellows-menu-item-object-page bellows-menu-item-21822 bellows-item-level-1\"><a  href=\"https:\/\/geopark-hblo.de\/es\/instrucciones-para-manualidades\/\" class=\"bellows-target\"><span class=\"bellows-target-title bellows-target-text\">Instrucciones<\/span><\/a><\/li>\n<\/ul>\n<\/li>\n<li class=\"bellows-menu-item bellows-menu-item-type-post_type bellows-menu-item-object-page bellows-menu-item-8740 bellows-item-level-0\"><a  href=\"https:\/\/geopark-hblo.de\/es\/elementor-8719\/\" class=\"bellows-target\"><span class=\"bellows-target-title bellows-target-text\">Hitos<\/span><\/a><\/li>\n<li class=\"bellows-menu-item bellows-menu-item-type-post_type bellows-menu-item-object-page bellows-menu-item-8741 bellows-item-level-0\"><a  href=\"https:\/\/geopark-hblo.de\/es\/elementor-8714\/\" class=\"bellows-target\"><span class=\"bellows-target-title bellows-target-text\">Folletos<\/span><\/a><\/li>\n<li class=\"bellows-menu-item bellows-menu-item-type-post_type bellows-menu-item-object-page bellows-menu-item-14732 bellows-item-level-0\"><a  href=\"https:\/\/geopark-hblo.de\/es\/podcasts\/\" class=\"bellows-target\"><span class=\"bellows-target-title bellows-target-text\">Podcasts y v\u00eddeos<\/span><\/a><\/li>\n<li class=\"bellows-menu-item bellows-menu-item-type-post_type bellows-menu-item-object-page bellows-menu-item-18334 bellows-item-level-0\"><a  href=\"https:\/\/geopark-hblo.de\/es\/comunicados-de-prensa\/\" class=\"bellows-target\"><span class=\"bellows-target-title bellows-target-text\">Comunicados de prensa<\/span><\/a><\/li>\n<\/ul><\/nav>\t\t\t\t<\/div>\n\t\t\t\t<\/div>\n\t\t\t\t\t<\/div>\n\t\t<\/div>\n\t\t\t\t\t<\/div>\n\t\t<\/section>\n\t\t\t\t<section class=\"elementor-section elementor-top-section elementor-element elementor-element-fcc9bef elementor-section-boxed elementor-section-height-default elementor-section-height-default\" data-id=\"fcc9bef\" data-element_type=\"section\">\n\t\t\t\t\t\t<div class=\"elementor-container elementor-column-gap-default\">\n\t\t\t\t\t<div class=\"elementor-column elementor-col-100 elementor-top-column elementor-element elementor-element-9a820cb\" data-id=\"9a820cb\" data-element_type=\"column\">\n\t\t\t<div class=\"elementor-widget-wrap elementor-element-populated\">\n\t\t\t\t\t\t<div class=\"elementor-element elementor-element-6471637 elementor-nav-menu--dropdown-tablet elementor-nav-menu__text-align-aside elementor-nav-menu--toggle elementor-nav-menu--burger elementor-widget elementor-widget-nav-menu\" data-id=\"6471637\" data-element_type=\"widget\" data-settings=\"{&quot;layout&quot;:&quot;horizontal&quot;,&quot;submenu_icon&quot;:{&quot;value&quot;:&quot;&lt;i class=\\&quot;fas fa-caret-down\\&quot;&gt;&lt;\\\/i&gt;&quot;,&quot;library&quot;:&quot;fa-solid&quot;},&quot;toggle&quot;:&quot;burger&quot;}\" data-widget_type=\"nav-menu.default\">\n\t\t\t\t<div class=\"elementor-widget-container\">\n\t\t\t\t\t\t\t\t<nav aria-label=\"Men\u00fa\" class=\"elementor-nav-menu--main elementor-nav-menu__container elementor-nav-menu--layout-horizontal e--pointer-underline e--animation-fade\">\n\t\t\t\t<ul id=\"menu-1-6471637\" class=\"elementor-nav-menu\"><li class=\"menu-item menu-item-type-post_type menu-item-object-page menu-item-8738\"><a href=\"https:\/\/geopark-hblo.de\/es\/elementor-8729\/\" class=\"elementor-item\">Paneles informativos<\/a><\/li>\n<li class=\"menu-item menu-item-type-post_type menu-item-object-page menu-item-has-children menu-item-8739\"><a href=\"https:\/\/geopark-hblo.de\/es\/elementor-8724\/\" class=\"elementor-item\">Ni\u00f1os<\/a>\n<ul class=\"sub-menu elementor-nav-menu--dropdown\">\n\t<li class=\"menu-item menu-item-type-post_type menu-item-object-page menu-item-21822\"><a href=\"https:\/\/geopark-hblo.de\/es\/instrucciones-para-manualidades\/\" class=\"elementor-sub-item\">Instrucciones<\/a><\/li>\n<\/ul>\n<\/li>\n<li class=\"menu-item menu-item-type-post_type menu-item-object-page menu-item-8740\"><a href=\"https:\/\/geopark-hblo.de\/es\/elementor-8719\/\" class=\"elementor-item\">Hitos<\/a><\/li>\n<li class=\"menu-item menu-item-type-post_type menu-item-object-page menu-item-8741\"><a href=\"https:\/\/geopark-hblo.de\/es\/elementor-8714\/\" class=\"elementor-item\">Folletos<\/a><\/li>\n<li class=\"menu-item menu-item-type-post_type menu-item-object-page menu-item-14732\"><a href=\"https:\/\/geopark-hblo.de\/es\/podcasts\/\" class=\"elementor-item\">Podcasts y v\u00eddeos<\/a><\/li>\n<li class=\"menu-item menu-item-type-post_type menu-item-object-page menu-item-18334\"><a href=\"https:\/\/geopark-hblo.de\/es\/comunicados-de-prensa\/\" class=\"elementor-item\">Comunicados de prensa<\/a><\/li>\n<\/ul>\t\t\t<\/nav>\n\t\t\t\t\t<div class=\"elementor-menu-toggle\" role=\"button\" tabindex=\"0\" aria-label=\"Alternar men\u00fa\" aria-expanded=\"false\">\n\t\t\t<i aria-hidden=\"true\" role=\"presentation\" class=\"elementor-menu-toggle__icon--open eicon-menu-bar\"><\/i><i aria-hidden=\"true\" role=\"presentation\" class=\"elementor-menu-toggle__icon--close eicon-close\"><\/i>\t\t<\/div>\n\t\t\t\t\t<nav class=\"elementor-nav-menu--dropdown elementor-nav-menu__container\" aria-hidden=\"true\">\n\t\t\t\t<ul id=\"menu-2-6471637\" class=\"elementor-nav-menu\"><li class=\"menu-item menu-item-type-post_type menu-item-object-page menu-item-8738\"><a href=\"https:\/\/geopark-hblo.de\/es\/elementor-8729\/\" class=\"elementor-item\" tabindex=\"-1\">Paneles informativos<\/a><\/li>\n<li class=\"menu-item menu-item-type-post_type menu-item-object-page menu-item-has-children menu-item-8739\"><a href=\"https:\/\/geopark-hblo.de\/es\/elementor-8724\/\" class=\"elementor-item\" tabindex=\"-1\">Ni\u00f1os<\/a>\n<ul class=\"sub-menu elementor-nav-menu--dropdown\">\n\t<li class=\"menu-item menu-item-type-post_type menu-item-object-page menu-item-21822\"><a href=\"https:\/\/geopark-hblo.de\/es\/instrucciones-para-manualidades\/\" class=\"elementor-sub-item\" tabindex=\"-1\">Instrucciones<\/a><\/li>\n<\/ul>\n<\/li>\n<li class=\"menu-item menu-item-type-post_type menu-item-object-page menu-item-8740\"><a href=\"https:\/\/geopark-hblo.de\/es\/elementor-8719\/\" class=\"elementor-item\" tabindex=\"-1\">Hitos<\/a><\/li>\n<li class=\"menu-item menu-item-type-post_type menu-item-object-page menu-item-8741\"><a href=\"https:\/\/geopark-hblo.de\/es\/elementor-8714\/\" class=\"elementor-item\" tabindex=\"-1\">Folletos<\/a><\/li>\n<li class=\"menu-item menu-item-type-post_type menu-item-object-page menu-item-14732\"><a href=\"https:\/\/geopark-hblo.de\/es\/podcasts\/\" class=\"elementor-item\" tabindex=\"-1\">Podcasts y v\u00eddeos<\/a><\/li>\n<li class=\"menu-item menu-item-type-post_type menu-item-object-page menu-item-18334\"><a href=\"https:\/\/geopark-hblo.de\/es\/comunicados-de-prensa\/\" class=\"elementor-item\" tabindex=\"-1\">Comunicados de prensa<\/a><\/li>\n<\/ul>\t\t\t<\/nav>\n\t\t\t\t\t\t<\/div>\n\t\t\t\t<\/div>\n\t\t\t\t\t<\/div>\n\t\t<\/div>\n\t\t\t\t\t<\/div>\n\t\t<\/section>\n\t\t\t\t<\/div>","protected":false},"excerpt":{"rendered":"<p class=\"excerpt\">Descargas Geoparque del Harz . Braunschweiger Land . Ostfalen ha publicado numerosos materiales impresos en los \u00faltimos a\u00f1os. En esta p\u00e1gina encontrar\u00e1 las distintas secciones. No dude en navegar por las siguientes p\u00e1ginas y descargar nuestros folletos, fotograf\u00edas o prospectos si est\u00e1 interesado.&nbsp;<\/p>","protected":false},"author":1,"featured_media":0,"parent":0,"menu_order":0,"comment_status":"closed","ping_status":"closed","template":"template-blank.php","meta":{"footnotes":"","_links_to":"","_links_to_target":""},"class_list":["post-8687","page","type-page","status-publish","hentry"],"_links":{"self":[{"href":"https:\/\/geopark-hblo.de\/es\/wp-json\/wp\/v2\/pages\/8687","targetHints":{"allow":["GET"]}}],"collection":[{"href":"https:\/\/geopark-hblo.de\/es\/wp-json\/wp\/v2\/pages"}],"about":[{"href":"https:\/\/geopark-hblo.de\/es\/wp-json\/wp\/v2\/types\/page"}],"author":[{"embeddable":true,"href":"https:\/\/geopark-hblo.de\/es\/wp-json\/wp\/v2\/users\/1"}],"replies":[{"embeddable":true,"href":"https:\/\/geopark-hblo.de\/es\/wp-json\/wp\/v2\/comments?post=8687"}],"version-history":[{"count":10,"href":"https:\/\/geopark-hblo.de\/es\/wp-json\/wp\/v2\/pages\/8687\/revisions"}],"predecessor-version":[{"id":25946,"href":"https:\/\/geopark-hblo.de\/es\/wp-json\/wp\/v2\/pages\/8687\/revisions\/25946"}],"wp:attachment":[{"href":"https:\/\/geopark-hblo.de\/es\/wp-json\/wp\/v2\/media?parent=8687"}],"curies":[{"name":"wp","href":"https:\/\/api.w.org\/{rel}","templated":true}]}}