{"id":1382,"date":"2020-04-29T04:54:58","date_gmt":"2020-04-29T02:54:58","guid":{"rendered":"http:\/\/geopark-hblo.de\/?page_id=1382"},"modified":"2026-01-08T10:04:40","modified_gmt":"2026-01-08T09:04:40","slug":"centro-de-aprendizaje-extraescolar","status":"publish","type":"page","link":"https:\/\/geopark-hblo.de\/es\/educacion-para-el-desarrollo-sostenible-bne\/centro-de-aprendizaje-extraescolar\/","title":{"rendered":"Centro de aprendizaje extraescolar"},"content":{"rendered":"<div data-elementor-type=\"wp-page\" data-elementor-id=\"1382\" class=\"elementor elementor-1382\" data-elementor-post-type=\"page\">\n\t\t\t\t\t\t<section class=\"elementor-section elementor-top-section elementor-element elementor-element-601e42b elementor-section-boxed elementor-section-height-default elementor-section-height-default\" data-id=\"601e42b\" data-element_type=\"section\">\n\t\t\t\t\t\t<div class=\"elementor-container elementor-column-gap-default\">\n\t\t\t\t\t<div class=\"elementor-column elementor-col-100 elementor-top-column elementor-element elementor-element-00ae72c\" data-id=\"00ae72c\" data-element_type=\"column\">\n\t\t\t<div class=\"elementor-widget-wrap elementor-element-populated\">\n\t\t\t\t\t\t<section class=\"elementor-section elementor-inner-section elementor-element elementor-element-3a556ab elementor-section-boxed elementor-section-height-default elementor-section-height-default\" data-id=\"3a556ab\" data-element_type=\"section\">\n\t\t\t\t\t\t<div class=\"elementor-container elementor-column-gap-default\">\n\t\t\t\t\t<div class=\"elementor-column elementor-col-50 elementor-inner-column elementor-element elementor-element-cab289e\" data-id=\"cab289e\" data-element_type=\"column\">\n\t\t\t<div class=\"elementor-widget-wrap elementor-element-populated\">\n\t\t\t\t\t\t<div class=\"elementor-element elementor-element-a210c12 elementor-widget elementor-widget-heading\" data-id=\"a210c12\" data-element_type=\"widget\" data-widget_type=\"heading.default\">\n\t\t\t\t<div class=\"elementor-widget-container\">\n\t\t\t\t\t<h1 class=\"elementor-heading-title elementor-size-default\">Lugar de aprendizaje extraescolar reconocido<\/h1>\t\t\t\t<\/div>\n\t\t\t\t<\/div>\n\t\t\t\t<div class=\"elementor-element elementor-element-7fd1559 elementor-widget-divider--view-line elementor-widget elementor-widget-divider\" data-id=\"7fd1559\" data-element_type=\"widget\" data-widget_type=\"divider.default\">\n\t\t\t\t<div class=\"elementor-widget-container\">\n\t\t\t\t\t\t\t<div class=\"elementor-divider\">\n\t\t\t<span class=\"elementor-divider-separator\">\n\t\t\t\t\t\t<\/span>\n\t\t<\/div>\n\t\t\t\t\t\t<\/div>\n\t\t\t\t<\/div>\n\t\t\t\t<div class=\"elementor-element elementor-element-76141bc elementor-hidden-desktop elementor-widget elementor-widget-shortcode\" data-id=\"76141bc\" data-element_type=\"widget\" data-widget_type=\"shortcode.default\">\n\t\t\t\t<div class=\"elementor-widget-container\">\n\t\t\t\t\t\t\t<div class=\"elementor-shortcode\"><nav id=\"bellows-mobile-54\" class=\"bellows bellows-nojs bellows-mobile bellows-source-menu bellows-align-full bellows-skin-vanilla\"><ul id=\"menu-bne_sidebarmenu\" class=\"bellows-nav\" data-bellows-config=\"mobile\"><li id=\"menu-item-1350\" class=\"bellows-menu-item bellows-menu-item-type-post_type bellows-menu-item-object-page bellows-menu-item-has-children bellows-menu-item-1350 bellows-item-level-0\"><span  class=\"bellows-target\"><span class=\"bellows-target-title bellows-target-text\">Educaci\u00f3n para el desarrollo sostenible (EDS)<\/span><span class=\"bellows-subtoggle\"><i class=\"bellows-subtoggle-icon-expand fa fa-chevron-down\"><\/i><i class=\"bellows-subtoggle-icon-collapse fa fa-chevron-up\"><\/i><\/span><\/span>\n<ul class=\"bellows-submenu\">\n\t<li id=\"menu-item-1351\" class=\"bellows-menu-item bellows-menu-item-type-post_type bellows-menu-item-object-page bellows-menu-item-1351 bellows-item-level-1\"><a  href=\"https:\/\/geopark-hblo.de\/es\/educacion-para-el-desarrollo-sostenible-bne\/objetivos-de-sostenibilidad\/\" class=\"bellows-target\"><span class=\"bellows-target-title bellows-target-text\">Objetivos de sostenibilidad<\/span><\/a><\/li>\n\t<li id=\"menu-item-1391\" class=\"bellows-menu-item bellows-menu-item-type-post_type bellows-menu-item-object-page bellows-menu-item-1391 bellows-item-level-1\"><a  href=\"https:\/\/geopark-hblo.de\/es\/educacion-para-el-desarrollo-sostenible-bne\/centro-de-aprendizaje-extraescolar\/\" class=\"bellows-target\"><span class=\"bellows-target-title bellows-target-text\">Centro de aprendizaje extraescolar<\/span><\/a><\/li>\n\t<li id=\"menu-item-1393\" class=\"bellows-menu-item bellows-menu-item-type-post_type bellows-menu-item-object-page bellows-menu-item-1393 bellows-item-level-1\"><a  href=\"https:\/\/geopark-hblo.de\/es\/educacion-para-el-desarrollo-sostenible-bne\/folletos\/\" class=\"bellows-target\"><span class=\"bellows-target-title bellows-target-text\">Material<\/span><\/a><\/li>\n<\/ul>\n<\/li>\n<\/ul><\/nav>\n<\/div>\n\t\t\t\t\t\t<\/div>\n\t\t\t\t<\/div>\n\t\t\t\t<div class=\"elementor-element elementor-element-18fa9b1 elementor-widget elementor-widget-text-editor\" data-id=\"18fa9b1\" data-element_type=\"widget\" data-widget_type=\"text-editor.default\">\n\t\t\t\t<div class=\"elementor-widget-container\">\n\t\t\t\t\t\t\t\t\t<p>Como regi\u00f3n modelo de desarrollo sostenible, nuestros empleados trabajan en opciones de futuro viables para la regi\u00f3n y abordan retos sociales globales como el car\u00e1cter finito de los recursos naturales y el cambio clim\u00e1tico. <br \/>En 2019, junto con el Museo Estatal de Historia Natural de Braunschweig y el Museo Municipal del Castillo de Salder, fuimos reconocidos por el Ministerio de Cultura de Baja Sajonia como lugar de aprendizaje extracurricular en educaci\u00f3n para el desarrollo sostenible.<\/p><p>En nuestras actividades comunicamos temas de actualidad relacionados con la historia de la Tierra. Nuestros programas, como \"Secretos del bosque\", \"WaterWonderWorld\" y \"M\u00e1s mar de lo que crees\", se centran en la geolog\u00eda, la silvicultura, la vida dentro y fuera del agua y el cambio clim\u00e1tico. El programa \"Los alumnos hacen el futuro: aprender a vivir la sostenibilidad\" se centra en la sostenibilidad y la autonom\u00eda con el objetivo de animar a los alumnos a contribuir a forjar un futuro sostenible.<\/p><p>Aqu\u00ed encontrar\u00e1 nuestro programa para clases escolares:<\/p><p><a href=\"https:\/\/geopark-hblo.de\/es\/ofrece\/clases-escolares-y-guarderias\/\">Ofertas para escuelas y guarder\u00edas<\/a><\/p>\t\t\t\t\t\t\t\t<\/div>\n\t\t\t\t<\/div>\n\t\t\t\t<div class=\"elementor-element elementor-element-02e9cc3 elementor-widget elementor-widget-image\" data-id=\"02e9cc3\" data-element_type=\"widget\" data-widget_type=\"image.default\">\n\t\t\t\t<div class=\"elementor-widget-container\">\n\t\t\t\t\t\t\t\t\t\t\t\t\t\t\t<img decoding=\"async\" width=\"300\" height=\"109\" src=\"https:\/\/geopark-hblo.de\/wp-content\/uploads\/2023\/05\/LOGO-BNE-MK-Niedersachsen-300x109.jpg\" class=\"attachment-medium size-medium wp-image-23723\" alt=\"\" srcset=\"https:\/\/geopark-hblo.de\/wp-content\/uploads\/2023\/05\/LOGO-BNE-MK-Niedersachsen-300x109.jpg 300w, https:\/\/geopark-hblo.de\/wp-content\/uploads\/2023\/05\/LOGO-BNE-MK-Niedersachsen-1024x371.jpg 1024w, https:\/\/geopark-hblo.de\/wp-content\/uploads\/2023\/05\/LOGO-BNE-MK-Niedersachsen.jpg 1110w, https:\/\/geopark-hblo.de\/wp-content\/uploads\/2023\/05\/LOGO-BNE-MK-Niedersachsen-300x109@2x.jpg 600w\" sizes=\"(max-width: 300px) 100vw, 300px\" \/>\t\t\t\t\t\t\t\t\t\t\t\t\t\t\t<\/div>\n\t\t\t\t<\/div>\n\t\t\t\t<div class=\"elementor-element elementor-element-282050d elementor-widget elementor-widget-image\" data-id=\"282050d\" data-element_type=\"widget\" data-widget_type=\"image.default\">\n\t\t\t\t<div class=\"elementor-widget-container\">\n\t\t\t\t\t\t\t\t\t\t\t\t\t\t\t<img fetchpriority=\"high\" decoding=\"async\" width=\"1024\" height=\"683\" src=\"https:\/\/geopark-hblo.de\/wp-content\/uploads\/2020\/04\/Waldwoche\u00a9Geopark-HBLO_S.Dargatz-1024x683.jpg\" class=\"attachment-large size-large wp-image-1387\" alt=\"\" srcset=\"https:\/\/geopark-hblo.de\/wp-content\/uploads\/2020\/04\/Waldwoche\u00a9Geopark-HBLO_S.Dargatz-1024x683.jpg 1024w, https:\/\/geopark-hblo.de\/wp-content\/uploads\/2020\/04\/Waldwoche\u00a9Geopark-HBLO_S.Dargatz-300x200.jpg 300w, https:\/\/geopark-hblo.de\/wp-content\/uploads\/2020\/04\/Waldwoche\u00a9Geopark-HBLO_S.Dargatz-768x512.jpg 768w, https:\/\/geopark-hblo.de\/wp-content\/uploads\/2020\/04\/Waldwoche\u00a9Geopark-HBLO_S.Dargatz-391x260.jpg 391w, https:\/\/geopark-hblo.de\/wp-content\/uploads\/2020\/04\/Waldwoche\u00a9Geopark-HBLO_S.Dargatz-1536x1024.jpg 1536w, https:\/\/geopark-hblo.de\/wp-content\/uploads\/2020\/04\/Waldwoche\u00a9Geopark-HBLO_S.Dargatz.jpg 1600w\" sizes=\"(max-width: 1024px) 100vw, 1024px\" \/>\t\t\t\t\t\t\t\t\t\t\t\t\t\t\t<\/div>\n\t\t\t\t<\/div>\n\t\t\t\t<div class=\"elementor-element elementor-element-f71b07d elementor-widget elementor-widget-image\" data-id=\"f71b07d\" data-element_type=\"widget\" data-widget_type=\"image.default\">\n\t\t\t\t<div class=\"elementor-widget-container\">\n\t\t\t\t\t\t\t\t\t\t\t\t\t\t\t<img decoding=\"async\" width=\"1024\" height=\"683\" src=\"https:\/\/geopark-hblo.de\/wp-content\/uploads\/2020\/04\/Waldgeheimnisse\u00a9Geopark-HBLO_S.Dargatz-1024x683.jpg\" class=\"attachment-large size-large wp-image-1385\" alt=\"\" srcset=\"https:\/\/geopark-hblo.de\/wp-content\/uploads\/2020\/04\/Waldgeheimnisse\u00a9Geopark-HBLO_S.Dargatz-1024x683.jpg 1024w, https:\/\/geopark-hblo.de\/wp-content\/uploads\/2020\/04\/Waldgeheimnisse\u00a9Geopark-HBLO_S.Dargatz-300x200.jpg 300w, https:\/\/geopark-hblo.de\/wp-content\/uploads\/2020\/04\/Waldgeheimnisse\u00a9Geopark-HBLO_S.Dargatz-768x512.jpg 768w, https:\/\/geopark-hblo.de\/wp-content\/uploads\/2020\/04\/Waldgeheimnisse\u00a9Geopark-HBLO_S.Dargatz-391x260.jpg 391w, https:\/\/geopark-hblo.de\/wp-content\/uploads\/2020\/04\/Waldgeheimnisse\u00a9Geopark-HBLO_S.Dargatz-1536x1024.jpg 1536w, https:\/\/geopark-hblo.de\/wp-content\/uploads\/2020\/04\/Waldgeheimnisse\u00a9Geopark-HBLO_S.Dargatz.jpg 1600w\" sizes=\"(max-width: 1024px) 100vw, 1024px\" \/>\t\t\t\t\t\t\t\t\t\t\t\t\t\t\t<\/div>\n\t\t\t\t<\/div>\n\t\t\t\t\t<\/div>\n\t\t<\/div>\n\t\t\t\t<div class=\"elementor-column elementor-col-50 elementor-inner-column elementor-element elementor-element-5cf5695\" data-id=\"5cf5695\" data-element_type=\"column\">\n\t\t\t<div class=\"elementor-widget-wrap elementor-element-populated\">\n\t\t\t\t\t\t<div class=\"elementor-element elementor-element-89f1289 elementor-hidden-tablet elementor-hidden-phone elementor-widget elementor-widget-shortcode\" data-id=\"89f1289\" data-element_type=\"widget\" data-widget_type=\"shortcode.default\">\n\t\t\t\t<div class=\"elementor-widget-container\">\n\t\t\t\t\t\t\t<div class=\"elementor-shortcode\"><nav id=\"bellows-main-54-2\" class=\"bellows bellows-nojs bellows-main bellows-source-menu bellows-align-full bellows-skin-vanilla\"><ul id=\"menu-bne_sidebarmenu-1\" class=\"bellows-nav\" data-bellows-config=\"main\"><li class=\"bellows-menu-item bellows-menu-item-type-post_type bellows-menu-item-object-page bellows-menu-item-has-children bellows-menu-item-1350 bellows-item-level-0\"><span  class=\"bellows-target\"><span class=\"bellows-target-title bellows-target-text\">Educaci\u00f3n para el desarrollo sostenible (EDS)<\/span><span class=\"bellows-subtoggle\"><i class=\"bellows-subtoggle-icon-expand fa fa-chevron-down\"><\/i><i class=\"bellows-subtoggle-icon-collapse fa fa-chevron-up\"><\/i><\/span><\/span>\n<ul class=\"bellows-submenu\">\n\t<li class=\"bellows-menu-item bellows-menu-item-type-post_type bellows-menu-item-object-page bellows-menu-item-1351 bellows-item-level-1\"><a  href=\"https:\/\/geopark-hblo.de\/es\/educacion-para-el-desarrollo-sostenible-bne\/objetivos-de-sostenibilidad\/\" class=\"bellows-target\"><span class=\"bellows-target-title bellows-target-text\">Objetivos de sostenibilidad<\/span><\/a><\/li>\n\t<li class=\"bellows-menu-item bellows-menu-item-type-post_type bellows-menu-item-object-page bellows-menu-item-1391 bellows-item-level-1\"><a  href=\"https:\/\/geopark-hblo.de\/es\/educacion-para-el-desarrollo-sostenible-bne\/centro-de-aprendizaje-extraescolar\/\" class=\"bellows-target\"><span class=\"bellows-target-title bellows-target-text\">Centro de aprendizaje extraescolar<\/span><\/a><\/li>\n\t<li class=\"bellows-menu-item bellows-menu-item-type-post_type bellows-menu-item-object-page bellows-menu-item-1393 bellows-item-level-1\"><a  href=\"https:\/\/geopark-hblo.de\/es\/educacion-para-el-desarrollo-sostenible-bne\/folletos\/\" class=\"bellows-target\"><span class=\"bellows-target-title bellows-target-text\">Material<\/span><\/a><\/li>\n<\/ul>\n<\/li>\n<\/ul><\/nav>\n<\/div>\n\t\t\t\t\t\t<\/div>\n\t\t\t\t<\/div>\n\t\t\t\t\t<\/div>\n\t\t<\/div>\n\t\t\t\t\t<\/div>\n\t\t<\/section>\n\t\t\t\t\t<\/div>\n\t\t<\/div>\n\t\t\t\t\t<\/div>\n\t\t<\/section>\n\t\t\t\t<\/div>","protected":false},"excerpt":{"rendered":"<p class=\"excerpt\">Anerkannter au\u00dferschulischer Lernort Als Modellregion f\u00fcr nachhaltige Entwicklung arbeiten unsere Mitarbeiter und Mitarbeiterinnen an tragf\u00e4higen Zukunftsoptionen f\u00fcr die Region und greifen globale gesellschaftliche Herausforderungen auf wie zum Beispiel die Endlichkeit nat\u00fcrlicher Ressourcen und den Klimawandel. 2019 wurden wir zusammen mit dem Staatlichen Naturhistorischen Braunschweig und dem St\u00e4dtischen Museum Schloss Salder als anerkannter au\u00dferschulischer Lernort in [&hellip;]<\/p>","protected":false},"author":1,"featured_media":0,"parent":1346,"menu_order":2,"comment_status":"closed","ping_status":"closed","template":"template-blank.php","meta":{"footnotes":"","_links_to":"","_links_to_target":""},"class_list":["post-1382","page","type-page","status-publish","hentry"],"_links":{"self":[{"href":"https:\/\/geopark-hblo.de\/es\/wp-json\/wp\/v2\/pages\/1382","targetHints":{"allow":["GET"]}}],"collection":[{"href":"https:\/\/geopark-hblo.de\/es\/wp-json\/wp\/v2\/pages"}],"about":[{"href":"https:\/\/geopark-hblo.de\/es\/wp-json\/wp\/v2\/types\/page"}],"author":[{"embeddable":true,"href":"https:\/\/geopark-hblo.de\/es\/wp-json\/wp\/v2\/users\/1"}],"replies":[{"embeddable":true,"href":"https:\/\/geopark-hblo.de\/es\/wp-json\/wp\/v2\/comments?post=1382"}],"version-history":[{"count":10,"href":"https:\/\/geopark-hblo.de\/es\/wp-json\/wp\/v2\/pages\/1382\/revisions"}],"predecessor-version":[{"id":27769,"href":"https:\/\/geopark-hblo.de\/es\/wp-json\/wp\/v2\/pages\/1382\/revisions\/27769"}],"up":[{"embeddable":true,"href":"https:\/\/geopark-hblo.de\/es\/wp-json\/wp\/v2\/pages\/1346"}],"wp:attachment":[{"href":"https:\/\/geopark-hblo.de\/es\/wp-json\/wp\/v2\/media?parent=1382"}],"curies":[{"name":"wp","href":"https:\/\/api.w.org\/{rel}","templated":true}]}}