{"id":75,"date":"2020-04-03T06:38:37","date_gmt":"2020-04-03T04:38:37","guid":{"rendered":"http:\/\/geopark-hblo.de\/?page_id=75"},"modified":"2021-08-12T08:15:02","modified_gmt":"2021-08-12T06:15:02","slug":"what-is-a-geopark","status":"publish","type":"page","link":"https:\/\/geopark-hblo.de\/en\/about-us\/what-is-a-geopark\/","title":{"rendered":"What is a geopark?"},"content":{"rendered":"<div data-elementor-type=\"wp-page\" data-elementor-id=\"75\" class=\"elementor elementor-75\" data-elementor-post-type=\"page\">\n\t\t\t\t\t\t<section class=\"elementor-section elementor-top-section elementor-element elementor-element-601e42b elementor-section-boxed elementor-section-height-default elementor-section-height-default\" data-id=\"601e42b\" data-element_type=\"section\" data-settings=\"{&quot;background_background&quot;:&quot;classic&quot;}\">\n\t\t\t\t\t\t<div class=\"elementor-container elementor-column-gap-default\">\n\t\t\t\t\t<div class=\"elementor-column elementor-col-100 elementor-top-column elementor-element elementor-element-00ae72c\" data-id=\"00ae72c\" data-element_type=\"column\">\n\t\t\t<div class=\"elementor-widget-wrap elementor-element-populated\">\n\t\t\t\t\t\t<section class=\"elementor-section elementor-inner-section elementor-element elementor-element-3a556ab elementor-section-boxed elementor-section-height-default elementor-section-height-default\" data-id=\"3a556ab\" data-element_type=\"section\">\n\t\t\t\t\t\t<div class=\"elementor-container elementor-column-gap-default\">\n\t\t\t\t\t<div class=\"elementor-column elementor-col-50 elementor-inner-column elementor-element elementor-element-cab289e\" data-id=\"cab289e\" data-element_type=\"column\">\n\t\t\t<div class=\"elementor-widget-wrap elementor-element-populated\">\n\t\t\t\t\t\t<div class=\"elementor-element elementor-element-a210c12 elementor-widget elementor-widget-heading\" data-id=\"a210c12\" data-element_type=\"widget\" data-widget_type=\"heading.default\">\n\t\t\t\t<div class=\"elementor-widget-container\">\n\t\t\t\t\t<h1 class=\"elementor-heading-title elementor-size-default\">What is a geopark?<\/h1>\t\t\t\t<\/div>\n\t\t\t\t<\/div>\n\t\t\t\t<div class=\"elementor-element elementor-element-7fd1559 elementor-widget-divider--view-line elementor-widget elementor-widget-divider\" data-id=\"7fd1559\" data-element_type=\"widget\" data-widget_type=\"divider.default\">\n\t\t\t\t<div class=\"elementor-widget-container\">\n\t\t\t\t\t\t\t<div class=\"elementor-divider\">\n\t\t\t<span class=\"elementor-divider-separator\">\n\t\t\t\t\t\t<\/span>\n\t\t<\/div>\n\t\t\t\t\t\t<\/div>\n\t\t\t\t<\/div>\n\t\t\t\t<div class=\"elementor-element elementor-element-76141bc elementor-hidden-desktop elementor-widget elementor-widget-shortcode\" data-id=\"76141bc\" data-element_type=\"widget\" data-widget_type=\"shortcode.default\">\n\t\t\t\t<div class=\"elementor-widget-container\">\n\t\t\t\t\t\t\t<div class=\"elementor-shortcode\"><nav id=\"bellows-mobile-4\" class=\"bellows bellows-nojs bellows-mobile bellows-source-menu bellows-align-full bellows-skin-vanilla\"><ul id=\"menu-ueber-uns_sidebarmenu\" class=\"bellows-nav\" data-bellows-config=\"mobile\"><li id=\"menu-item-219\" class=\"bellows-menu-item bellows-menu-item-type-post_type bellows-menu-item-object-page bellows-menu-item-219 bellows-item-level-0\"><a  href=\"https:\/\/geopark-hblo.de\/en\/about-us\/what-is-a-geopark\/\" class=\"bellows-target\"><span class=\"bellows-target-title bellows-target-text\">What is a geopark?<\/span><\/a><\/li>\n<li id=\"menu-item-218\" class=\"bellows-menu-item bellows-menu-item-type-post_type bellows-menu-item-object-page bellows-menu-item-218 bellows-item-level-0\"><a  href=\"https:\/\/geopark-hblo.de\/en\/about-us\/geopark-development\/\" class=\"bellows-target\"><span class=\"bellows-target-title bellows-target-text\">Geopark development<\/span><\/a><\/li>\n<li id=\"menu-item-216\" class=\"bellows-menu-item bellows-menu-item-type-post_type bellows-menu-item-object-page bellows-menu-item-216 bellows-item-level-0\"><a  href=\"https:\/\/geopark-hblo.de\/en\/about-us\/satzung-des-traegervereins\/\" class=\"bellows-target\"><span class=\"bellows-target-title bellows-target-text\">Statutes of the sponsoring organisation<\/span><\/a><\/li>\n<li id=\"menu-item-215\" class=\"bellows-menu-item bellows-menu-item-type-post_type bellows-menu-item-object-page bellows-menu-item-215 bellows-item-level-0\"><a  href=\"https:\/\/geopark-hblo.de\/en\/about-us\/beitragsordnung\/\" class=\"bellows-target\"><span class=\"bellows-target-title bellows-target-text\">Contribution regulations<\/span><\/a><\/li>\n<li id=\"menu-item-214\" class=\"bellows-menu-item bellows-menu-item-type-post_type bellows-menu-item-object-page bellows-menu-item-214 bellows-item-level-0\"><a  href=\"https:\/\/geopark-hblo.de\/en\/about-us\/team\/\" class=\"bellows-target\"><span class=\"bellows-target-title bellows-target-text\">Office team<\/span><\/a><\/li>\n<li id=\"menu-item-8791\" class=\"bellows-menu-item bellows-menu-item-type-post_type bellows-menu-item-object-page bellows-menu-item-8791 bellows-item-level-0\"><a  href=\"https:\/\/geopark-hblo.de\/en\/elementor-8783\/\" class=\"bellows-target\"><span class=\"bellows-target-title bellows-target-text\">Team Geoguides<\/span><\/a><\/li>\n<li id=\"menu-item-23799\" class=\"bellows-menu-item bellows-menu-item-type-post_type bellows-menu-item-object-page bellows-menu-item-23799 bellows-item-level-0\"><a  href=\"https:\/\/geopark-hblo.de\/en\/geopark-forum\/\" class=\"bellows-target\"><span class=\"bellows-target-title bellows-target-text\">Geopark Forum<\/span><\/a><\/li>\n<\/ul><\/nav>\n<\/div>\n\t\t\t\t\t\t<\/div>\n\t\t\t\t<\/div>\n\t\t\t\t<div class=\"elementor-element elementor-element-03a7d73 elementor-widget elementor-widget-video\" data-id=\"03a7d73\" data-element_type=\"widget\" data-settings=\"{&quot;youtube_url&quot;:&quot;https:\\\/\\\/www.youtube.com\\\/watch?v=KF1CaA3XB9w&amp;feature=emb_logo&quot;,&quot;video_type&quot;:&quot;youtube&quot;,&quot;controls&quot;:&quot;yes&quot;}\" data-widget_type=\"video.default\">\n\t\t\t\t<div class=\"elementor-widget-container\">\n\t\t\t\t\t\t\t<div class=\"elementor-wrapper elementor-open-inline\">\n\t\t\t<div class=\"elementor-video\"><\/div>\t\t<\/div>\n\t\t\t\t\t\t<\/div>\n\t\t\t\t<\/div>\n\t\t\t\t<div class=\"elementor-element elementor-element-18fa9b1 elementor-widget elementor-widget-text-editor\" data-id=\"18fa9b1\" data-element_type=\"widget\" data-widget_type=\"text-editor.default\">\n\t\t\t\t<div class=\"elementor-widget-container\">\n\t\t\t\t\t\t\t\t\t<p><strong>Prehistoric sea and tropical swamp<\/strong><\/p><p>450 million years of geological history have left their mark between the Harz Mountains and the heath: Marine coverings alternated with deserts, tropical swamps and glaciers. Ore, salt, coal and oil have emerged as valuable mineral resources. Significant fossil finds bear witness to the varied and exciting history of our region.<\/p><p><strong>What is a geopark?<\/strong><\/p><p>A geopark is an area of supra-regional geological significance with rocks, quarries and other geotopes of particular rarity and beauty. It also contains significant archaeological, historical and cultural objects that are closely linked to the natural resources.<\/p><p><strong>...under one roof<\/strong><\/p><p>A geopark serves sustainable regional development. Under its umbrella, existing institutions are networked and joint activities in geotope protection, leisure &amp; tourism, environmental education and scientific research are developed.<\/p>\t\t\t\t\t\t\t\t<\/div>\n\t\t\t\t<\/div>\n\t\t\t\t<div class=\"elementor-element elementor-element-0b412e3 elementor-widget elementor-widget-image\" data-id=\"0b412e3\" data-element_type=\"widget\" data-widget_type=\"image.default\">\n\t\t\t\t<div class=\"elementor-widget-container\">\n\t\t\t\t\t\t\t\t\t\t\t\t\t\t\t<img fetchpriority=\"high\" decoding=\"async\" width=\"1024\" height=\"341\" src=\"https:\/\/geopark-hblo.de\/wp-content\/uploads\/2020\/04\/teufelsmauer-sm-1024x341.jpg\" class=\"attachment-large size-large wp-image-82\" alt=\"\" srcset=\"https:\/\/geopark-hblo.de\/wp-content\/uploads\/2020\/04\/teufelsmauer-sm-1024x341.jpg 1024w, https:\/\/geopark-hblo.de\/wp-content\/uploads\/2020\/04\/teufelsmauer-sm-300x100.jpg 300w, https:\/\/geopark-hblo.de\/wp-content\/uploads\/2020\/04\/teufelsmauer-sm-768x256.jpg 768w, https:\/\/geopark-hblo.de\/wp-content\/uploads\/2020\/04\/teufelsmauer-sm.jpg 1200w\" sizes=\"(max-width: 1024px) 100vw, 1024px\" \/>\t\t\t\t\t\t\t\t\t\t\t\t\t\t\t<\/div>\n\t\t\t\t<\/div>\n\t\t\t\t\t<\/div>\n\t\t<\/div>\n\t\t\t\t<div class=\"elementor-column elementor-col-50 elementor-inner-column elementor-element elementor-element-5cf5695\" data-id=\"5cf5695\" data-element_type=\"column\">\n\t\t\t<div class=\"elementor-widget-wrap elementor-element-populated\">\n\t\t\t\t\t\t<div class=\"elementor-element elementor-element-89f1289 elementor-hidden-tablet elementor-hidden-phone elementor-widget elementor-widget-shortcode\" data-id=\"89f1289\" data-element_type=\"widget\" data-widget_type=\"shortcode.default\">\n\t\t\t\t<div class=\"elementor-widget-container\">\n\t\t\t\t\t\t\t<div class=\"elementor-shortcode\"><nav id=\"bellows-main-4-2\" class=\"bellows bellows-nojs bellows-main bellows-source-menu bellows-align-full bellows-skin-vanilla\"><ul id=\"menu-ueber-uns_sidebarmenu-1\" class=\"bellows-nav\" data-bellows-config=\"main\"><li class=\"bellows-menu-item bellows-menu-item-type-post_type bellows-menu-item-object-page bellows-menu-item-219 bellows-item-level-0\"><a  href=\"https:\/\/geopark-hblo.de\/en\/about-us\/what-is-a-geopark\/\" class=\"bellows-target\"><span class=\"bellows-target-title bellows-target-text\">What is a geopark?<\/span><\/a><\/li>\n<li class=\"bellows-menu-item bellows-menu-item-type-post_type bellows-menu-item-object-page bellows-menu-item-218 bellows-item-level-0\"><a  href=\"https:\/\/geopark-hblo.de\/en\/about-us\/geopark-development\/\" class=\"bellows-target\"><span class=\"bellows-target-title bellows-target-text\">Geopark development<\/span><\/a><\/li>\n<li class=\"bellows-menu-item bellows-menu-item-type-post_type bellows-menu-item-object-page bellows-menu-item-216 bellows-item-level-0\"><a  href=\"https:\/\/geopark-hblo.de\/en\/about-us\/satzung-des-traegervereins\/\" class=\"bellows-target\"><span class=\"bellows-target-title bellows-target-text\">Statutes of the sponsoring organisation<\/span><\/a><\/li>\n<li class=\"bellows-menu-item bellows-menu-item-type-post_type bellows-menu-item-object-page bellows-menu-item-215 bellows-item-level-0\"><a  href=\"https:\/\/geopark-hblo.de\/en\/about-us\/beitragsordnung\/\" class=\"bellows-target\"><span class=\"bellows-target-title bellows-target-text\">Contribution regulations<\/span><\/a><\/li>\n<li class=\"bellows-menu-item bellows-menu-item-type-post_type bellows-menu-item-object-page bellows-menu-item-214 bellows-item-level-0\"><a  href=\"https:\/\/geopark-hblo.de\/en\/about-us\/team\/\" class=\"bellows-target\"><span class=\"bellows-target-title bellows-target-text\">Office team<\/span><\/a><\/li>\n<li class=\"bellows-menu-item bellows-menu-item-type-post_type bellows-menu-item-object-page bellows-menu-item-8791 bellows-item-level-0\"><a  href=\"https:\/\/geopark-hblo.de\/en\/elementor-8783\/\" class=\"bellows-target\"><span class=\"bellows-target-title bellows-target-text\">Team Geoguides<\/span><\/a><\/li>\n<li class=\"bellows-menu-item bellows-menu-item-type-post_type bellows-menu-item-object-page bellows-menu-item-23799 bellows-item-level-0\"><a  href=\"https:\/\/geopark-hblo.de\/en\/geopark-forum\/\" class=\"bellows-target\"><span class=\"bellows-target-title bellows-target-text\">Geopark Forum<\/span><\/a><\/li>\n<\/ul><\/nav>\n<\/div>\n\t\t\t\t\t\t<\/div>\n\t\t\t\t<\/div>\n\t\t\t\t<div class=\"elementor-element elementor-element-df357ff elementor-hidden-desktop elementor-hidden-tablet elementor-hidden-phone elementor-widget elementor-widget-wp-widget-media_audio\" data-id=\"df357ff\" data-element_type=\"widget\" data-widget_type=\"wp-widget-media_audio.default\">\n\t\t\t\t<div class=\"elementor-widget-container\">\n\t\t\t\t\t<h5>Here I read you the page:<\/h5><!--[if lt IE 9]><script>document.createElement('audio');<\/script><![endif]-->\n<audio class=\"wp-audio-shortcode\" id=\"audio-75-1\" preload=\"none\" style=\"width: 100%;\" controls=\"controls\"><source type=\"audio\/mpeg\" src=\"https:\/\/geopark-hblo.de\/wp-content\/uploads\/2020\/10\/was-ist-ein-geopark.mp3?_=1\" \/><source type=\"audio\/mpeg\" src=\"https:\/\/geopark-hblo.de\/wp-content\/uploads\/2020\/10\/was-ist-ein-geopark.mp3?_=1\" \/><a href=\"https:\/\/geopark-hblo.de\/wp-content\/uploads\/2020\/10\/was-ist-ein-geopark.mp3\">https:\/\/geopark-hblo.de\/wp-content\/uploads\/2020\/10\/was-ist-ein-geopark.mp3<\/a><\/audio>\t\t\t\t<\/div>\n\t\t\t\t<\/div>\n\t\t\t\t\t<\/div>\n\t\t<\/div>\n\t\t\t\t\t<\/div>\n\t\t<\/section>\n\t\t\t\t\t<\/div>\n\t\t<\/div>\n\t\t\t\t\t<\/div>\n\t\t<\/section>\n\t\t\t\t<\/div>","protected":false},"excerpt":{"rendered":"<p class=\"excerpt\">Was ist ein Geopark? https:\/\/www.youtube.com\/watch?v=KF1CaA3XB9w&#038;feature=emb_logo Urzeitmeer und Tropensumpf 450 Millionen Jahre Erdgeschichte haben zwischen Harz und Heide ihre Spuren hinterlassen: Meeresbedeckungen wechselten sich ab mit W\u00fcsten, tropischen S\u00fcmpfen und Gletschern. Als wertvolle Bodensch\u00e4tze sind dabei Erz, Salz, Kohle und Erd\u00f6l entstanden. Bedeutende Fossilfunde zeugen von der wechselvollen und spannenden Geschichte unserer Region. Was ist ein [&hellip;]<\/p>","protected":false},"author":1,"featured_media":0,"parent":181,"menu_order":1,"comment_status":"closed","ping_status":"closed","template":"template-blank.php","meta":{"footnotes":"","_links_to":"","_links_to_target":""},"class_list":["post-75","page","type-page","status-publish","hentry"],"_links":{"self":[{"href":"https:\/\/geopark-hblo.de\/en\/wp-json\/wp\/v2\/pages\/75","targetHints":{"allow":["GET"]}}],"collection":[{"href":"https:\/\/geopark-hblo.de\/en\/wp-json\/wp\/v2\/pages"}],"about":[{"href":"https:\/\/geopark-hblo.de\/en\/wp-json\/wp\/v2\/types\/page"}],"author":[{"embeddable":true,"href":"https:\/\/geopark-hblo.de\/en\/wp-json\/wp\/v2\/users\/1"}],"replies":[{"embeddable":true,"href":"https:\/\/geopark-hblo.de\/en\/wp-json\/wp\/v2\/comments?post=75"}],"version-history":[{"count":10,"href":"https:\/\/geopark-hblo.de\/en\/wp-json\/wp\/v2\/pages\/75\/revisions"}],"predecessor-version":[{"id":18520,"href":"https:\/\/geopark-hblo.de\/en\/wp-json\/wp\/v2\/pages\/75\/revisions\/18520"}],"up":[{"embeddable":true,"href":"https:\/\/geopark-hblo.de\/en\/wp-json\/wp\/v2\/pages\/181"}],"wp:attachment":[{"href":"https:\/\/geopark-hblo.de\/en\/wp-json\/wp\/v2\/media?parent=75"}],"curies":[{"name":"wp","href":"https:\/\/api.w.org\/{rel}","templated":true}]}}