{"id":18332,"date":"2021-08-02T10:11:38","date_gmt":"2021-08-02T08:11:38","guid":{"rendered":"https:\/\/geopark-hblo.de\/?page_id=18332"},"modified":"2022-08-26T09:56:42","modified_gmt":"2022-08-26T07:56:42","slug":"pressemitteilungen","status":"publish","type":"page","link":"https:\/\/geopark-hblo.de\/en\/pressemitteilungen\/","title":{"rendered":"Press releases"},"content":{"rendered":"<div data-elementor-type=\"wp-page\" data-elementor-id=\"18332\" class=\"elementor elementor-18332\" data-elementor-post-type=\"page\">\n\t\t\t\t\t\t<section class=\"elementor-section elementor-top-section elementor-element elementor-element-0b4a626 elementor-section-boxed elementor-section-height-default elementor-section-height-default\" data-id=\"0b4a626\" data-element_type=\"section\" data-settings=\"{&quot;background_background&quot;:&quot;classic&quot;}\">\n\t\t\t\t\t\t<div class=\"elementor-container elementor-column-gap-default\">\n\t\t\t\t\t<div class=\"elementor-column elementor-col-100 elementor-top-column elementor-element elementor-element-f5aa261\" data-id=\"f5aa261\" data-element_type=\"column\">\n\t\t\t<div class=\"elementor-widget-wrap elementor-element-populated\">\n\t\t\t\t\t\t<div class=\"elementor-element elementor-element-a859b2f elementor-widget elementor-widget-heading\" data-id=\"a859b2f\" data-element_type=\"widget\" data-widget_type=\"heading.default\">\n\t\t\t\t<div class=\"elementor-widget-container\">\n\t\t\t\t\t<h1 class=\"elementor-heading-title elementor-size-default\">Press releases<\/h1>\t\t\t\t<\/div>\n\t\t\t\t<\/div>\n\t\t\t\t<section class=\"elementor-section elementor-inner-section elementor-element elementor-element-40cf017 elementor-section-boxed elementor-section-height-default elementor-section-height-default\" data-id=\"40cf017\" data-element_type=\"section\">\n\t\t\t\t\t\t<div class=\"elementor-container elementor-column-gap-default\">\n\t\t\t\t\t<div class=\"elementor-column elementor-col-50 elementor-inner-column elementor-element elementor-element-7984779\" data-id=\"7984779\" data-element_type=\"column\">\n\t\t\t<div class=\"elementor-widget-wrap elementor-element-populated\">\n\t\t\t\t\t\t<div class=\"elementor-element elementor-element-94e849f elementor-cta--skin-classic elementor-animated-content elementor-bg-transform elementor-bg-transform-zoom-in elementor-widget elementor-widget-call-to-action\" data-id=\"94e849f\" data-element_type=\"widget\" data-widget_type=\"call-to-action.default\">\n\t\t\t\t<div class=\"elementor-widget-container\">\n\t\t\t\t\t\t\t<div class=\"elementor-cta\">\n\t\t\t\t\t<div class=\"elementor-cta__bg-wrapper\">\n\t\t\t\t<div class=\"elementor-cta__bg elementor-bg\" style=\"background-image: url(https:\/\/geopark-hblo.de\/wp-content\/uploads\/2021\/08\/Kreidekalksteinbruch-Salder_1.jpg);\" role=\"img\" aria-label=\"Kreidekalksteinbruch Salder_1\"><\/div>\n\t\t\t\t<div class=\"elementor-cta__bg-overlay\"><\/div>\n\t\t\t<\/div>\n\t\t\t\t\t\t\t<div class=\"elementor-cta__content\">\n\t\t\t\t\n\t\t\t\t\t\t\t\t\t<h2 class=\"elementor-cta__title elementor-cta__content-item elementor-content-item\">\n\t\t\t\t\t\t<p style=\"margin-right:1.0cm\"><b><span style=\"font-size:16.0pt;,serif\">\u201eGoldener Nagel\u201c eingeschlagen: Steinbruch bei\nSalzgitter wird weltweiter geologischer Referenzpunkt<\/span><\/b><span style=\"font-family: var( --e-global-typography-primary-font-family ), Sans-serif;font-weight: var( --e-global-typography-primary-font-weight )\"><\/span><\/p>\t\t\t\t\t<\/h2>\n\t\t\t\t\n\t\t\t\t\t\t\t\t\t<div class=\"elementor-cta__description elementor-cta__content-item elementor-content-item\">\n\t\t\t\t\t\t02.08.2021\t\t\t\t\t<\/div>\n\t\t\t\t\n\t\t\t\t\t\t\t\t\t<div class=\"elementor-cta__button-wrapper elementor-cta__content-item elementor-content-item\">\n\t\t\t\t\t<a class=\"elementor-cta__button elementor-button elementor-size-\" href=\"https:\/\/geopark-hblo.de\/wp-content\/uploads\/2021\/08\/Pressemitteilung-Steinbruch-Salder-08_2021.pdf\" target=\"_blank\">\n\t\t\t\t\t\tHier klicken f\u00fcr Presseartikel\t\t\t\t\t<\/a>\n\t\t\t\t\t<\/div>\n\t\t\t\t\t\t\t<\/div>\n\t\t\t\t\t\t<\/div>\n\t\t\t\t\t\t<\/div>\n\t\t\t\t<\/div>\n\t\t\t\t<div class=\"elementor-element elementor-element-151e9db elementor-cta--skin-classic elementor-animated-content elementor-bg-transform elementor-bg-transform-zoom-in elementor-widget elementor-widget-call-to-action\" data-id=\"151e9db\" data-element_type=\"widget\" data-widget_type=\"call-to-action.default\">\n\t\t\t\t<div class=\"elementor-widget-container\">\n\t\t\t\t\t\t\t<div class=\"elementor-cta\">\n\t\t\t\t\t<div class=\"elementor-cta__bg-wrapper\">\n\t\t\t\t<div class=\"elementor-cta__bg elementor-bg\" style=\"background-image: url(https:\/\/geopark-hblo.de\/wp-content\/uploads\/2022\/08\/20220721-Geopunkt-Schandelah-grosse-Gruppe-cY.Salzmann-1024x683.jpg);\" role=\"img\" aria-label=\"20220721 - Geopunkt Schandelah grosse Gruppe (c)Y.Salzmann\"><\/div>\n\t\t\t\t<div class=\"elementor-cta__bg-overlay\"><\/div>\n\t\t\t<\/div>\n\t\t\t\t\t\t\t<div class=\"elementor-cta__content\">\n\t\t\t\t\n\t\t\t\t\t\t\t\t\t<h2 class=\"elementor-cta__title elementor-cta__content-item elementor-content-item\">\n\t\t\t\t\t\t<font face=\"Meridien Roman, serif\"><span style=\"font-size: 21.3333px\">Wissenschaftsminister Bj\u00f6rn Th\u00fcmler besucht Geopunkt Jurameer Schandelah<\/span><\/font><br>\t\t\t\t\t<\/h2>\n\t\t\t\t\n\t\t\t\t\t\t\t\t\t<div class=\"elementor-cta__description elementor-cta__content-item elementor-content-item\">\n\t\t\t\t\t\t21.07.2022\t\t\t\t\t<\/div>\n\t\t\t\t\n\t\t\t\t\t\t\t\t\t<div class=\"elementor-cta__button-wrapper elementor-cta__content-item elementor-content-item\">\n\t\t\t\t\t<a class=\"elementor-cta__button elementor-button elementor-size-\" href=\"https:\/\/geopark-hblo.de\/wp-content\/uploads\/2022\/08\/20220721_PM-Geopunkt-Jurameer-Schandelah-Bjoern-Thuemler.pdf\" target=\"_blank\">\n\t\t\t\t\t\tHier klicken f\u00fcr Presseartikel\t\t\t\t\t<\/a>\n\t\t\t\t\t<\/div>\n\t\t\t\t\t\t\t<\/div>\n\t\t\t\t\t\t<\/div>\n\t\t\t\t\t\t<\/div>\n\t\t\t\t<\/div>\n\t\t\t\t\t<\/div>\n\t\t<\/div>\n\t\t\t\t<div class=\"elementor-column elementor-col-50 elementor-inner-column elementor-element elementor-element-a989432\" data-id=\"a989432\" data-element_type=\"column\">\n\t\t\t<div class=\"elementor-widget-wrap elementor-element-populated\">\n\t\t\t\t\t\t<div class=\"elementor-element elementor-element-ebf507b elementor-cta--skin-classic elementor-animated-content elementor-bg-transform elementor-bg-transform-zoom-in elementor-widget elementor-widget-call-to-action\" data-id=\"ebf507b\" data-element_type=\"widget\" data-widget_type=\"call-to-action.default\">\n\t\t\t\t<div class=\"elementor-widget-container\">\n\t\t\t\t\t\t\t<div class=\"elementor-cta\">\n\t\t\t\t\t<div class=\"elementor-cta__bg-wrapper\">\n\t\t\t\t<div class=\"elementor-cta__bg elementor-bg\" style=\"background-image: url(https:\/\/geopark-hblo.de\/wp-content\/uploads\/2021\/09\/DSC_9257-1024x657.jpg);\" role=\"img\" aria-label=\"DSC_9257\"><\/div>\n\t\t\t\t<div class=\"elementor-cta__bg-overlay\"><\/div>\n\t\t\t<\/div>\n\t\t\t\t\t\t\t<div class=\"elementor-cta__content\">\n\t\t\t\t\n\t\t\t\t\t\t\t\t\t<h2 class=\"elementor-cta__title elementor-cta__content-item elementor-content-item\">\n\t\t\t\t\t\t<p style=\"margin-right:1.0cm\"><b><span style=\"font-size:16.0pt;,serif\">\"Wasser - ein Schl\u00fcsselthema f\u00fcr unsere Zukunft\" Symposium zum Thema Nachhaltiges Wassermanagement<\/span><\/b><span style=\"color: var( --e-global-color-text );font-family: var( --e-global-typography-primary-font-family ), Sans-serif;font-weight: var( --e-global-typography-primary-font-weight )\"><\/span><\/p>\t\t\t\t\t<\/h2>\n\t\t\t\t\n\t\t\t\t\t\t\t\t\t<div class=\"elementor-cta__description elementor-cta__content-item elementor-content-item\">\n\t\t\t\t\t\t06.09.2021\t\t\t\t\t<\/div>\n\t\t\t\t\n\t\t\t\t\t\t\t\t\t<div class=\"elementor-cta__button-wrapper elementor-cta__content-item elementor-content-item\">\n\t\t\t\t\t<a class=\"elementor-cta__button elementor-button elementor-size-\" href=\"https:\/\/geopark-hblo.de\/wp-content\/uploads\/2021\/09\/Pressemitteilung-Wassersymposium-06.09.21.pdf\" target=\"_blank\">\n\t\t\t\t\t\tHier klicken f\u00fcr Presseartikel\t\t\t\t\t<\/a>\n\t\t\t\t\t<\/div>\n\t\t\t\t\t\t\t<\/div>\n\t\t\t\t\t\t<\/div>\n\t\t\t\t\t\t<\/div>\n\t\t\t\t<\/div>\n\t\t\t\t\t<\/div>\n\t\t<\/div>\n\t\t\t\t\t<\/div>\n\t\t<\/section>\n\t\t\t\t\t<\/div>\n\t\t<\/div>\n\t\t\t\t\t<\/div>\n\t\t<\/section>\n\t\t\t\t<\/div>","protected":false},"excerpt":{"rendered":"<p class=\"excerpt\">Pressemitteilungen \u201eGoldener Nagel\u201c eingeschlagen: Steinbruch bei Salzgitter wird weltweiter geologischer Referenzpunkt 02.08.2021 Hier klicken f\u00fcr Presseartikel Wissenschaftsminister Bj\u00f6rn Th\u00fcmler besucht Geopunkt Jurameer Schandelah 21.07.2022 Hier klicken f\u00fcr Presseartikel &#8220;Wasser &#8211; ein Schl\u00fcsselthema f\u00fcr unsere Zukunft&#8221; Symposium zum Thema Nachhaltiges Wassermanagement 06.09.2021 Hier klicken f\u00fcr Presseartikel<\/p>","protected":false},"author":2,"featured_media":0,"parent":0,"menu_order":0,"comment_status":"closed","ping_status":"closed","template":"template-blank.php","meta":{"footnotes":"","_links_to":"","_links_to_target":""},"class_list":["post-18332","page","type-page","status-publish","hentry"],"_links":{"self":[{"href":"https:\/\/geopark-hblo.de\/en\/wp-json\/wp\/v2\/pages\/18332","targetHints":{"allow":["GET"]}}],"collection":[{"href":"https:\/\/geopark-hblo.de\/en\/wp-json\/wp\/v2\/pages"}],"about":[{"href":"https:\/\/geopark-hblo.de\/en\/wp-json\/wp\/v2\/types\/page"}],"author":[{"embeddable":true,"href":"https:\/\/geopark-hblo.de\/en\/wp-json\/wp\/v2\/users\/2"}],"replies":[{"embeddable":true,"href":"https:\/\/geopark-hblo.de\/en\/wp-json\/wp\/v2\/comments?post=18332"}],"version-history":[{"count":10,"href":"https:\/\/geopark-hblo.de\/en\/wp-json\/wp\/v2\/pages\/18332\/revisions"}],"predecessor-version":[{"id":22376,"href":"https:\/\/geopark-hblo.de\/en\/wp-json\/wp\/v2\/pages\/18332\/revisions\/22376"}],"wp:attachment":[{"href":"https:\/\/geopark-hblo.de\/en\/wp-json\/wp\/v2\/media?parent=18332"}],"curies":[{"name":"wp","href":"https:\/\/api.w.org\/{rel}","templated":true}]}}