{"id":8783,"date":"2021-02-15T15:08:06","date_gmt":"2021-02-15T14:08:06","guid":{"rendered":"https:\/\/geopark-hblo.de\/?page_id=8783"},"modified":"2025-01-22T13:51:16","modified_gmt":"2025-01-22T12:51:16","slug":"elementor-8783","status":"publish","type":"page","link":"https:\/\/geopark-hblo.de\/de\/elementor-8783\/","title":{"rendered":"Team Geoguides"},"content":{"rendered":"\t\t<div data-elementor-type=\"wp-page\" data-elementor-id=\"8783\" class=\"elementor elementor-8783\" data-elementor-post-type=\"page\">\n\t\t\t\t\t\t<section class=\"elementor-section elementor-top-section elementor-element elementor-element-9cefdee elementor-section-boxed elementor-section-height-default elementor-section-height-default\" data-id=\"9cefdee\" data-element_type=\"section\" data-settings=\"{&quot;background_background&quot;:&quot;classic&quot;}\">\n\t\t\t\t\t\t<div class=\"elementor-container elementor-column-gap-default\">\n\t\t\t\t\t<div class=\"elementor-column elementor-col-100 elementor-top-column elementor-element elementor-element-abee3e0\" data-id=\"abee3e0\" data-element_type=\"column\">\n\t\t\t<div class=\"elementor-widget-wrap elementor-element-populated\">\n\t\t\t\t\t\t<div class=\"elementor-element elementor-element-a077692 elementor-widget elementor-widget-heading\" data-id=\"a077692\" data-element_type=\"widget\" data-widget_type=\"heading.default\">\n\t\t\t\t<div class=\"elementor-widget-container\">\n\t\t\t\t\t<h1 class=\"elementor-heading-title elementor-size-default\">Team Geoguides                                     <\/h1>\t\t\t\t<\/div>\n\t\t\t\t<\/div>\n\t\t\t\t<section class=\"elementor-section elementor-inner-section elementor-element elementor-element-fc40589 elementor-section-boxed elementor-section-height-default elementor-section-height-default\" data-id=\"fc40589\" data-element_type=\"section\">\n\t\t\t\t\t\t<div class=\"elementor-container elementor-column-gap-default\">\n\t\t\t\t\t<div class=\"elementor-column elementor-col-66 elementor-inner-column elementor-element elementor-element-e5d1336\" data-id=\"e5d1336\" data-element_type=\"column\">\n\t\t\t<div class=\"elementor-widget-wrap elementor-element-populated\">\n\t\t\t\t\t\t<div class=\"elementor-element elementor-element-39c2ca2 elementor-widget elementor-widget-text-editor\" data-id=\"39c2ca2\" data-element_type=\"widget\" data-widget_type=\"text-editor.default\">\n\t\t\t\t<div class=\"elementor-widget-container\">\n\t\t\t\t\t\t\t\t\t<p>Unsere freiberuflichen Mitarbeiter nennen wir in unserem Geopark Geoguides. Sie alle haben eine 1,5 j\u00e4hrige Ausbildung im Geopark abgeschlossen und f\u00fchren verschiedenste Veranstaltungen und F\u00fchrungen f\u00fcr uns durch.\u00a0 Im Nachfolgenden stellen sich unsere Geoguides einmal vor. Viel Spa\u00df beim Kennenlernen!<\/p>\t\t\t\t\t\t\t\t<\/div>\n\t\t\t\t<\/div>\n\t\t\t\t<div class=\"elementor-element elementor-element-23083ed elementor-cta--layout-image-right elementor-cta--skin-classic elementor-animated-content elementor-bg-transform elementor-bg-transform-zoom-in elementor-widget elementor-widget-call-to-action\" data-id=\"23083ed\" data-element_type=\"widget\" data-widget_type=\"call-to-action.default\">\n\t\t\t\t<div class=\"elementor-widget-container\">\n\t\t\t\t\t\t\t<div class=\"elementor-cta\">\n\t\t\t\t\t<div class=\"elementor-cta__bg-wrapper\">\n\t\t\t\t<div class=\"elementor-cta__bg elementor-bg\" style=\"background-image: url(https:\/\/geopark-hblo.de\/wp-content\/uploads\/2021\/03\/Dorot3800-1024x685.jpg);\" role=\"img\" aria-label=\"Foto: Merle Nennewitz\"><\/div>\n\t\t\t\t<div class=\"elementor-cta__bg-overlay\"><\/div>\n\t\t\t<\/div>\n\t\t\t\t\t\t\t<div class=\"elementor-cta__content\">\n\t\t\t\t\n\t\t\t\t\t\t\t\t\t<h2 class=\"elementor-cta__title elementor-cta__content-item elementor-content-item\">\n\t\t\t\t\t\tDorothea Nennewitz\t\t\t\t\t<\/h2>\n\t\t\t\t\n\t\t\t\t\t\t\t\t\t<div class=\"elementor-cta__description elementor-cta__content-item elementor-content-item\">\n\t\t\t\t\t\tDipl. Ing. Agrarwirt., Erz\u00e4hlerin, Naturp\u00e4dagogin\t\t\t\t\t<\/div>\n\t\t\t\t\n\t\t\t\t\t\t\t\t\t<div class=\"elementor-cta__button-wrapper elementor-cta__content-item elementor-content-item \">\n\t\t\t\t\t<a class=\"elementor-cta__button elementor-button elementor-size-\">\n\t\t\t\t\t\t\"Frei und lebendig erz\u00e4hlte Geschichten bereichern alle meine F\u00fchrungen, sie bekommen dadurch eine eigene Lebendigkeit und bleiben besonders bilderfroh und vielf\u00e4ltig in Erinnerung. In den Fortbildungen f\u00fcr Geoguides, die ich organisiere und begleite, stehen Ideen f\u00fcr lebendige F\u00fchrungskonzepte und viel Raum f\u00fcr eigene Erfahrungen und zum Ausprobieren im Vordergrund.\"\t\t\t\t\t<\/a>\n\t\t\t\t\t<\/div>\n\t\t\t\t\t\t\t<\/div>\n\t\t\t\t\t\t<\/div>\n\t\t\t\t\t\t<\/div>\n\t\t\t\t<\/div>\n\t\t\t\t<div class=\"elementor-element elementor-element-65dc454 elementor-cta--layout-image-right elementor-cta--skin-classic elementor-animated-content elementor-bg-transform elementor-bg-transform-zoom-in elementor-widget elementor-widget-call-to-action\" data-id=\"65dc454\" data-element_type=\"widget\" data-widget_type=\"call-to-action.default\">\n\t\t\t\t<div class=\"elementor-widget-container\">\n\t\t\t\t\t\t\t<a class=\"elementor-cta\" href=\"mailto:SimoneRitter@ymail.com\">\n\t\t\t\t\t<div class=\"elementor-cta__bg-wrapper\">\n\t\t\t\t<div class=\"elementor-cta__bg elementor-bg\" style=\"background-image: url(https:\/\/geopark-hblo.de\/wp-content\/uploads\/2021\/03\/Simone-Dargatz-1024x683.jpg);\" role=\"img\" aria-label=\"Simone Dargatz\"><\/div>\n\t\t\t\t<div class=\"elementor-cta__bg-overlay\"><\/div>\n\t\t\t<\/div>\n\t\t\t\t\t\t\t<div class=\"elementor-cta__content\">\n\t\t\t\t\n\t\t\t\t\t\t\t\t\t<h2 class=\"elementor-cta__title elementor-cta__content-item elementor-content-item\">\n\t\t\t\t\t\tSimone Dargatz\t\t\t\t\t<\/h2>\n\t\t\t\t\n\t\t\t\t\t\t\t\t\t<div class=\"elementor-cta__description elementor-cta__content-item elementor-content-item\">\n\t\t\t\t\t\tDipl.-Biologin, zert. Waldp\u00e4dagogin und Naturf\u00fchrerin \t\t\t\t\t<\/div>\n\t\t\t\t\n\t\t\t\t\t\t\t\t\t<div class=\"elementor-cta__button-wrapper elementor-cta__content-item elementor-content-item \">\n\t\t\t\t\t<span class=\"elementor-cta__button elementor-button elementor-size-\">\n\t\t\t\t\t\t\"Seit Kindesbeinen an bin ich der Natur sehr verbunden. Heute gebe ich mein Wissen und die Liebe zu der Erde gerne an andere Menschen weiter.  Meine Schwerpunkte sind dabei Natur- und Waldf\u00fchrungen sowie nachhaltiges Leben und wie man dieses gestalten kann.\"\t\t\t\t\t<\/span>\n\t\t\t\t\t<\/div>\n\t\t\t\t\t\t\t<\/div>\n\t\t\t\t\t\t<\/a>\n\t\t\t\t\t\t<\/div>\n\t\t\t\t<\/div>\n\t\t\t\t<div class=\"elementor-element elementor-element-d6d2b6e elementor-cta--layout-image-right elementor-cta--skin-classic elementor-animated-content elementor-bg-transform elementor-bg-transform-zoom-in elementor-widget elementor-widget-call-to-action\" data-id=\"d6d2b6e\" data-element_type=\"widget\" data-widget_type=\"call-to-action.default\">\n\t\t\t\t<div class=\"elementor-widget-container\">\n\t\t\t\t\t\t\t<a class=\"elementor-cta\" href=\"mailto:leroy15@online.de\">\n\t\t\t\t\t<div class=\"elementor-cta__bg-wrapper\">\n\t\t\t\t<div class=\"elementor-cta__bg elementor-bg\" style=\"background-image: url(https:\/\/geopark-hblo.de\/wp-content\/uploads\/2021\/04\/Elke-Haasler-2-1024x947.jpg);\" role=\"img\" aria-label=\"Elke Haasler 2\"><\/div>\n\t\t\t\t<div class=\"elementor-cta__bg-overlay\"><\/div>\n\t\t\t<\/div>\n\t\t\t\t\t\t\t<div class=\"elementor-cta__content\">\n\t\t\t\t\n\t\t\t\t\t\t\t\t\t<h2 class=\"elementor-cta__title elementor-cta__content-item elementor-content-item\">\n\t\t\t\t\t\tElke Haasler\t\t\t\t\t<\/h2>\n\t\t\t\t\n\t\t\t\t\t\t\t\t\t<div class=\"elementor-cta__description elementor-cta__content-item elementor-content-item\">\n\t\t\t\t\t\tGeoguide und G\u00e4stef\u00fchrerin\t\t\t\t\t<\/div>\n\t\t\t\t\n\t\t\t\t\t\t\t\t\t<div class=\"elementor-cta__button-wrapper elementor-cta__content-item elementor-content-item \">\n\t\t\t\t\t<span class=\"elementor-cta__button elementor-button elementor-size-\">\n\t\t\t\t\t\t \u201eSie suchen Ruhe?    Sie suchen \u201eNervenkitzel\u201c?    Sie suchen nach neuen Wahrnehmungen? Dann sind Sie bei mir richtig. Zusammen schlendern wir durch die Natur und sch\u00e4rfen mit kleinen alltagstauglichen \u00dcbungen unsere Sinne.  -  Der Weg ist das Ziel  -  Ich freue mich auf Sie.\"\t\t\t\t\t<\/span>\n\t\t\t\t\t<\/div>\n\t\t\t\t\t\t\t<\/div>\n\t\t\t\t\t\t<\/a>\n\t\t\t\t\t\t<\/div>\n\t\t\t\t<\/div>\n\t\t\t\t<div class=\"elementor-element elementor-element-307d74b elementor-cta--layout-image-right elementor-cta--skin-classic elementor-animated-content elementor-bg-transform elementor-bg-transform-zoom-in elementor-widget elementor-widget-call-to-action\" data-id=\"307d74b\" data-element_type=\"widget\" data-widget_type=\"call-to-action.default\">\n\t\t\t\t<div class=\"elementor-widget-container\">\n\t\t\t\t\t\t\t<a class=\"elementor-cta\" href=\"mailto:meuselheike@gmail.com\">\n\t\t\t\t\t<div class=\"elementor-cta__bg-wrapper\">\n\t\t\t\t<div class=\"elementor-cta__bg elementor-bg\" style=\"background-image: url(https:\/\/geopark-hblo.de\/wp-content\/uploads\/2021\/09\/Heike-Meusel-902x1024.jpg);\" role=\"img\" aria-label=\"Heike Meusel\"><\/div>\n\t\t\t\t<div class=\"elementor-cta__bg-overlay\"><\/div>\n\t\t\t<\/div>\n\t\t\t\t\t\t\t<div class=\"elementor-cta__content\">\n\t\t\t\t\n\t\t\t\t\t\t\t\t\t<h2 class=\"elementor-cta__title elementor-cta__content-item elementor-content-item\">\n\t\t\t\t\t\tHeike Meusel\t\t\t\t\t<\/h2>\n\t\t\t\t\n\t\t\t\t\t\t\t\t\t<div class=\"elementor-cta__description elementor-cta__content-item elementor-content-item\">\n\t\t\t\t\t\tDipl. Geografin, Geoguide und zert. Waldp\u00e4dagogin\t\t\t\t\t<\/div>\n\t\t\t\t\n\t\t\t\t\t\t\t\t\t<div class=\"elementor-cta__button-wrapper elementor-cta__content-item elementor-content-item \">\n\t\t\t\t\t<span class=\"elementor-cta__button elementor-button elementor-size-\">\n\t\t\t\t\t\t\"Unsere Natur und Landschaft - ein gro\u00dfer Schatz, der erlebt werden will! <br>Dieser Schatz ist mir ans Herz gewachsen. Ich teile ihn deshalb gerne mit Gro\u00df und Klein auf Erkundungstouren in Natur, Wald und Steinbruch.\"\t\t\t\t\t<\/span>\n\t\t\t\t\t<\/div>\n\t\t\t\t\t\t\t<\/div>\n\t\t\t\t\t\t<\/a>\n\t\t\t\t\t\t<\/div>\n\t\t\t\t<\/div>\n\t\t\t\t<div class=\"elementor-element elementor-element-3e93184 elementor-cta--layout-image-right elementor-cta--skin-classic elementor-animated-content elementor-bg-transform elementor-bg-transform-zoom-in elementor-widget elementor-widget-call-to-action\" data-id=\"3e93184\" data-element_type=\"widget\" data-widget_type=\"call-to-action.default\">\n\t\t\t\t<div class=\"elementor-widget-container\">\n\t\t\t\t\t\t\t<a class=\"elementor-cta\" href=\"mailto:info@geopark-hblo.de\">\n\t\t\t\t\t<div class=\"elementor-cta__bg-wrapper\">\n\t\t\t\t<div class=\"elementor-cta__bg elementor-bg\" style=\"background-image: url(https:\/\/geopark-hblo.de\/wp-content\/uploads\/2021\/03\/Christine-Warnecke-1024x768.jpg);\" role=\"img\" aria-label=\"Christine Warnecke\"><\/div>\n\t\t\t\t<div class=\"elementor-cta__bg-overlay\"><\/div>\n\t\t\t<\/div>\n\t\t\t\t\t\t\t<div class=\"elementor-cta__content\">\n\t\t\t\t\n\t\t\t\t\t\t\t\t\t<h2 class=\"elementor-cta__title elementor-cta__content-item elementor-content-item\">\n\t\t\t\t\t\tChristine Warnecke\t\t\t\t\t<\/h2>\n\t\t\t\t\n\t\t\t\t\t\t\t\t\t<div class=\"elementor-cta__description elementor-cta__content-item elementor-content-item\">\n\t\t\t\t\t\tGeoguide und G\u00e4stef\u00fchrerin\t\t\t\t\t<\/div>\n\t\t\t\t\n\t\t\t\t\t\t\t\t\t<div class=\"elementor-cta__button-wrapper elementor-cta__content-item elementor-content-item \">\n\t\t\t\t\t<span class=\"elementor-cta__button elementor-button elementor-size-\">\n\t\t\t\t\t\t\"Ich bewege mich gerne in der Natur. Zusammen mit Ihnen m\u00f6chte ich Sch\u00e4tze entdecken und das Bewusstsein f\u00fcr unsere sch\u00f6ne Heimat in meinen F\u00fchrungen sensibilisieren - Natur, Kultur und Geschichte. Ganz einfach - Heimatkunde vermitteln in Grasleben.\"\t\t\t\t\t<\/span>\n\t\t\t\t\t<\/div>\n\t\t\t\t\t\t\t<\/div>\n\t\t\t\t\t\t<\/a>\n\t\t\t\t\t\t<\/div>\n\t\t\t\t<\/div>\n\t\t\t\t<div class=\"elementor-element elementor-element-538f7e6 elementor-cta--layout-image-right elementor-cta--skin-classic elementor-animated-content elementor-bg-transform elementor-bg-transform-zoom-in elementor-widget elementor-widget-call-to-action\" data-id=\"538f7e6\" data-element_type=\"widget\" data-widget_type=\"call-to-action.default\">\n\t\t\t\t<div class=\"elementor-widget-container\">\n\t\t\t\t\t\t\t<a class=\"elementor-cta\" href=\"mailto:stefaniebucherpekrun@gmail.com\">\n\t\t\t\t\t<div class=\"elementor-cta__bg-wrapper\">\n\t\t\t\t<div class=\"elementor-cta__bg elementor-bg\" style=\"background-image: url(https:\/\/geopark-hblo.de\/wp-content\/uploads\/2021\/03\/Steffi-BucherPekrun-1024x683.jpg);\" role=\"img\" aria-label=\"SAMSUNG CSC\"><\/div>\n\t\t\t\t<div class=\"elementor-cta__bg-overlay\"><\/div>\n\t\t\t<\/div>\n\t\t\t\t\t\t\t<div class=\"elementor-cta__content\">\n\t\t\t\t\n\t\t\t\t\t\t\t\t\t<h2 class=\"elementor-cta__title elementor-cta__content-item elementor-content-item\">\n\t\t\t\t\t\tDr. Stefanie Bucher-Pekrun\t\t\t\t\t<\/h2>\n\t\t\t\t\n\t\t\t\t\t\t\t\t\t<div class=\"elementor-cta__description elementor-cta__content-item elementor-content-item\">\n\t\t\t\t\t\tDiplom-Agraringenieurin, Waldp\u00e4gogin\t\t\t\t\t<\/div>\n\t\t\t\t\n\t\t\t\t\t\t\t\t\t<div class=\"elementor-cta__button-wrapper elementor-cta__content-item elementor-content-item \">\n\t\t\t\t\t<span class=\"elementor-cta__button elementor-button elementor-size-\">\n\t\t\t\t\t\t\"Meine Begeisterung f\u00fcr die Erdgeschichte und f\u00fcr die Natur m\u00f6chte ich  gern mit vielen Menschen teilen. Die Fossilienwelt des Hondelager Posidonienschiefers, aber auch Natur und Landschaft wie das Reitlingstal im Elm oder der Braunschweiger Nu\u00dfberg geh\u00f6ren zu meinen Schwerpunkten.\"\t\t\t\t\t<\/span>\n\t\t\t\t\t<\/div>\n\t\t\t\t\t\t\t<\/div>\n\t\t\t\t\t\t<\/a>\n\t\t\t\t\t\t<\/div>\n\t\t\t\t<\/div>\n\t\t\t\t<div class=\"elementor-element elementor-element-9d8b3a4 elementor-cta--layout-image-right elementor-cta--skin-classic elementor-animated-content elementor-bg-transform elementor-bg-transform-zoom-in elementor-widget elementor-widget-call-to-action\" data-id=\"9d8b3a4\" data-element_type=\"widget\" data-widget_type=\"call-to-action.default\">\n\t\t\t\t<div class=\"elementor-widget-container\">\n\t\t\t\t\t\t\t<a class=\"elementor-cta\" href=\"mailto:Ulrike.Siemens@online.de\">\n\t\t\t\t\t<div class=\"elementor-cta__bg-wrapper\">\n\t\t\t\t<div class=\"elementor-cta__bg elementor-bg\" style=\"background-image: url(https:\/\/geopark-hblo.de\/wp-content\/uploads\/2021\/04\/Ulrike-Siemens2-822x1024.jpg);\" role=\"img\" aria-label=\"Ulrike Siemens2\"><\/div>\n\t\t\t\t<div class=\"elementor-cta__bg-overlay\"><\/div>\n\t\t\t<\/div>\n\t\t\t\t\t\t\t<div class=\"elementor-cta__content\">\n\t\t\t\t\n\t\t\t\t\t\t\t\t\t<h2 class=\"elementor-cta__title elementor-cta__content-item elementor-content-item\">\n\t\t\t\t\t\tUlrike Siemens\t\t\t\t\t<\/h2>\n\t\t\t\t\n\t\t\t\t\t\t\t\t\t<div class=\"elementor-cta__description elementor-cta__content-item elementor-content-item\">\n\t\t\t\t\t\tDipl.-Ing., Geoguide, G\u00e4stef\u00fchrerin\t\t\t\t\t<\/div>\n\t\t\t\t\n\t\t\t\t\t\t\t\t\t<div class=\"elementor-cta__button-wrapper elementor-cta__content-item elementor-content-item \">\n\t\t\t\t\t<span class=\"elementor-cta__button elementor-button elementor-size-\">\n\t\t\t\t\t\t\"Im Geopark gibt es so viel Aufregendes zu erkunden: Steine die Klimageschichte erz\u00e4hlen, H\u00fcgel mit salzigem Untergrund, Kuhlen in denen man Reste von Sauriern finden kann \u2013 mit ganz viel Gl\u00fcck und noch ganz viel mehr. All das zeige ich gerne kleinen und gro\u00dfen Menschen.\"\t\t\t\t\t<\/span>\n\t\t\t\t\t<\/div>\n\t\t\t\t\t\t\t<\/div>\n\t\t\t\t\t\t<\/a>\n\t\t\t\t\t\t<\/div>\n\t\t\t\t<\/div>\n\t\t\t\t<div class=\"elementor-element elementor-element-677ec90 elementor-cta--layout-image-right elementor-cta--skin-classic elementor-animated-content elementor-bg-transform elementor-bg-transform-zoom-in elementor-widget elementor-widget-call-to-action\" data-id=\"677ec90\" data-element_type=\"widget\" data-widget_type=\"call-to-action.default\">\n\t\t\t\t<div class=\"elementor-widget-container\">\n\t\t\t\t\t\t\t<a class=\"elementor-cta\" href=\"mailto:mail@susanneschroth.de\">\n\t\t\t\t\t<div class=\"elementor-cta__bg-wrapper\">\n\t\t\t\t<div class=\"elementor-cta__bg elementor-bg\" style=\"background-image: url(https:\/\/geopark-hblo.de\/wp-content\/uploads\/2021\/04\/Susanne-Schroth2-729x1024.jpg);\" role=\"img\" aria-label=\"Susanne Schroth2\"><\/div>\n\t\t\t\t<div class=\"elementor-cta__bg-overlay\"><\/div>\n\t\t\t<\/div>\n\t\t\t\t\t\t\t<div class=\"elementor-cta__content\">\n\t\t\t\t\n\t\t\t\t\t\t\t\t\t<h2 class=\"elementor-cta__title elementor-cta__content-item elementor-content-item\">\n\t\t\t\t\t\tSusanne Schroth\t\t\t\t\t<\/h2>\n\t\t\t\t\n\t\t\t\t\t\t\t\t\t<div class=\"elementor-cta__description elementor-cta__content-item elementor-content-item\">\n\t\t\t\t\t\tDipl.-Geologin, Geoguide, zert. Waldp\u00e4dagogin\t\t\t\t\t<\/div>\n\t\t\t\t\n\t\t\t\t\t\t\t\t\t<div class=\"elementor-cta__button-wrapper elementor-cta__content-item elementor-content-item \">\n\t\t\t\t\t<span class=\"elementor-cta__button elementor-button elementor-size-\">\n\t\t\t\t\t\t\"Der Geopark h\u00e4lt so viele (geologische) Sch\u00e4tze bereit, f\u00fcr die ich die Menschen-Gro\u00df und Klein- begeistern m\u00f6chte.  Es macht mir Spa\u00df, gemeinsam mit anderen in der Natur auf Entdeckungsreise zu gehen. Kommen Sie mit!\"\t\t\t\t\t<\/span>\n\t\t\t\t\t<\/div>\n\t\t\t\t\t\t\t<\/div>\n\t\t\t\t\t\t<\/a>\n\t\t\t\t\t\t<\/div>\n\t\t\t\t<\/div>\n\t\t\t\t<div class=\"elementor-element elementor-element-3045049 elementor-cta--layout-image-right elementor-cta--skin-classic elementor-animated-content elementor-bg-transform elementor-bg-transform-zoom-in elementor-widget elementor-widget-call-to-action\" data-id=\"3045049\" data-element_type=\"widget\" data-widget_type=\"call-to-action.default\">\n\t\t\t\t<div class=\"elementor-widget-container\">\n\t\t\t\t\t\t\t<a class=\"elementor-cta\" href=\"mailto:annikas-waldentdecker@gmx.de\">\n\t\t\t\t\t<div class=\"elementor-cta__bg-wrapper\">\n\t\t\t\t<div class=\"elementor-cta__bg elementor-bg\" style=\"background-image: url(https:\/\/geopark-hblo.de\/wp-content\/uploads\/2022\/02\/Annika-Jacobi.jpg);\" role=\"img\" aria-label=\"Annika Jacobi\"><\/div>\n\t\t\t\t<div class=\"elementor-cta__bg-overlay\"><\/div>\n\t\t\t<\/div>\n\t\t\t\t\t\t\t<div class=\"elementor-cta__content\">\n\t\t\t\t\n\t\t\t\t\t\t\t\t\t<h2 class=\"elementor-cta__title elementor-cta__content-item elementor-content-item\">\n\t\t\t\t\t\tAnnika Jacobi\t\t\t\t\t<\/h2>\n\t\t\t\t\n\t\t\t\t\t\t\t\t\t<div class=\"elementor-cta__description elementor-cta__content-item elementor-content-item\">\n\t\t\t\t\t\tGeoguide, zert. Waldp\u00e4dagogin\t\t\t\t\t<\/div>\n\t\t\t\t\n\t\t\t\t\t\t\t\t\t<div class=\"elementor-cta__button-wrapper elementor-cta__content-item elementor-content-item \">\n\t\t\t\t\t<span class=\"elementor-cta__button elementor-button elementor-size-\">\n\t\t\t\t\t\t\"Ich m\u00f6chte gern meine Liebe zur Natur teilen und freue mich darauf mit vielen tollen Kindern zu forschen, zu basteln und die Naturverbindung zu vertiefen.      Wir wollen zusammen die Natur mit allen Sinnen begreifen und so die kleinen und gro\u00dfen Wunder entdecken, die sie f\u00fcr uns bereit h\u00e4lt.\"\t\t\t\t\t<\/span>\n\t\t\t\t\t<\/div>\n\t\t\t\t\t\t\t<\/div>\n\t\t\t\t\t\t<\/a>\n\t\t\t\t\t\t<\/div>\n\t\t\t\t<\/div>\n\t\t\t\t<div class=\"elementor-element elementor-element-fb58656 elementor-cta--layout-image-right elementor-cta--skin-classic elementor-animated-content elementor-bg-transform elementor-bg-transform-zoom-in elementor-widget elementor-widget-call-to-action\" data-id=\"fb58656\" data-element_type=\"widget\" data-widget_type=\"call-to-action.default\">\n\t\t\t\t<div class=\"elementor-widget-container\">\n\t\t\t\t\t\t\t<a class=\"elementor-cta\" href=\"mailto:info@geopark-hblo.de\">\n\t\t\t\t\t<div class=\"elementor-cta__bg-wrapper\">\n\t\t\t\t<div class=\"elementor-cta__bg elementor-bg\" style=\"background-image: url(https:\/\/geopark-hblo.de\/wp-content\/uploads\/2022\/02\/Antje-Bednarz1-1024x958.jpg);\" role=\"img\" aria-label=\"Antje Bednarz1\"><\/div>\n\t\t\t\t<div class=\"elementor-cta__bg-overlay\"><\/div>\n\t\t\t<\/div>\n\t\t\t\t\t\t\t<div class=\"elementor-cta__content\">\n\t\t\t\t\n\t\t\t\t\t\t\t\t\t<h2 class=\"elementor-cta__title elementor-cta__content-item elementor-content-item\">\n\t\t\t\t\t\tAntje Bednarz\t\t\t\t\t<\/h2>\n\t\t\t\t\n\t\t\t\t\t\t\t\t\t<div class=\"elementor-cta__description elementor-cta__content-item elementor-content-item\">\n\t\t\t\t\t\tGeoguide, Waldf\u00fchrerin in Ausbildung\t\t\t\t\t<\/div>\n\t\t\t\t\n\t\t\t\t\t\t\t\t\t<div class=\"elementor-cta__button-wrapper elementor-cta__content-item elementor-content-item \">\n\t\t\t\t\t<span class=\"elementor-cta__button elementor-button elementor-size-\">\n\t\t\t\t\t\t\"Geschichten, die von fr\u00fcheren Zeiten erz\u00e4hlen, haben mich schon immer fasziniert! Wie haben die Menschen gelebt, gearbeitet, was gab es vor Ort im Dorf zu erleben? Mein Wissen aus Archiven, B\u00fcchern und Erz\u00e4hlungen m\u00f6chte ich Ihnen gern weitergeben. Unsere Heimat hat viel zu bieten, schauen wir es uns gemeinsam an!\"\t\t\t\t\t<\/span>\n\t\t\t\t\t<\/div>\n\t\t\t\t\t\t\t<\/div>\n\t\t\t\t\t\t<\/a>\n\t\t\t\t\t\t<\/div>\n\t\t\t\t<\/div>\n\t\t\t\t\t<\/div>\n\t\t<\/div>\n\t\t\t\t<div class=\"elementor-column elementor-col-33 elementor-inner-column elementor-element elementor-element-e3389bf\" data-id=\"e3389bf\" data-element_type=\"column\">\n\t\t\t<div class=\"elementor-widget-wrap elementor-element-populated\">\n\t\t\t\t\t\t<div class=\"elementor-element elementor-element-3aa6553 elementor-hidden-tablet elementor-hidden-phone elementor-widget elementor-widget-shortcode\" data-id=\"3aa6553\" data-element_type=\"widget\" data-widget_type=\"shortcode.default\">\n\t\t\t\t<div class=\"elementor-widget-container\">\n\t\t\t\t\t\t\t<div class=\"elementor-shortcode\"><nav id=\"bellows-main-4\" class=\"bellows bellows-nojs bellows-main bellows-source-menu bellows-align-full bellows-skin-vanilla\"><ul id=\"menu-ueber-uns_sidebarmenu\" class=\"bellows-nav\" data-bellows-config=\"main\"><li id=\"menu-item-219\" class=\"bellows-menu-item bellows-menu-item-type-post_type bellows-menu-item-object-page bellows-menu-item-219 bellows-item-level-0\"><a  href=\"https:\/\/geopark-hblo.de\/de\/ueber-uns\/was-ist-ein-geopark\/\" class=\"bellows-target\"><span class=\"bellows-target-title bellows-target-text\">Was ist ein Geopark?<\/span><\/a><\/li>\n<li id=\"menu-item-218\" class=\"bellows-menu-item bellows-menu-item-type-post_type bellows-menu-item-object-page bellows-menu-item-218 bellows-item-level-0\"><a  href=\"https:\/\/geopark-hblo.de\/de\/ueber-uns\/geopark-entwicklung\/\" class=\"bellows-target\"><span class=\"bellows-target-title bellows-target-text\">Geopark-Entwicklung<\/span><\/a><\/li>\n<li id=\"menu-item-216\" class=\"bellows-menu-item bellows-menu-item-type-post_type bellows-menu-item-object-page bellows-menu-item-216 bellows-item-level-0\"><a  href=\"https:\/\/geopark-hblo.de\/de\/ueber-uns\/satzung-des-traegervereins\/\" class=\"bellows-target\"><span class=\"bellows-target-title bellows-target-text\">Satzung des Tr\u00e4gervereins<\/span><\/a><\/li>\n<li id=\"menu-item-215\" class=\"bellows-menu-item bellows-menu-item-type-post_type bellows-menu-item-object-page bellows-menu-item-215 bellows-item-level-0\"><a  href=\"https:\/\/geopark-hblo.de\/de\/ueber-uns\/beitragsordnung\/\" class=\"bellows-target\"><span class=\"bellows-target-title bellows-target-text\">Beitragsordnung<\/span><\/a><\/li>\n<li id=\"menu-item-214\" class=\"bellows-menu-item bellows-menu-item-type-post_type bellows-menu-item-object-page bellows-menu-item-214 bellows-item-level-0\"><a  href=\"https:\/\/geopark-hblo.de\/de\/ueber-uns\/team\/\" class=\"bellows-target\"><span class=\"bellows-target-title bellows-target-text\">Team der Gesch\u00e4ftsstelle<\/span><\/a><\/li>\n<li id=\"menu-item-8791\" class=\"bellows-menu-item bellows-menu-item-type-post_type bellows-menu-item-object-page bellows-menu-item-8791 bellows-item-level-0\"><a  href=\"https:\/\/geopark-hblo.de\/de\/elementor-8783\/\" class=\"bellows-target\"><span class=\"bellows-target-title bellows-target-text\">Team Geoguides<\/span><\/a><\/li>\n<li id=\"menu-item-23799\" class=\"bellows-menu-item bellows-menu-item-type-post_type bellows-menu-item-object-page bellows-menu-item-23799 bellows-item-level-0\"><a  href=\"https:\/\/geopark-hblo.de\/de\/geopark-forum\/\" class=\"bellows-target\"><span class=\"bellows-target-title bellows-target-text\">Geopark-Forum<\/span><\/a><\/li>\n<\/ul><\/nav>\n<\/div>\n\t\t\t\t\t\t<\/div>\n\t\t\t\t<\/div>\n\t\t\t\t\t<\/div>\n\t\t<\/div>\n\t\t\t\t\t<\/div>\n\t\t<\/section>\n\t\t\t\t\t<\/div>\n\t\t<\/div>\n\t\t\t\t\t<\/div>\n\t\t<\/section>\n\t\t\t\t<\/div>\n\t\t","protected":false},"excerpt":{"rendered":"<p class=\"excerpt\">Team Geoguides Unsere freiberuflichen Mitarbeiter nennen wir in unserem Geopark Geoguides. Sie alle haben eine 1,5 j\u00e4hrige Ausbildung im Geopark abgeschlossen und f\u00fchren verschiedenste Veranstaltungen und F\u00fchrungen f\u00fcr uns durch.\u00a0 Im Nachfolgenden stellen sich unsere Geoguides einmal vor. Viel Spa\u00df beim Kennenlernen! Dorothea Nennewitz Dipl. Ing. Agrarwirt., Erz\u00e4hlerin, Naturp\u00e4dagogin &#8220;Frei und lebendig erz\u00e4hlte Geschichten bereichern [&hellip;]<\/p>\n","protected":false},"author":2,"featured_media":0,"parent":0,"menu_order":0,"comment_status":"closed","ping_status":"closed","template":"template-blank.php","meta":{"footnotes":"","_links_to":"","_links_to_target":""},"class_list":["post-8783","page","type-page","status-publish","hentry"],"_links":{"self":[{"href":"https:\/\/geopark-hblo.de\/de\/wp-json\/wp\/v2\/pages\/8783","targetHints":{"allow":["GET"]}}],"collection":[{"href":"https:\/\/geopark-hblo.de\/de\/wp-json\/wp\/v2\/pages"}],"about":[{"href":"https:\/\/geopark-hblo.de\/de\/wp-json\/wp\/v2\/types\/page"}],"author":[{"embeddable":true,"href":"https:\/\/geopark-hblo.de\/de\/wp-json\/wp\/v2\/users\/2"}],"replies":[{"embeddable":true,"href":"https:\/\/geopark-hblo.de\/de\/wp-json\/wp\/v2\/comments?post=8783"}],"version-history":[{"count":10,"href":"https:\/\/geopark-hblo.de\/de\/wp-json\/wp\/v2\/pages\/8783\/revisions"}],"predecessor-version":[{"id":26493,"href":"https:\/\/geopark-hblo.de\/de\/wp-json\/wp\/v2\/pages\/8783\/revisions\/26493"}],"wp:attachment":[{"href":"https:\/\/geopark-hblo.de\/de\/wp-json\/wp\/v2\/media?parent=8783"}],"curies":[{"name":"wp","href":"https:\/\/api.w.org\/{rel}","templated":true}]}}