{"id":6668,"date":"2020-07-21T11:56:33","date_gmt":"2020-07-21T09:56:33","guid":{"rendered":"https:\/\/geopark-hblo.de\/?page_id=6668"},"modified":"2022-07-04T08:58:55","modified_gmt":"2022-07-04T06:58:55","slug":"evaluationsbogen","status":"publish","type":"page","link":"https:\/\/geopark-hblo.de\/da\/evaluationsbogen\/","title":{"rendered":"Bewertungsbogen"},"content":{"rendered":"<div data-elementor-type=\"wp-page\" data-elementor-id=\"6668\" class=\"elementor elementor-6668\" data-elementor-post-type=\"page\">\n\t\t\t\t\t\t<section class=\"elementor-section elementor-top-section elementor-element elementor-element-7adb8b2 elementor-section-boxed elementor-section-height-default elementor-section-height-default\" data-id=\"7adb8b2\" data-element_type=\"section\" data-settings=\"{&quot;background_background&quot;:&quot;classic&quot;}\">\n\t\t\t\t\t\t<div class=\"elementor-container elementor-column-gap-default\">\n\t\t\t\t\t<div class=\"elementor-column elementor-col-100 elementor-top-column elementor-element elementor-element-9afef9a\" data-id=\"9afef9a\" data-element_type=\"column\">\n\t\t\t<div class=\"elementor-widget-wrap elementor-element-populated\">\n\t\t\t\t\t\t<div class=\"elementor-element elementor-element-ee86af3 elementor-widget elementor-widget-heading\" data-id=\"ee86af3\" data-element_type=\"widget\" data-widget_type=\"heading.default\">\n\t\t\t\t<div class=\"elementor-widget-container\">\n\t\t\t\t\t<h2 class=\"elementor-heading-title elementor-size-default\">Bewertungsbogen f\u00fcr Veranstaltungen des Geoparks Braunschweiger Land . Ostfalen<\/h2>\t\t\t\t<\/div>\n\t\t\t\t<\/div>\n\t\t\t\t<div class=\"elementor-element elementor-element-8f2e4e0 elementor-widget elementor-widget-text-editor\" data-id=\"8f2e4e0\" data-element_type=\"widget\" data-widget_type=\"text-editor.default\">\n\t\t\t\t<div class=\"elementor-widget-container\">\n\t\t\t\t\t\t\t\t\t<p>Wir sind bestrebt, unser Angebot laufend zu verbessern und bitten Sie daher, den folgenden Fragebogen auszuf\u00fcllen. Uns interessiert Ihre ehrliche Einsch\u00e4tzung zur Veranstaltung und deren Durchf\u00fchrung. <\/p>\t\t\t\t\t\t\t\t<\/div>\n\t\t\t\t<\/div>\n\t\t\t\t<div class=\"elementor-element elementor-element-d0f4397 elementor-button-align-center elementor-widget elementor-widget-form\" data-id=\"d0f4397\" data-element_type=\"widget\" data-settings=\"{&quot;step_next_label&quot;:&quot;N\\u00e4chster&quot;,&quot;step_previous_label&quot;:&quot;Voriger&quot;,&quot;button_width&quot;:&quot;100&quot;,&quot;step_type&quot;:&quot;number_text&quot;,&quot;step_icon_shape&quot;:&quot;circle&quot;}\" data-widget_type=\"form.default\">\n\t\t\t\t<div class=\"elementor-widget-container\">\n\t\t\t\t\t\t\t<form class=\"elementor-form\" method=\"post\" name=\"Neues Formular\" aria-label=\"Neues Formular\" action=\"\">\n\t\t\t<input type=\"hidden\" name=\"post_id\" value=\"6668\"\/>\n\t\t\t<input type=\"hidden\" name=\"form_id\" value=\"d0f4397\"\/>\n\t\t\t<input type=\"hidden\" name=\"referer_title\" value=\"Bewertungsbogen\" \/>\n\n\t\t\t\t\t\t\t<input type=\"hidden\" name=\"queried_id\" value=\"6668\"\/>\n\t\t\t\n\t\t\t<div class=\"elementor-form-fields-wrapper elementor-labels-above\">\n\t\t\t\t\t\t\t\t<div class=\"elementor-field-type-text elementor-field-group elementor-column elementor-field-group-name elementor-col-50 elementor-field-required\">\n\t\t\t\t\t\t\t\t\t\t\t\t<label for=\"form-field-name\" class=\"elementor-field-label\">\n\t\t\t\t\t\t\t\tWer hat die Veranstaltung gef\u00fchrt?\t\t\t\t\t\t\t<\/label>\n\t\t\t\t\t\t\t\t\t\t\t\t\t\t<input size=\"1\" type=\"text\" name=\"form_fields[name]\" id=\"form-field-name\" class=\"elementor-field elementor-size-sm  elementor-field-textual\" placeholder=\"Name des Geoguides\" required=\"required\">\n\t\t\t\t\t\t\t\t\t\t\t<\/div>\n\t\t\t\t\t\t\t\t<div class=\"elementor-field-type-text elementor-field-group elementor-column elementor-field-group-email elementor-col-50 elementor-field-required\">\n\t\t\t\t\t\t\t\t\t\t\t\t<label for=\"form-field-email\" class=\"elementor-field-label\">\n\t\t\t\t\t\t\t\tWo hat die Veranstaltung stattgefunden?\t\t\t\t\t\t\t<\/label>\n\t\t\t\t\t\t\t\t\t\t\t\t\t\t<input size=\"1\" type=\"text\" name=\"form_fields[email]\" id=\"form-field-email\" class=\"elementor-field elementor-size-sm  elementor-field-textual\" placeholder=\"Ort des Geschehens\" required=\"required\">\n\t\t\t\t\t\t\t\t\t\t\t<\/div>\n\t\t\t\t\t\t\t\t<div class=\"elementor-field-type-text elementor-field-group elementor-column elementor-field-group-message elementor-col-50\">\n\t\t\t\t\t\t\t\t\t\t\t\t<label for=\"form-field-message\" class=\"elementor-field-label\">\n\t\t\t\t\t\t\t\tTitel der Veranstaltung\t\t\t\t\t\t\t<\/label>\n\t\t\t\t\t\t\t\t\t\t\t\t\t\t<input size=\"1\" type=\"text\" name=\"form_fields[message]\" id=\"form-field-message\" class=\"elementor-field elementor-size-sm  elementor-field-textual\" placeholder=\"z.B. Kindergeburtstag WasserWunderWelt\">\n\t\t\t\t\t\t\t\t\t\t\t<\/div>\n\t\t\t\t\t\t\t\t<div class=\"elementor-field-type-date elementor-field-group elementor-column elementor-field-group-field_750edca elementor-col-25 elementor-field-required\">\n\t\t\t\t\t\t\t\t\t\t\t\t<label for=\"form-field-field_750edca\" class=\"elementor-field-label\">\n\t\t\t\t\t\t\t\tDatum der Veranstaltung\t\t\t\t\t\t\t<\/label>\n\t\t\t\t\t\t\n\t\t<input type=\"date\" name=\"form_fields[field_750edca]\" id=\"form-field-field_750edca\" class=\"elementor-field elementor-size-sm  elementor-field-textual elementor-date-field\" required=\"required\" pattern=\"[0-9]{4}-[0-9]{2}-[0-9]{2}\">\n\t\t\t\t\t\t<\/div>\n\t\t\t\t\t\t\t\t<div class=\"elementor-field-type-number elementor-field-group elementor-column elementor-field-group-field_80523c4 elementor-col-25\">\n\t\t\t\t\t\t\t\t\t\t\t\t<label for=\"form-field-field_80523c4\" class=\"elementor-field-label\">\n\t\t\t\t\t\t\t\tTeilnehmeranzahl\t\t\t\t\t\t\t<\/label>\n\t\t\t\t\t\t\t\t\t<input type=\"number\" name=\"form_fields[field_80523c4]\" id=\"form-field-field_80523c4\" class=\"elementor-field elementor-size-sm  elementor-field-textual\" min=\"\" max=\"\" >\n\t\t\t\t\t\t<\/div>\n\t\t\t\t\t\t\t\t<div class=\"elementor-field-type-text elementor-field-group elementor-column elementor-field-group-field_bb2478b elementor-col-100 elementor-field-required\">\n\t\t\t\t\t\t\t\t\t\t\t\t<label for=\"form-field-field_bb2478b\" class=\"elementor-field-label\">\n\t\t\t\t\t\t\t\tWer f\u00fcllt diesen Bewertungsbogen aus?\t\t\t\t\t\t\t<\/label>\n\t\t\t\t\t\t\t\t\t\t\t\t\t\t<input size=\"1\" type=\"text\" name=\"form_fields[field_bb2478b]\" id=\"form-field-field_bb2478b\" class=\"elementor-field elementor-size-sm  elementor-field-textual\" placeholder=\"Name, Vorname, ggf. Institution\/Verein\/Schule\" required=\"required\">\n\t\t\t\t\t\t\t\t\t\t\t<\/div>\n\t\t\t\t\t\t\t\t<div class=\"elementor-field-type-checkbox elementor-field-group elementor-column elementor-field-group-field_9c09e65 elementor-col-60\">\n\t\t\t\t\t\t\t\t\t\t\t\t<label for=\"form-field-field_9c09e65\" class=\"elementor-field-label\">\n\t\t\t\t\t\t\t\tWurde die Veranstaltung Ihrer Meinung nach von dem Geoguide gut organisiert und vorbereitet?\t\t\t\t\t\t\t<\/label>\n\t\t\t\t\t\t<div class=\"elementor-field-subgroup  elementor-subgroup-inline\"><span class=\"elementor-field-option\"><input type=\"checkbox\" value=\"ja\" id=\"form-field-field_9c09e65-0\" name=\"form_fields[field_9c09e65][]\"> <label for=\"form-field-field_9c09e65-0\">ja<\/label><\/span><span class=\"elementor-field-option\"><input type=\"checkbox\" value=\"teils\/teils\" id=\"form-field-field_9c09e65-1\" name=\"form_fields[field_9c09e65][]\"> <label for=\"form-field-field_9c09e65-1\">teils\/teils<\/label><\/span><span class=\"elementor-field-option\"><input type=\"checkbox\" value=\"nein\" id=\"form-field-field_9c09e65-2\" name=\"form_fields[field_9c09e65][]\"> <label for=\"form-field-field_9c09e65-2\">nein<\/label><\/span><\/div>\t\t\t\t<\/div>\n\t\t\t\t\t\t\t\t<div class=\"elementor-field-type-text elementor-field-group elementor-column elementor-field-group-field_4229d86 elementor-col-40\">\n\t\t\t\t\t\t\t\t\t\t\t\t<label for=\"form-field-field_4229d86\" class=\"elementor-field-label\">\n\t\t\t\t\t\t\t\tAnmerkung: \t\t\t\t\t\t\t<\/label>\n\t\t\t\t\t\t\t\t\t\t\t\t\t\t<input size=\"1\" type=\"text\" name=\"form_fields[field_4229d86]\" id=\"form-field-field_4229d86\" class=\"elementor-field elementor-size-sm  elementor-field-textual\">\n\t\t\t\t\t\t\t\t\t\t\t<\/div>\n\t\t\t\t\t\t\t\t<div class=\"elementor-field-type-checkbox elementor-field-group elementor-column elementor-field-group-field_f5a70e4 elementor-col-60\">\n\t\t\t\t\t\t\t\t\t\t\t\t<label for=\"form-field-field_f5a70e4\" class=\"elementor-field-label\">\n\t\t\t\t\t\t\t\tHat der Vortragsstil die Teilnehmer\/-innen angesprochen, wurde auf Fragen eingegangen?\t\t\t\t\t\t\t<\/label>\n\t\t\t\t\t\t<div class=\"elementor-field-subgroup  elementor-subgroup-inline\"><span class=\"elementor-field-option\"><input type=\"checkbox\" value=\"sehr gut\" id=\"form-field-field_f5a70e4-0\" name=\"form_fields[field_f5a70e4][]\"> <label for=\"form-field-field_f5a70e4-0\">sehr gut<\/label><\/span><span class=\"elementor-field-option\"><input type=\"checkbox\" value=\"gut\" id=\"form-field-field_f5a70e4-1\" name=\"form_fields[field_f5a70e4][]\"> <label for=\"form-field-field_f5a70e4-1\">gut<\/label><\/span><span class=\"elementor-field-option\"><input type=\"checkbox\" value=\"nicht besonders gut\" id=\"form-field-field_f5a70e4-2\" name=\"form_fields[field_f5a70e4][]\"> <label for=\"form-field-field_f5a70e4-2\">nicht besonders gut<\/label><\/span><span class=\"elementor-field-option\"><input type=\"checkbox\" value=\"\u00fcberhaupt nicht\" id=\"form-field-field_f5a70e4-3\" name=\"form_fields[field_f5a70e4][]\"> <label for=\"form-field-field_f5a70e4-3\">\u00fcberhaupt nicht<\/label><\/span><\/div>\t\t\t\t<\/div>\n\t\t\t\t\t\t\t\t<div class=\"elementor-field-type-text elementor-field-group elementor-column elementor-field-group-field_7a38ad6 elementor-col-40\">\n\t\t\t\t\t\t\t\t\t\t\t\t<label for=\"form-field-field_7a38ad6\" class=\"elementor-field-label\">\n\t\t\t\t\t\t\t\tAnmerkung:\t\t\t\t\t\t\t<\/label>\n\t\t\t\t\t\t\t\t\t\t\t\t\t\t<input size=\"1\" type=\"text\" name=\"form_fields[field_7a38ad6]\" id=\"form-field-field_7a38ad6\" class=\"elementor-field elementor-size-sm  elementor-field-textual\">\n\t\t\t\t\t\t\t\t\t\t\t<\/div>\n\t\t\t\t\t\t\t\t<div class=\"elementor-field-type-checkbox elementor-field-group elementor-column elementor-field-group-field_2c37f5a elementor-col-60\">\n\t\t\t\t\t\t\t\t\t\t\t\t<label for=\"form-field-field_2c37f5a\" class=\"elementor-field-label\">\n\t\t\t\t\t\t\t\tWaren die Aktionen und Ausf\u00fchrungen dem Alter der Teilnehmer\/-innen angemessen?\t\t\t\t\t\t\t<\/label>\n\t\t\t\t\t\t<div class=\"elementor-field-subgroup  elementor-subgroup-inline\"><span class=\"elementor-field-option\"><input type=\"checkbox\" value=\"auf jeden Fall\" id=\"form-field-field_2c37f5a-0\" name=\"form_fields[field_2c37f5a][]\"> <label for=\"form-field-field_2c37f5a-0\">auf jeden Fall<\/label><\/span><span class=\"elementor-field-option\"><input type=\"checkbox\" value=\"teils\/teils\" id=\"form-field-field_2c37f5a-1\" name=\"form_fields[field_2c37f5a][]\"> <label for=\"form-field-field_2c37f5a-1\">teils\/teils<\/label><\/span><span class=\"elementor-field-option\"><input type=\"checkbox\" value=\"eher nicht so\" id=\"form-field-field_2c37f5a-2\" name=\"form_fields[field_2c37f5a][]\"> <label for=\"form-field-field_2c37f5a-2\">eher nicht so<\/label><\/span><span class=\"elementor-field-option\"><input type=\"checkbox\" value=\"\u00fcberhaupt nicht\" id=\"form-field-field_2c37f5a-3\" name=\"form_fields[field_2c37f5a][]\"> <label for=\"form-field-field_2c37f5a-3\">\u00fcberhaupt nicht<\/label><\/span><\/div>\t\t\t\t<\/div>\n\t\t\t\t\t\t\t\t<div class=\"elementor-field-type-text elementor-field-group elementor-column elementor-field-group-field_7a8f13c elementor-col-40\">\n\t\t\t\t\t\t\t\t\t\t\t\t<label for=\"form-field-field_7a8f13c\" class=\"elementor-field-label\">\n\t\t\t\t\t\t\t\tAnmerkung:\t\t\t\t\t\t\t<\/label>\n\t\t\t\t\t\t\t\t\t\t\t\t\t\t<input size=\"1\" type=\"text\" name=\"form_fields[field_7a8f13c]\" id=\"form-field-field_7a8f13c\" class=\"elementor-field elementor-size-sm  elementor-field-textual\">\n\t\t\t\t\t\t\t\t\t\t\t<\/div>\n\t\t\t\t\t\t\t\t<div class=\"elementor-field-type-checkbox elementor-field-group elementor-column elementor-field-group-field_80bae3c elementor-col-60\">\n\t\t\t\t\t\t\t\t\t\t\t\t<label for=\"form-field-field_80bae3c\" class=\"elementor-field-label\">\n\t\t\t\t\t\t\t\tWurde mit der Gruppe aktiv zusammengearbeitet und wurde Zeit zur Verarbeitung gelassen?\t\t\t\t\t\t\t<\/label>\n\t\t\t\t\t\t<div class=\"elementor-field-subgroup  elementor-subgroup-inline\"><span class=\"elementor-field-option\"><input type=\"checkbox\" value=\"auf jeden Fall\" id=\"form-field-field_80bae3c-0\" name=\"form_fields[field_80bae3c][]\"> <label for=\"form-field-field_80bae3c-0\">auf jeden Fall<\/label><\/span><span class=\"elementor-field-option\"><input type=\"checkbox\" value=\"teils\/teils\" id=\"form-field-field_80bae3c-1\" name=\"form_fields[field_80bae3c][]\"> <label for=\"form-field-field_80bae3c-1\">teils\/teils<\/label><\/span><span class=\"elementor-field-option\"><input type=\"checkbox\" value=\"eher nicht so\" id=\"form-field-field_80bae3c-2\" name=\"form_fields[field_80bae3c][]\"> <label for=\"form-field-field_80bae3c-2\">eher nicht so<\/label><\/span><span class=\"elementor-field-option\"><input type=\"checkbox\" value=\"\u00fcberhaupt nicht\" id=\"form-field-field_80bae3c-3\" name=\"form_fields[field_80bae3c][]\"> <label for=\"form-field-field_80bae3c-3\">\u00fcberhaupt nicht<\/label><\/span><\/div>\t\t\t\t<\/div>\n\t\t\t\t\t\t\t\t<div class=\"elementor-field-type-text elementor-field-group elementor-column elementor-field-group-field_205b04d elementor-col-40\">\n\t\t\t\t\t\t\t\t\t\t\t\t<label for=\"form-field-field_205b04d\" class=\"elementor-field-label\">\n\t\t\t\t\t\t\t\tAnmerkung:\t\t\t\t\t\t\t<\/label>\n\t\t\t\t\t\t\t\t\t\t\t\t\t\t<input size=\"1\" type=\"text\" name=\"form_fields[field_205b04d]\" id=\"form-field-field_205b04d\" class=\"elementor-field elementor-size-sm  elementor-field-textual\">\n\t\t\t\t\t\t\t\t\t\t\t<\/div>\n\t\t\t\t\t\t\t\t<div class=\"elementor-field-type-checkbox elementor-field-group elementor-column elementor-field-group-field_80ca504 elementor-col-60\">\n\t\t\t\t\t\t\t\t\t\t\t\t<label for=\"form-field-field_80ca504\" class=\"elementor-field-label\">\n\t\t\t\t\t\t\t\tW\u00fcrde die Gruppe nochmals an einer solchen oder einer \u00e4hnlichen Veranstaltung teilnehmen?\t\t\t\t\t\t\t<\/label>\n\t\t\t\t\t\t<div class=\"elementor-field-subgroup  elementor-subgroup-inline\"><span class=\"elementor-field-option\"><input type=\"checkbox\" value=\"auf jeden Fall\" id=\"form-field-field_80ca504-0\" name=\"form_fields[field_80ca504][]\"> <label for=\"form-field-field_80ca504-0\">auf jeden Fall<\/label><\/span><span class=\"elementor-field-option\"><input type=\"checkbox\" value=\"mal sehen\" id=\"form-field-field_80ca504-1\" name=\"form_fields[field_80ca504][]\"> <label for=\"form-field-field_80ca504-1\">mal sehen<\/label><\/span><span class=\"elementor-field-option\"><input type=\"checkbox\" value=\"eher nicht\" id=\"form-field-field_80ca504-2\" name=\"form_fields[field_80ca504][]\"> <label for=\"form-field-field_80ca504-2\">eher nicht<\/label><\/span><\/div>\t\t\t\t<\/div>\n\t\t\t\t\t\t\t\t<div class=\"elementor-field-type-text elementor-field-group elementor-column elementor-field-group-field_fa8e473 elementor-col-40\">\n\t\t\t\t\t\t\t\t\t\t\t\t<label for=\"form-field-field_fa8e473\" class=\"elementor-field-label\">\n\t\t\t\t\t\t\t\tAnmerkung:\t\t\t\t\t\t\t<\/label>\n\t\t\t\t\t\t\t\t\t\t\t\t\t\t<input size=\"1\" type=\"text\" name=\"form_fields[field_fa8e473]\" id=\"form-field-field_fa8e473\" class=\"elementor-field elementor-size-sm  elementor-field-textual\">\n\t\t\t\t\t\t\t\t\t\t\t<\/div>\n\t\t\t\t\t\t\t\t<div class=\"elementor-field-type-checkbox elementor-field-group elementor-column elementor-field-group-field_5571985 elementor-col-60\">\n\t\t\t\t\t\t\t\t\t\t\t\t<label for=\"form-field-field_5571985\" class=\"elementor-field-label\">\n\t\t\t\t\t\t\t\tWie zufrieden waren Sie insgesamt mit der Veranstaltung? \t\t\t\t\t\t\t<\/label>\n\t\t\t\t\t\t<div class=\"elementor-field-subgroup  elementor-subgroup-inline\"><span class=\"elementor-field-option\"><input type=\"checkbox\" value=\"sehr zufrieden\" id=\"form-field-field_5571985-0\" name=\"form_fields[field_5571985][]\"> <label for=\"form-field-field_5571985-0\">sehr zufrieden<\/label><\/span><span class=\"elementor-field-option\"><input type=\"checkbox\" value=\"zufrieden\" id=\"form-field-field_5571985-1\" name=\"form_fields[field_5571985][]\"> <label for=\"form-field-field_5571985-1\">zufrieden<\/label><\/span><span class=\"elementor-field-option\"><input type=\"checkbox\" value=\"teils\/teils\/\" id=\"form-field-field_5571985-2\" name=\"form_fields[field_5571985][]\"> <label for=\"form-field-field_5571985-2\">teils\/teils\/<\/label><\/span><span class=\"elementor-field-option\"><input type=\"checkbox\" value=\"weniger zufrieden\" id=\"form-field-field_5571985-3\" name=\"form_fields[field_5571985][]\"> <label for=\"form-field-field_5571985-3\">weniger zufrieden<\/label><\/span><span class=\"elementor-field-option\"><input type=\"checkbox\" value=\"nicht zufrieden\" id=\"form-field-field_5571985-4\" name=\"form_fields[field_5571985][]\"> <label for=\"form-field-field_5571985-4\">nicht zufrieden<\/label><\/span><\/div>\t\t\t\t<\/div>\n\t\t\t\t\t\t\t\t<div class=\"elementor-field-type-text elementor-field-group elementor-column elementor-field-group-field_f642fc9 elementor-col-40\">\n\t\t\t\t\t\t\t\t\t\t\t\t<label for=\"form-field-field_f642fc9\" class=\"elementor-field-label\">\n\t\t\t\t\t\t\t\tAnmerkung: \t\t\t\t\t\t\t<\/label>\n\t\t\t\t\t\t\t\t\t\t\t\t\t\t<input size=\"1\" type=\"text\" name=\"form_fields[field_f642fc9]\" id=\"form-field-field_f642fc9\" class=\"elementor-field elementor-size-sm  elementor-field-textual\">\n\t\t\t\t\t\t\t\t\t\t\t<\/div>\n\t\t\t\t\t\t\t\t<div class=\"elementor-field-type-text elementor-field-group elementor-column elementor-field-group-field_718ad37 elementor-col-100\">\n\t\t\t\t\t\t\t\t\t\t\t\t<label for=\"form-field-field_718ad37\" class=\"elementor-field-label\">\n\t\t\t\t\t\t\t\tIdeen, W\u00fcnsche, Tipps (Was gefiel Ihnen besonders gut? Was darf wegfallen? Was wurde vermisst?)\t\t\t\t\t\t\t<\/label>\n\t\t\t\t\t\t\t\t\t\t\t\t\t\t<input size=\"1\" type=\"text\" name=\"form_fields[field_718ad37]\" id=\"form-field-field_718ad37\" class=\"elementor-field elementor-size-sm  elementor-field-textual\">\n\t\t\t\t\t\t\t\t\t\t\t<\/div>\n\t\t\t\t\t\t\t\t<div class=\"elementor-field-type-checkbox elementor-field-group elementor-column elementor-field-group-field_48882f5 elementor-col-100\">\n\t\t\t\t\t\t\t\t\t\t\t\t<label for=\"form-field-field_48882f5\" class=\"elementor-field-label\">\n\t\t\t\t\t\t\t\tW\u00fcrden Sie uns weiterempfehlen?\t\t\t\t\t\t\t<\/label>\n\t\t\t\t\t\t<div class=\"elementor-field-subgroup  elementor-subgroup-inline\"><span class=\"elementor-field-option\"><input type=\"checkbox\" value=\"ja\" id=\"form-field-field_48882f5-0\" name=\"form_fields[field_48882f5][]\"> <label for=\"form-field-field_48882f5-0\">ja<\/label><\/span><span class=\"elementor-field-option\"><input type=\"checkbox\" value=\"nein\" id=\"form-field-field_48882f5-1\" name=\"form_fields[field_48882f5][]\"> <label for=\"form-field-field_48882f5-1\">nein<\/label><\/span><\/div>\t\t\t\t<\/div>\n\t\t\t\t\t\t\t\t<div class=\"elementor-field-group elementor-column elementor-field-type-submit elementor-col-100 e-form__buttons\">\n\t\t\t\t\t<button class=\"elementor-button elementor-size-sm\" type=\"submit\">\n\t\t\t\t\t\t<span class=\"elementor-button-content-wrapper\">\n\t\t\t\t\t\t\t\t\t\t\t\t\t\t\t\t\t\t\t\t\t\t<span class=\"elementor-button-text\">Bewertung absenden<\/span>\n\t\t\t\t\t\t\t\t\t\t\t\t\t<\/span>\n\t\t\t\t\t<\/button>\n\t\t\t\t<\/div>\n\t\t\t<\/div>\n\t\t<input type=\"hidden\" name=\"trp-form-language\" value=\"da\"\/><\/form>\n\t\t\t\t\t\t<\/div>\n\t\t\t\t<\/div>\n\t\t\t\t<div class=\"elementor-element elementor-element-c49411a elementor-widget elementor-widget-text-editor\" data-id=\"c49411a\" data-element_type=\"widget\" data-widget_type=\"text-editor.default\">\n\t\t\t\t<div class=\"elementor-widget-container\">\n\t\t\t\t\t\t\t\t\t<p>Vielen Dank f\u00fcr Ihre Meinung! <\/p>\t\t\t\t\t\t\t\t<\/div>\n\t\t\t\t<\/div>\n\t\t\t\t\t<\/div>\n\t\t<\/div>\n\t\t\t\t\t<\/div>\n\t\t<\/section>\n\t\t\t\t<\/div>","protected":false},"excerpt":{"rendered":"<p class=\"excerpt\">Bewertungsbogen f\u00fcr Veranstaltungen des Geoparks Braunschweiger Land . Ostfalen Wir sind bestrebt, unser Angebot laufend zu verbessern und bitten Sie daher, den folgenden Fragebogen auszuf\u00fcllen. Uns interessiert Ihre ehrliche Einsch\u00e4tzung zur Veranstaltung und deren Durchf\u00fchrung. Vielen Dank f\u00fcr Ihre Meinung!<\/p>","protected":false},"author":2,"featured_media":0,"parent":0,"menu_order":0,"comment_status":"closed","ping_status":"closed","template":"template-blank.php","meta":{"footnotes":"","_links_to":"","_links_to_target":""},"class_list":["post-6668","page","type-page","status-publish","hentry"],"_links":{"self":[{"href":"https:\/\/geopark-hblo.de\/da\/wp-json\/wp\/v2\/pages\/6668","targetHints":{"allow":["GET"]}}],"collection":[{"href":"https:\/\/geopark-hblo.de\/da\/wp-json\/wp\/v2\/pages"}],"about":[{"href":"https:\/\/geopark-hblo.de\/da\/wp-json\/wp\/v2\/types\/page"}],"author":[{"embeddable":true,"href":"https:\/\/geopark-hblo.de\/da\/wp-json\/wp\/v2\/users\/2"}],"replies":[{"embeddable":true,"href":"https:\/\/geopark-hblo.de\/da\/wp-json\/wp\/v2\/comments?post=6668"}],"version-history":[{"count":10,"href":"https:\/\/geopark-hblo.de\/da\/wp-json\/wp\/v2\/pages\/6668\/revisions"}],"predecessor-version":[{"id":22182,"href":"https:\/\/geopark-hblo.de\/da\/wp-json\/wp\/v2\/pages\/6668\/revisions\/22182"}],"wp:attachment":[{"href":"https:\/\/geopark-hblo.de\/da\/wp-json\/wp\/v2\/media?parent=6668"}],"curies":[{"name":"wp","href":"https:\/\/api.w.org\/{rel}","templated":true}]}}