{"id":185,"date":"2020-04-20T03:19:04","date_gmt":"2020-04-20T01:19:04","guid":{"rendered":"http:\/\/geopark-hblo.de\/?page_id=185"},"modified":"2021-08-12T08:18:15","modified_gmt":"2021-08-12T06:18:15","slug":"satzung-des-traegervereins","status":"publish","type":"page","link":"https:\/\/geopark-hblo.de\/da\/om-os\/satzung-des-traegervereins\/","title":{"rendered":"Vedt\u00e6gter for den sponsorerende organisation"},"content":{"rendered":"<div data-elementor-type=\"wp-page\" data-elementor-id=\"185\" class=\"elementor elementor-185\" data-elementor-post-type=\"page\">\n\t\t\t\t\t\t<section class=\"elementor-section elementor-top-section elementor-element elementor-element-438529e4 elementor-section-boxed elementor-section-height-default elementor-section-height-default\" data-id=\"438529e4\" data-element_type=\"section\" data-settings=\"{&quot;background_background&quot;:&quot;classic&quot;}\">\n\t\t\t\t\t\t<div class=\"elementor-container elementor-column-gap-default\">\n\t\t\t\t\t<div class=\"elementor-column elementor-col-100 elementor-top-column elementor-element elementor-element-2bb688d7\" data-id=\"2bb688d7\" data-element_type=\"column\">\n\t\t\t<div class=\"elementor-widget-wrap elementor-element-populated\">\n\t\t\t\t\t\t<section class=\"elementor-section elementor-inner-section elementor-element elementor-element-6a63cb3b elementor-section-boxed elementor-section-height-default elementor-section-height-default\" data-id=\"6a63cb3b\" data-element_type=\"section\">\n\t\t\t\t\t\t<div class=\"elementor-container elementor-column-gap-default\">\n\t\t\t\t\t<div class=\"elementor-column elementor-col-50 elementor-inner-column elementor-element elementor-element-18239193\" data-id=\"18239193\" data-element_type=\"column\">\n\t\t\t<div class=\"elementor-widget-wrap elementor-element-populated\">\n\t\t\t\t\t\t<div class=\"elementor-element elementor-element-7c5e10fd elementor-widget elementor-widget-heading\" data-id=\"7c5e10fd\" data-element_type=\"widget\" data-widget_type=\"heading.default\">\n\t\t\t\t<div class=\"elementor-widget-container\">\n\t\t\t\t\t<h1 class=\"elementor-heading-title elementor-size-default\">Vedt\u00e6gter for den sponsorerende organisation<\/h1>\t\t\t\t<\/div>\n\t\t\t\t<\/div>\n\t\t\t\t<div class=\"elementor-element elementor-element-6bfeec2b elementor-widget-divider--view-line elementor-widget elementor-widget-divider\" data-id=\"6bfeec2b\" data-element_type=\"widget\" data-widget_type=\"divider.default\">\n\t\t\t\t<div class=\"elementor-widget-container\">\n\t\t\t\t\t\t\t<div class=\"elementor-divider\">\n\t\t\t<span class=\"elementor-divider-separator\">\n\t\t\t\t\t\t<\/span>\n\t\t<\/div>\n\t\t\t\t\t\t<\/div>\n\t\t\t\t<\/div>\n\t\t\t\t<div class=\"elementor-element elementor-element-011ea77 elementor-hidden-desktop elementor-widget elementor-widget-shortcode\" data-id=\"011ea77\" data-element_type=\"widget\" data-widget_type=\"shortcode.default\">\n\t\t\t\t<div class=\"elementor-widget-container\">\n\t\t\t\t\t\t\t<div class=\"elementor-shortcode\"><nav id=\"bellows-mobile-4\" class=\"bellows bellows-nojs bellows-mobile bellows-source-menu bellows-align-full bellows-skin-vanilla\"><ul id=\"menu-ueber-uns_sidebarmenu\" class=\"bellows-nav\" data-bellows-config=\"mobile\"><li id=\"menu-item-219\" class=\"bellows-menu-item bellows-menu-item-type-post_type bellows-menu-item-object-page bellows-menu-item-219 bellows-item-level-0\"><a  href=\"https:\/\/geopark-hblo.de\/da\/om-os\/hvad-er-en-geopark\/\" class=\"bellows-target\"><span class=\"bellows-target-title bellows-target-text\">Hvad er en geopark?<\/span><\/a><\/li>\n<li id=\"menu-item-218\" class=\"bellows-menu-item bellows-menu-item-type-post_type bellows-menu-item-object-page bellows-menu-item-218 bellows-item-level-0\"><a  href=\"https:\/\/geopark-hblo.de\/da\/om-os\/udvikling-af-geopark\/\" class=\"bellows-target\"><span class=\"bellows-target-title bellows-target-text\">Udvikling af geopark<\/span><\/a><\/li>\n<li id=\"menu-item-216\" class=\"bellows-menu-item bellows-menu-item-type-post_type bellows-menu-item-object-page bellows-menu-item-216 bellows-item-level-0\"><a  href=\"https:\/\/geopark-hblo.de\/da\/om-os\/satzung-des-traegervereins\/\" class=\"bellows-target\"><span class=\"bellows-target-title bellows-target-text\">Vedt\u00e6gter for den sponsorerende organisation<\/span><\/a><\/li>\n<li id=\"menu-item-215\" class=\"bellows-menu-item bellows-menu-item-type-post_type bellows-menu-item-object-page bellows-menu-item-215 bellows-item-level-0\"><a  href=\"https:\/\/geopark-hblo.de\/da\/om-os\/beitragsordnung\/\" class=\"bellows-target\"><span class=\"bellows-target-title bellows-target-text\">Regler for bidrag<\/span><\/a><\/li>\n<li id=\"menu-item-214\" class=\"bellows-menu-item bellows-menu-item-type-post_type bellows-menu-item-object-page bellows-menu-item-214 bellows-item-level-0\"><a  href=\"https:\/\/geopark-hblo.de\/da\/om-os\/team\/\" class=\"bellows-target\"><span class=\"bellows-target-title bellows-target-text\">Team p\u00e5 kontoret<\/span><\/a><\/li>\n<li id=\"menu-item-8791\" class=\"bellows-menu-item bellows-menu-item-type-post_type bellows-menu-item-object-page bellows-menu-item-8791 bellows-item-level-0\"><a  href=\"https:\/\/geopark-hblo.de\/da\/elementor-8783\/\" class=\"bellows-target\"><span class=\"bellows-target-title bellows-target-text\">Team Geoguides<\/span><\/a><\/li>\n<li id=\"menu-item-23799\" class=\"bellows-menu-item bellows-menu-item-type-post_type bellows-menu-item-object-page bellows-menu-item-23799 bellows-item-level-0\"><a  href=\"https:\/\/geopark-hblo.de\/da\/geopark-forum\/\" class=\"bellows-target\"><span class=\"bellows-target-title bellows-target-text\">Geopark-forum<\/span><\/a><\/li>\n<\/ul><\/nav>\n<\/div>\n\t\t\t\t\t\t<\/div>\n\t\t\t\t<\/div>\n\t\t\t\t<div class=\"elementor-element elementor-element-5aa2d446 elementor-widget elementor-widget-text-editor\" data-id=\"5aa2d446\" data-element_type=\"widget\" data-widget_type=\"text-editor.default\">\n\t\t\t\t<div class=\"elementor-widget-container\">\n\t\t\t\t\t\t\t\t\t<p><strong>\u00a71<\/strong><\/p><p><strong>Name und Sitz<\/strong><\/p><p>(1) Der Verein f\u00fchrt den Namen:<\/p><p><strong><em>\u201eGeopark-Tr\u00e4gerverein Braunschweiger Land &#8211; Ostfalen e. V.\u201c.<\/em><\/strong><\/p><p>Eine Gebietskarte des Geoparks ist als Anlage 1 beigef\u00fcgt.<\/p><p>(2) Sitz des Vereins ist K\u00f6nigslutter am Elm.<\/p><p><strong>\u00a0<\/strong><\/p><p><strong>\u00a72<\/strong><\/p><p><strong>Zweck<\/strong><\/p><p>(1) Der Verein hat die Geopark-Tr\u00e4gerschaft im Teilgebiet Braunschweiger Land &#8211; Ostfalen inne und ist damit Teil des gesamten Geoparks Harz . Braunschweiger Land . Ostfalen, welcher gem\u00e4\u00df den Richtlinien des Globalen Geopark Netzwerkes in Kooperation mit der UNESCO sowie des Nationalen Geopark Netzwerkes in Deutschland gef\u00fchrt wird. Der Verein sorgt f\u00fcr den dauerhaften Erhalt und die Pflege der Geopark-Einrichtungen in seinem Bereich.<\/p><p>(2) Der Verein verfolgt ausschlie\u00dflich und unmittelbar gemeinn\u00fctzige Zwecke im Sinne des Abschnitts \u201eSteuerbeg\u00fcnstigte Zwecke\u201c der Abgabenordnung, insbesondere:<\/p><ul><li>die F\u00f6rderung von Wissenschaft und Forschung;<\/li><li>die F\u00f6rderung des Denkmalschutzes und der Denkmalpflege;<\/li><li>die F\u00f6rderung der Erziehung, Volks- und Berufsbildung einschlie\u00dflich der Studentenhilfe;<\/li><li>die F\u00f6rderung des Naturschutzes und der Landschaftspflege im Sinne des Bundesnaturschutzgesetzes und der Naturschutzgesetze der L\u00e4nder;<\/li><li>die F\u00f6rderung internationaler Gesinnung, der Toleranz auf allen Gebieten der Kultur und des V\u00f6lkerverst\u00e4ndigungsgedankens;<\/li><li>die F\u00f6rderung der Entwicklungszusammenarbeit;<\/li><li>die F\u00f6rderung der Heimatpflege und Heimatkunde.<\/li><\/ul><p>(3) Der Satzungszweck wird verwirklicht insbesondere durch:<\/p><ul><li>Unterhaltung einer Gesch\u00e4ftsstelle des Geoparks, in der die weiteren Satzungszwecke koordiniert und bearbeitet werden. Beispielsweise werden in der Gesch\u00e4ftsstelle Informationsmaterialien herausgegeben.<\/li><li>Koordinierung der Aktivit\u00e4ten verschiedener Akteure zur Unterhaltung des Geoparks im Teilgebiet Braunschweiger Land &#8211; Ostfalen,<\/li><li>F\u00f6rderung des Naturparks Elm-Lappwald<\/li><li>Kooperation in den nationalen und internationalen Geopark-Netzwerken,<\/li><li>Durchf\u00fchrung von Informationsveranstaltungen,<\/li><li>Herausgabe von Informationsmaterialien,<\/li><li>F\u00f6rderung der Umweltbildung,<\/li><li>F\u00f6rderung der wissenschaftlichen Forschung<\/li><li>F\u00f6rderung nachhaltiger touristischer Aktivit\u00e4ten im Geoparkgebiet<\/li><li>F\u00f6rderung des Ehrenamtes.<\/li><\/ul><p>(4) Der Verein arbeitet mit den staatlichen und kommunalen Beh\u00f6rden und Stellen zusammen. Die den Mitgliedern in ihrer Eigenschaft als Gebietsk\u00f6rperschaften obliegenden Aufgaben und Zust\u00e4ndigkeiten bleiben unber\u00fchrt.<\/p><p><strong>\u00a0<\/strong><\/p><p><strong>\u00a73<\/strong><\/p><p><strong>Gemeinn\u00fctzigkeit<\/strong><\/p><p>(1) Der Verein ist selbstlos t\u00e4tig; er verfolgt nicht in erster Linie eigenwirtschaftliche Zwecke.<\/p><p>(2) Mittel des Vereins d\u00fcrfen nur f\u00fcr die satzungsm\u00e4\u00dfigen Zwecke verwendet werden. Die Mitglieder erhalten keine Zuwendungen aus Mitteln des Vereins.<\/p><p>(3) Es darf keine Person durch Ausgaben, die dem Zweck des Vereins fremd sind, oder durch unverh\u00e4ltnism\u00e4\u00dfig hohe Verg\u00fctung beg\u00fcnstigt werden.<\/p><p>(4) Bei Aufl\u00f6sung des Vereins oder bei Wegfall steuerbeg\u00fcnstigter Zwecke f\u00e4llt das Verm\u00f6gen des Vereins an die Stiftung Braunschweigischer Kulturbesitz (SBK), die es unmittelbar und ausschlie\u00dflich f\u00fcr gemeinn\u00fctzige Zwecke zu verwenden hat.<\/p><p><strong>\u00a74<\/strong><\/p><p><strong>Gesch\u00e4ftsjahr<\/strong><\/p><p>Das Gesch\u00e4ftsjahr ist das Kalenderjahr.<\/p><p><strong>\u00a0<\/strong><\/p><p><strong>\u00a75<\/strong><\/p><p><strong>Mitgliedschaft<\/strong><\/p><ul><li>Der Verein besteht aus ordentlichen Mitgliedern, aus kooperativen Mitgliedern und aus F\u00f6rdermitgliedern.<\/li><li>Die Stadt K\u00f6nigslutter am Elm und der Verein Freilicht- und Erlebnismuseum Ostfalen e.V. (FEMO e.V.) erhalten den Status eines ordentlichen Mitglieds.<\/li><li>Ordentliche Mitglieder des Vereins au\u00dfer den in \u00a7 5 Abs. 2 aufgef\u00fchrten k\u00f6nnen Landkreise, St\u00e4dte und Gemeinden aus den L\u00e4ndern Niedersachsen und Sachsen-Anhalt sein, die ganz oder teilweise in der Geopark-Region liegen.<\/li><li>Kooperative Mitglieder k\u00f6nnen juristische Personen, wie z.B. \u00f6ffentliche Einrichtungen (insbesondere Museen), Vereine und Stiftungen sowie nat\u00fcrliche Personen sein, die Infrastruktur des Geoparks (Informationszentren, Geopfade, Geopunkte) vorhalten und\/oder ma\u00dfgeblich betreuen. Ein Stimmrecht steht den kooperativen Mitgliedern nicht zu. Die Teilnahme an s\u00e4mtlichen Veranstaltungen des Vereins sowie an der Mitgliederversammlung ist den kooperativen Mitgliedern gleichwohl er\u00f6ffnet.<\/li><li>F\u00f6rdermitglieder k\u00f6nnen nat\u00fcrliche und juristische Personen sein. Als F\u00f6rdermitglieder beteiligen sie sich nicht direkt am Vereinsleben, sie unterst\u00fctzen den Verein jedoch finanziell bei seiner Zielverfolgung. Ein Stimmrecht steht den F\u00f6rdermitgliedern nicht zu. Die Teilnahme an s\u00e4mtlichen Veranstaltungen des Vereins sowie an der Mitgliederversammlung ist den F\u00f6rdermitgliedern gleichwohl er\u00f6ffnet.<\/li><li>Die Mitgliedschaft ist schriftlich beim Vorstand des Vereins zu beantragen. \u00dcber den Aufnahmeantrag entscheidet der Vorstand mit einfacher Mehrheit. Mit der Bekanntgabe der Aufnahmeentscheidung wird die Vereinsmitgliedschaft begr\u00fcndet. Mit der Aufnahme ist die Verpflichtung verbunden, f\u00e4llige Mitgliedsbeitr\u00e4ge zu begleichen. Ein Aufnahme-Anspruch besteht nicht. Die Gr\u00fcnde der Ablehnung eines Aufnahmeantrags m\u00fcssen dem\/der Antragsteller\/in nicht mitgeteilt werden.<\/li><li>Die Beendigung der Mitgliedschaft ist gegen\u00fcber dem Vorstand bis zum 31.12. des laufenden Jahres schriftlich zu erkl\u00e4ren. Die Mitgliedschaft endet damit zum 31.12. des darauffolgenden Jahres. Eine Auseinandersetzung findet nicht statt.<\/li><li>\u00dcber einen Vereinsausschluss entscheidet der Vorstand.<\/li><\/ul><p>Ein Vereinsausschluss ist zul\u00e4ssig, wenn ein Vereinsmitglied mit der Zahlung seines Mitgliedsbeitrages mehr als ein Jahr im R\u00fcckstand ist.<\/p><p><strong>\u00a76<\/strong><\/p><p><strong>Beitr\u00e4ge<\/strong><\/p><ul><li>Beitr\u00e4ge f\u00fcr die Mitglieder werden entsprechend der jeweils g\u00fcltigen Beitragsordnung erhoben.<\/li><li>Die Beitr\u00e4ge der ordentlichen Mitglieder, die am 01.01.2015 Vertragspartner\/innen des Geopark-Vertrages mit dem Freilicht- und Erlebnismuseum Ostfalen e. V. waren, ergeben sich aus den Rechtsverpflichtungen eben dieses Vertrages.<\/li><\/ul><p><strong>\u00a77<\/strong><\/p><p><strong>Organe, Vereins\u00e4mter<\/strong><\/p><p>(1) Organe des Vereins sind:<\/p><ul><li>die Mitgliederversammlung,<\/li><li>der Vorstand<\/li><li>Es kann ein\/e Gesch\u00e4ftsf\u00fchrer\/in als besondere\/r Vertreter\/in nach \u00a7 30 BGB bestellt werden.<\/li><\/ul><p><strong>\u00a0<\/strong><\/p><p><strong>\u00a78<\/strong><\/p><p><strong>Mitgliederversammlung<\/strong><\/p><ul><li>Die ordentlichen Mitglieder werden auf der Mitgliederversammlung von je einer Person vertreten. Je 1000 \u20ac Mitgliedsbeitrag erhalten ordentliche Mitglieder eine Stimme. Der Stimmenanteil eines einzelnen Mitglieds betr\u00e4gt aber maximal 40 %.<\/li><li>Die Stadt K\u00f6nigslutter am Elm und der Verein Freilicht- und Erlebnismuseum Ostfalen e.V. erhalten jeweils eine Stimme.<\/li><li>Mindestens einmal j\u00e4hrlich findet eine ordentliche Mitgliederversammlung statt. Sie ist ferner unverz\u00fcglich einzuberufen, wenn mindestens ein Drittel der ordentlichen Mitglieder dies schriftlich unter Angabe der Gr\u00fcnde beim Vorstand beantragt oder es das Interesse des Vereins erfordert (au\u00dferordentliche Mitgliederversammlung).<\/li><li>Die Mitgliederversammlung ist von der\/dem Vorsitzenden oder der\/dem stellvertretenden Vorsitzenden schriftlich unter Einhaltung einer Ladungsfrist von zwei Wochen mit Bekanntgabe der Tagesordnung einzuberufen. Die Frist beginnt mit Absendung der Einladung. Die Leitung der Mitgliederversammlung obliegt der\/dem Vorsitzenden, im Fall ihrer\/seiner Verhinderung der\/dem stellvertretenden Vorsitzenden.<\/li><li>Beschlussf\u00e4hig ist jede ordnungsgem\u00e4\u00df einberufene Mitgliederversammlung. Die Mitgliederversammlung entscheidet mit einfacher Stimmenmehrheit der anwesenden ordentlichen Mitglieder. Mindestens 1\/3 aller Stimmanteile m\u00fcssen vertreten sein. Satzungs\u00e4nderungen bed\u00fcrfen einer Drei-Viertel-Mehrheit der erschienenen ordentlichen Mitglieder. Der Mehrheitsbeschluss ist f\u00fcr alle Mitglieder des Vereins bindend.<\/li><li>\u00dcber die Mitgliederversammlung ist ein Protokoll zu fertigen, das von dem\/der Leiter\/in der Mitgliederversammlung und von der\/dem Protokollf\u00fchrer\/in zu unterzeichnen ist. Beschl\u00fcsse sind unter der Angabe des Ortes und der Zeit der Mitgliederversammlung sowie des Abstimmungsergebnisses in dem Protokoll zu dokumentieren.<\/li><li>Die Beschlussfassung erfolgt durch Handzeichen. Auf Antrag erfolgt geheime Abstimmung.<\/li><\/ul><p><strong>\u00a0<\/strong><\/p><p><strong>\u00a79<\/strong><\/p><p><strong>Aufgaben der Mitgliederversammlung<\/strong><\/p><p>Die Mitgliederversammlung hat folgende Aufgaben:<\/p><ul><li>Wahl und Abwahl des Vorstandes,<\/li><li>Entgegennahme Rechnungsergebnis, Kassenbericht, Jahresabschluss und Bericht \u00fcber die Rechnungspr\u00fcfung sowie Beschlussfassung \u00fcber die Entlastung des Vorstandes und des Gesch\u00e4ftsf\u00fchrers,<\/li><li>Wahl eines ordentlichen Mitglieds f\u00fcr das Pr\u00fcfungsamt des Jahresabschlusses sowie Beschlussfassung \u00fcber die Dauer dieses Pr\u00fcfungsamtes,<\/li><li>Beschlussfassung \u00fcber Satzungs\u00e4nderungen,<\/li><li>Beschlussfassung \u00fcber Haushalts-, Wirtschafts- und Stellenplan des Gesch\u00e4ftsjahres,<\/li><li>Beschlussfassung \u00fcber die Beitragsordnung,<\/li><li>Beschlussfassung \u00fcber die Aufl\u00f6sung des Vereins.<\/li><\/ul><p><strong>\u00a0<\/strong><\/p><p><strong>\u00a710<\/strong><\/p><p><strong>Vorstand<\/strong><\/p><p>(1) Der Vorstand besteht aus der\/dem Vorsitzenden und seinem\/seiner bzw. ihrem\/ihrer Stellvertreter\/-in und bis zu 9 Beisitzern\/Beisitzerinnen und bis zu je 2 nicht stimmberechtigte Beisitzer\/-innen aus der Gruppe der kooperativen Mitglieder und der F\u00f6rdermitglieder. Hinzu kommen 2 Vertreter aus dem st\u00e4ndigen kommunalen Ausschuss. Der Vorstand wird vom Tage der Wahl an f\u00fcr die Dauer von f\u00fcnf Jahren gew\u00e4hlt. Er bleibt jedoch bis zur Neuwahl des Vorstandes im Amt.<\/p><p>(2) Der\/die Vorsitzende und sein(e)\/ihr(e) Stellvertreter\/-in vertreten den Verein gerichtlich und au\u00dfergerichtlich im Sinne des \u00a7 26 BGB. Beide sind allein vertretungsberechtigt.<\/p><p>(3) Der Vorstand bereitet die Beschl\u00fcsse der Mitgliederversammlung vor und f\u00fchrt sie aus. Der Vorstand erstattet der Mitgliederversammlung j\u00e4hrlich Bericht \u00fcber die T\u00e4tigkeit des Vereins im abgelaufenen Gesch\u00e4ftsjahr.<\/p><p>(4) Der Vorstand entscheidet mit der Mehrheit der erschienenen stimmberechtigten Mitglieder. Bei Stimmengleichheit entscheidet die Stimme des\/der Vorsitzenden.<\/p><p>(5) Der Vorstand<\/p><ul><li>gibt sich eine Gesch\u00e4ftsordnung und<\/li><li>kann Arbeitsaussch\u00fcsse einsetzen.<\/li><\/ul><p>(6) Der Vorstand entscheidet in den Angelegenheiten, die nicht der Beschlussfassung der Mitgliederversammlung vorbehalten sind.<\/p><p><strong>\u00a0<\/strong><\/p><p><strong>\u00a711<\/strong><\/p><p><strong>Gesch\u00e4ftsf\u00fchrung<\/strong><\/p><ul><li>Die Gesch\u00e4ftsf\u00fchrung obliegt dem\/der Vorsitzenden.<\/li><li>Falls ein\/e Gesch\u00e4ftsf\u00fchrer\/in nach \u00a7 7 bestellt wurde, leitet diese\/r die Gesch\u00e4ftsstelle nach Ma\u00dfgaben des Vorstandes. Der\/die Gesch\u00e4ftsf\u00fchrer\/in ist insbesondere zust\u00e4ndig f\u00fcr:<\/li><li>die Vorbereitung der Mitgliederversammlung, der Vorstandssitzungen und der Sitzungen der Aussch\u00fcsse,<\/li><li>die Ausf\u00fchrung der Beschl\u00fcsse der Mitgliederversammlung und des Vorstandes<\/li><li>die laufenden Gesch\u00e4fte sowie die Kassengesch\u00e4fte sowie<\/li><li>die ihm\/ihr weiter vom Vorstand \u00fcbertragenen Aufgaben.<\/li><\/ul><p>(3) Der Vorstand kann f\u00fcr die Gesch\u00e4ftsf\u00fchrung eine Gesch\u00e4ftsordnung beschlie\u00dfen.<\/p><p><strong>\u00a712<\/strong><\/p><p><strong>Pr\u00fcfung des Jahresabschlusses<\/strong><\/p><ul><li>Der Jahresabschluss wird durch das Pr\u00fcfungsamt eines ordentlichen Mitgliedes gepr\u00fcft.<\/li><\/ul><p><strong>\u00a713<\/strong><\/p><p><strong>Arbeitsaussch\u00fcsse<\/strong><\/p><p>(1) Es ist ein st\u00e4ndiger kommunaler Ausschuss zu bilden.<\/p><p>(2) Weitere Aussch\u00fcsse k\u00f6nnen als st\u00e4ndige oder zeitweise Aussch\u00fcsse eingerichtet werden.<\/p><p>(3) Der Vorstand kann f\u00fcr die Aussch\u00fcsse eine Gesch\u00e4ftsordnung beschlie\u00dfen.<\/p><p>(4) Die Entscheidung \u00fcber die \u00d6ffentlichkeitsarbeit eines Ausschusses obliegt dem Vorstand.<\/p><p>(5) Ausschussmitglieder und die\/der Ausschussvorsitzende werden vom Vorstand berufen oder abberufen.<\/p><p>(6) Der Vorstand kann auch au\u00dferhalb des Vereins stehende Fachleute f\u00fcr die Ausschussarbeit heranziehen.<\/p><p><strong>\u00a0<\/strong><\/p><p><strong>\u00a714<\/strong><\/p><p><strong>Gesch\u00e4ftsstelle<\/strong><\/p><p>Zur Erledigung der Aufgaben des Vereins wird eine Gesch\u00e4ftsstelle betrieben. Sitz der Gesch\u00e4ftsstelle ist K\u00f6nigslutter am Elm. Erf\u00fcllungsort und Gerichtsstand f\u00fcr alle Anspr\u00fcche zwischen dem Verein und seinen Mitgliedern ist der Sitz des Vereins.<\/p><p><strong>\u00a0<\/strong><\/p><p><strong>\u00a715<\/strong><\/p><p><strong>Wahrnehmung von Aufgaben im Verein<\/strong><\/p><p>Die Mitglieder der Mitgliederversammlung, der Vorstand sowie die Mitglieder in den Aussch\u00fcssen, die ihre Aufgabe im Verein aufgrund ihres kommunalen Mandats bzw. Amtes wahrnehmen, f\u00fchren die ihnen obliegenden Aufgaben, auch soweit in \u00a7 10 Abs. 1 ein anderer Zeitraum festgesetzt ist, nur solange aus, wie sie Mandatstr\u00e4ger\/in sind bzw. in ihrem kommunalen Amt stehen.<\/p><p><strong>\u00a716<\/strong><\/p><p><strong>Aufl\u00f6sung<\/strong><\/p><ul><li>Der Beschluss der Mitgliederversammlung \u00fcber die Aufl\u00f6sung des Vereins bedarf einer Drei-Viertel-Mehrheit der Mitglieder.<\/li><li>Das Vereinsverm\u00f6gen f\u00e4llt bei Aufl\u00f6sung des Vereins oder bei Wegfall steuerbeg\u00fcnstigter Zwecke an die Stiftung Braunschweigischer Kulturbesitz (SBK), die es unmittelbar und ausschlie\u00dflich f\u00fcr gemeinn\u00fctzige Zwecke zu verwenden hat.<\/li><li>\u00a0<\/li><\/ul><p>Stand der Satzung: 30.01.2020<\/p>\t\t\t\t\t\t\t\t<\/div>\n\t\t\t\t<\/div>\n\t\t\t\t<div class=\"elementor-element elementor-element-de14f1f elementor-widget elementor-widget-image\" data-id=\"de14f1f\" data-element_type=\"widget\" data-widget_type=\"image.default\">\n\t\t\t\t<div class=\"elementor-widget-container\">\n\t\t\t\t\t\t\t\t\t\t\t\t\t\t\t<img fetchpriority=\"high\" decoding=\"async\" width=\"300\" height=\"256\" src=\"https:\/\/geopark-hblo.de\/wp-content\/uploads\/2020\/04\/\u00dcbersichtskarte-Geopark-Gebiet-300x256-1.jpg\" class=\"attachment-large size-large wp-image-202\" alt=\"\" \/>\t\t\t\t\t\t\t\t\t\t\t\t\t\t\t<\/div>\n\t\t\t\t<\/div>\n\t\t\t\t\t<\/div>\n\t\t<\/div>\n\t\t\t\t<div class=\"elementor-column elementor-col-50 elementor-inner-column elementor-element elementor-element-149e226e\" data-id=\"149e226e\" data-element_type=\"column\">\n\t\t\t<div class=\"elementor-widget-wrap elementor-element-populated\">\n\t\t\t\t\t\t<div class=\"elementor-element elementor-element-69305d5 elementor-hidden-tablet elementor-hidden-phone elementor-widget elementor-widget-shortcode\" data-id=\"69305d5\" data-element_type=\"widget\" data-widget_type=\"shortcode.default\">\n\t\t\t\t<div class=\"elementor-widget-container\">\n\t\t\t\t\t\t\t<div class=\"elementor-shortcode\"><nav id=\"bellows-main-4-2\" class=\"bellows bellows-nojs bellows-main bellows-source-menu bellows-align-full bellows-skin-vanilla\"><ul id=\"menu-ueber-uns_sidebarmenu-1\" class=\"bellows-nav\" data-bellows-config=\"main\"><li class=\"bellows-menu-item bellows-menu-item-type-post_type bellows-menu-item-object-page bellows-menu-item-219 bellows-item-level-0\"><a  href=\"https:\/\/geopark-hblo.de\/da\/om-os\/hvad-er-en-geopark\/\" class=\"bellows-target\"><span class=\"bellows-target-title bellows-target-text\">Hvad er en geopark?<\/span><\/a><\/li>\n<li class=\"bellows-menu-item bellows-menu-item-type-post_type bellows-menu-item-object-page bellows-menu-item-218 bellows-item-level-0\"><a  href=\"https:\/\/geopark-hblo.de\/da\/om-os\/udvikling-af-geopark\/\" class=\"bellows-target\"><span class=\"bellows-target-title bellows-target-text\">Udvikling af geopark<\/span><\/a><\/li>\n<li class=\"bellows-menu-item bellows-menu-item-type-post_type bellows-menu-item-object-page bellows-menu-item-216 bellows-item-level-0\"><a  href=\"https:\/\/geopark-hblo.de\/da\/om-os\/satzung-des-traegervereins\/\" class=\"bellows-target\"><span class=\"bellows-target-title bellows-target-text\">Vedt\u00e6gter for den sponsorerende organisation<\/span><\/a><\/li>\n<li class=\"bellows-menu-item bellows-menu-item-type-post_type bellows-menu-item-object-page bellows-menu-item-215 bellows-item-level-0\"><a  href=\"https:\/\/geopark-hblo.de\/da\/om-os\/beitragsordnung\/\" class=\"bellows-target\"><span class=\"bellows-target-title bellows-target-text\">Regler for bidrag<\/span><\/a><\/li>\n<li class=\"bellows-menu-item bellows-menu-item-type-post_type bellows-menu-item-object-page bellows-menu-item-214 bellows-item-level-0\"><a  href=\"https:\/\/geopark-hblo.de\/da\/om-os\/team\/\" class=\"bellows-target\"><span class=\"bellows-target-title bellows-target-text\">Team p\u00e5 kontoret<\/span><\/a><\/li>\n<li class=\"bellows-menu-item bellows-menu-item-type-post_type bellows-menu-item-object-page bellows-menu-item-8791 bellows-item-level-0\"><a  href=\"https:\/\/geopark-hblo.de\/da\/elementor-8783\/\" class=\"bellows-target\"><span class=\"bellows-target-title bellows-target-text\">Team Geoguides<\/span><\/a><\/li>\n<li class=\"bellows-menu-item bellows-menu-item-type-post_type bellows-menu-item-object-page bellows-menu-item-23799 bellows-item-level-0\"><a  href=\"https:\/\/geopark-hblo.de\/da\/geopark-forum\/\" class=\"bellows-target\"><span class=\"bellows-target-title bellows-target-text\">Geopark-forum<\/span><\/a><\/li>\n<\/ul><\/nav>\n<\/div>\n\t\t\t\t\t\t<\/div>\n\t\t\t\t<\/div>\n\t\t\t\t\t<\/div>\n\t\t<\/div>\n\t\t\t\t\t<\/div>\n\t\t<\/section>\n\t\t\t\t\t<\/div>\n\t\t<\/div>\n\t\t\t\t\t<\/div>\n\t\t<\/section>\n\t\t\t\t<\/div>","protected":false},"excerpt":{"rendered":"<p class=\"excerpt\">Satzung des Tr\u00e4gervereins \u00a71 Name und Sitz (1) Der Verein f\u00fchrt den Namen: \u201eGeopark-Tr\u00e4gerverein Braunschweiger Land &#8211; Ostfalen e. V.\u201c. Eine Gebietskarte des Geoparks ist als Anlage 1 beigef\u00fcgt. (2) Sitz des Vereins ist K\u00f6nigslutter am Elm. \u00a0 \u00a72 Zweck (1) Der Verein hat die Geopark-Tr\u00e4gerschaft im Teilgebiet Braunschweiger Land &#8211; Ostfalen inne und ist [&hellip;]<\/p>","protected":false},"author":1,"featured_media":0,"parent":181,"menu_order":4,"comment_status":"closed","ping_status":"closed","template":"template-blank.php","meta":{"footnotes":"","_links_to":"","_links_to_target":""},"class_list":["post-185","page","type-page","status-publish","hentry"],"_links":{"self":[{"href":"https:\/\/geopark-hblo.de\/da\/wp-json\/wp\/v2\/pages\/185","targetHints":{"allow":["GET"]}}],"collection":[{"href":"https:\/\/geopark-hblo.de\/da\/wp-json\/wp\/v2\/pages"}],"about":[{"href":"https:\/\/geopark-hblo.de\/da\/wp-json\/wp\/v2\/types\/page"}],"author":[{"embeddable":true,"href":"https:\/\/geopark-hblo.de\/da\/wp-json\/wp\/v2\/users\/1"}],"replies":[{"embeddable":true,"href":"https:\/\/geopark-hblo.de\/da\/wp-json\/wp\/v2\/comments?post=185"}],"version-history":[{"count":9,"href":"https:\/\/geopark-hblo.de\/da\/wp-json\/wp\/v2\/pages\/185\/revisions"}],"predecessor-version":[{"id":18526,"href":"https:\/\/geopark-hblo.de\/da\/wp-json\/wp\/v2\/pages\/185\/revisions\/18526"}],"up":[{"embeddable":true,"href":"https:\/\/geopark-hblo.de\/da\/wp-json\/wp\/v2\/pages\/181"}],"wp:attachment":[{"href":"https:\/\/geopark-hblo.de\/da\/wp-json\/wp\/v2\/media?parent=185"}],"curies":[{"name":"wp","href":"https:\/\/api.w.org\/{rel}","templated":true}]}}